{"id":33543,"date":"2023-12-21T18:44:16","date_gmt":"2023-12-21T18:44:16","guid":{"rendered":"https:\/\/e.kosmolat.eu\/product\/matejosas-salvetes-mat-fix-4496\/"},"modified":"2026-04-21T07:00:49","modified_gmt":"2026-04-21T07:00:49","slug":"mat-fix-matejosas-sejas-salvetes-50-gab-4496","status":"publish","type":"product","link":"https:\/\/e.kosmolat.eu\/lv\/product\/mat-fix-matejosas-sejas-salvetes-50-gab-4496\/","title":{"rendered":"Mat-Fix Mat\u0113jo\u0161\u0101s sejas salvetes, 50 gab, 4496"},"content":{"rendered":"<p>Pateicoties unik\u0101lajai strukt\u016brai, mat\u0113jo\u0161\u0101s salvetes Mat-Fix nekav\u0113joties uzs\u016bc lieko \u0101das sebumu, nesaboj\u0101jot grimu. T\u0101s nov\u0113r\u0161 neest\u0113tisko \u0101das sp\u012bdumu un nodro\u0161ina svaigu un ide\u0101li mat\u0113tu izskatu visai dienai.<\/p>\n<p>Lieto\u0161ana: Piespiediet vienu salveti pie sejas \u0101das un paturiet k\u0101du br\u012bdi. Neberz\u0113jiet \u0101du, cit\u0101di grims var tikt saboj\u0101ts. P\u0113c tam var atk\u0101rtoti uzkl\u0101t p\u016bderi. Izmetiet izmantoto salveti. Lietojiet p\u0113c nepiecie\u0161am\u012bbas.<\/p>\n<p>Piesardz\u012bbas pas\u0101kumi: Tikai \u0101r\u012bgai lieto\u0161anai. Nenor\u012bt.<\/p>\n","protected":false},"excerpt":{"rendered":"<p>Pateicoties unik\u0101lajai strukt\u016brai, mat\u0113jo\u0161\u0101s salvetes Mat-Fix nekav\u0113joties uzs\u016bc lieko \u0101das sebumu, nesaboj\u0101jot grimu. T\u0101s nov\u0113r\u0161 neest\u0113tisko \u0101das sp\u012bdumu un nodro\u0161ina svaigu un ide\u0101li mat\u0113tu izskatu visai dienai. Lieto\u0161ana: Piespiediet vienu salveti pie sejas \u0101das un paturiet k\u0101du br\u012bdi. Neberz\u0113jiet \u0101du, cit\u0101di grims var tikt saboj\u0101ts. P\u0113c tam var atk\u0101rtoti uzkl\u0101t p\u016bderi. Izmetiet izmantoto salveti. Lietojiet [&#8230;]\n","protected":false},"featured_media":105480,"template":"","meta":[],"product_cat":[2182],"product_tag":[],"class_list":{"0":"post-33543","1":"product","2":"type-product","3":"status-publish","4":"has-post-thumbnail","6":"product_brand-donegal-sp-zo-o-_pl","7":"product_cat-bez-kategorijas-ru","9":"first","10":"instock","11":"taxable","12":"shipping-taxable","13":"product-type-simple"},"_links":{"self":[{"href":"https:\/\/e.kosmolat.eu\/lv\/wp-json\/wp\/v2\/product\/33543","targetHints":{"allow":["GET"]}}],"collection":[{"href":"https:\/\/e.kosmolat.eu\/lv\/wp-json\/wp\/v2\/product"}],"about":[{"href":"https:\/\/e.kosmolat.eu\/lv\/wp-json\/wp\/v2\/types\/product"}],"wp:featuredmedia":[{"embeddable":true,"href":"https:\/\/e.kosmolat.eu\/lv\/wp-json\/wp\/v2\/media\/105480"}],"wp:attachment":[{"href":"https:\/\/e.kosmolat.eu\/lv\/wp-json\/wp\/v2\/media?parent=33543"}],"wp:term":[{"taxonomy":"product_cat","embeddable":true,"href":"https:\/\/e.kosmolat.eu\/lv\/wp-json\/wp\/v2\/product_cat?post=33543"},{"taxonomy":"product_tag","embeddable":true,"href":"https:\/\/e.kosmolat.eu\/lv\/wp-json\/wp\/v2\/product_tag?post=33543"}],"curies":[{"name":"wp","href":"https:\/\/api.w.org\/{rel}","templated":true}]}}