{"id":33535,"date":"2023-12-21T18:43:50","date_gmt":"2023-12-21T18:43:50","guid":{"rendered":"https:\/\/e.kosmolat.eu\/product\/dusas-suklis-9549\/"},"modified":"2026-04-21T07:03:52","modified_gmt":"2026-04-21T07:03:52","slug":"dusas-suklis-9549","status":"publish","type":"product","link":"https:\/\/e.kosmolat.eu\/lv\/product\/dusas-suklis-9549\/","title":{"rendered":"Du\u0161as s\u016bklis 9549"},"content":{"rendered":"<p>\u0160vamme mazg\u0101\u0161anai.<\/p>\n","protected":false},"excerpt":{"rendered":"<p>\u0160vamme mazg\u0101\u0161anai.<\/p>\n","protected":false},"featured_media":105560,"template":"","meta":[],"product_cat":[1999],"product_tag":[],"class_list":{"0":"post-33535","1":"product","2":"type-product","3":"status-publish","4":"has-post-thumbnail","6":"product_brand-donegal-sp-zo-o-_pl","7":"product_cat-bez-kategorijas","9":"first","10":"instock","11":"taxable","12":"shipping-taxable","13":"product-type-simple"},"_links":{"self":[{"href":"https:\/\/e.kosmolat.eu\/lv\/wp-json\/wp\/v2\/product\/33535","targetHints":{"allow":["GET"]}}],"collection":[{"href":"https:\/\/e.kosmolat.eu\/lv\/wp-json\/wp\/v2\/product"}],"about":[{"href":"https:\/\/e.kosmolat.eu\/lv\/wp-json\/wp\/v2\/types\/product"}],"wp:featuredmedia":[{"embeddable":true,"href":"https:\/\/e.kosmolat.eu\/lv\/wp-json\/wp\/v2\/media\/105560"}],"wp:attachment":[{"href":"https:\/\/e.kosmolat.eu\/lv\/wp-json\/wp\/v2\/media?parent=33535"}],"wp:term":[{"taxonomy":"product_cat","embeddable":true,"href":"https:\/\/e.kosmolat.eu\/lv\/wp-json\/wp\/v2\/product_cat?post=33535"},{"taxonomy":"product_tag","embeddable":true,"href":"https:\/\/e.kosmolat.eu\/lv\/wp-json\/wp\/v2\/product_tag?post=33535"}],"curies":[{"name":"wp","href":"https:\/\/api.w.org\/{rel}","templated":true}]}}