{"id":33527,"date":"2023-12-21T18:43:26","date_gmt":"2023-12-21T18:43:26","guid":{"rendered":"https:\/\/e.kosmolat.eu\/product\/birste-mazgasanai-un-masazai-9451\/"},"modified":"2026-04-15T11:34:09","modified_gmt":"2026-04-15T11:34:09","slug":"birste-mazgasanai-un-masazai-9451","status":"publish","type":"product","link":"https:\/\/e.kosmolat.eu\/lv\/product\/birste-mazgasanai-un-masazai-9451\/","title":{"rendered":"Birste mazg\u0101\u0161anai un mas\u0101\u017eai 9451"},"content":{"rendered":"<p>Birste mazg\u0101\u0161anai un mas\u0101\u017eai.<\/p>\n","protected":false},"excerpt":{"rendered":"<p>Birste mazg\u0101\u0161anai un mas\u0101\u017eai.<\/p>\n","protected":false},"featured_media":105468,"template":"","meta":[],"product_cat":[1999],"product_tag":[],"class_list":{"0":"post-33527","1":"product","2":"type-product","3":"status-publish","4":"has-post-thumbnail","6":"product_brand-donegal-sp-zo-o-_pl","7":"product_cat-bez-kategorijas","9":"first","10":"instock","11":"taxable","12":"shipping-taxable","13":"product-type-simple"},"_links":{"self":[{"href":"https:\/\/e.kosmolat.eu\/lv\/wp-json\/wp\/v2\/product\/33527","targetHints":{"allow":["GET"]}}],"collection":[{"href":"https:\/\/e.kosmolat.eu\/lv\/wp-json\/wp\/v2\/product"}],"about":[{"href":"https:\/\/e.kosmolat.eu\/lv\/wp-json\/wp\/v2\/types\/product"}],"wp:featuredmedia":[{"embeddable":true,"href":"https:\/\/e.kosmolat.eu\/lv\/wp-json\/wp\/v2\/media\/105468"}],"wp:attachment":[{"href":"https:\/\/e.kosmolat.eu\/lv\/wp-json\/wp\/v2\/media?parent=33527"}],"wp:term":[{"taxonomy":"product_cat","embeddable":true,"href":"https:\/\/e.kosmolat.eu\/lv\/wp-json\/wp\/v2\/product_cat?post=33527"},{"taxonomy":"product_tag","embeddable":true,"href":"https:\/\/e.kosmolat.eu\/lv\/wp-json\/wp\/v2\/product_tag?post=33527"}],"curies":[{"name":"wp","href":"https:\/\/api.w.org\/{rel}","templated":true}]}}