{"id":33515,"date":"2023-12-21T18:42:48","date_gmt":"2023-12-21T18:42:48","guid":{"rendered":"https:\/\/e.kosmolat.eu\/product\/cepurite-matu-skipsnu-krasosanai-9301\/"},"modified":"2026-04-10T09:02:03","modified_gmt":"2026-04-10T09:02:03","slug":"cepurite-matu-skipsnu-krasosanai-9301","status":"publish","type":"product","link":"https:\/\/e.kosmolat.eu\/lv\/product\/cepurite-matu-skipsnu-krasosanai-9301\/","title":{"rendered":"Cepur\u012bte matu \u0161\u0137ipsnu kr\u0101so\u0161anai 9301"},"content":{"rendered":"<\/p>\n","protected":false},"excerpt":{"rendered":"","protected":false},"featured_media":105452,"template":"","meta":[],"product_cat":[1667],"product_tag":[],"class_list":{"0":"post-33515","1":"product","2":"type-product","3":"status-publish","4":"has-post-thumbnail","6":"product_brand-donegal-sp-zo-o-_pl","7":"product_cat-aksesuari-matiem","9":"first","10":"instock","11":"taxable","12":"shipping-taxable","13":"product-type-simple"},"_links":{"self":[{"href":"https:\/\/e.kosmolat.eu\/lv\/wp-json\/wp\/v2\/product\/33515","targetHints":{"allow":["GET"]}}],"collection":[{"href":"https:\/\/e.kosmolat.eu\/lv\/wp-json\/wp\/v2\/product"}],"about":[{"href":"https:\/\/e.kosmolat.eu\/lv\/wp-json\/wp\/v2\/types\/product"}],"wp:featuredmedia":[{"embeddable":true,"href":"https:\/\/e.kosmolat.eu\/lv\/wp-json\/wp\/v2\/media\/105452"}],"wp:attachment":[{"href":"https:\/\/e.kosmolat.eu\/lv\/wp-json\/wp\/v2\/media?parent=33515"}],"wp:term":[{"taxonomy":"product_cat","embeddable":true,"href":"https:\/\/e.kosmolat.eu\/lv\/wp-json\/wp\/v2\/product_cat?post=33515"},{"taxonomy":"product_tag","embeddable":true,"href":"https:\/\/e.kosmolat.eu\/lv\/wp-json\/wp\/v2\/product_tag?post=33515"}],"curies":[{"name":"wp","href":"https:\/\/api.w.org\/{rel}","templated":true}]}}