{"id":33443,"date":"2023-12-21T18:38:25","date_gmt":"2023-12-21T18:38:25","guid":{"rendered":"https:\/\/e.kosmolat.eu\/product\/dr-s-macadamia-hair-balzams-200-ml\/"},"modified":"2025-09-23T10:35:47","modified_gmt":"2025-09-23T10:35:47","slug":"i_dr-s-macadamia-hair-balzams-200-ml","status":"publish","type":"product","link":"https:\/\/e.kosmolat.eu\/lv\/product\/i_dr-s-macadamia-hair-balzams-200-ml\/","title":{"rendered":"I_&#8221;Dr.S Macadamia Hair&#8221; Balzams, 200 ml"},"content":{"rendered":"<div><span style=\"line-height: 1.42857;\">Nov\u0101jin\u0101tiem matiem. Balz\u0101ms atjauno matu elast\u012bbu un m\u012bkstumu, nodro\u0161ina vieglu \u0137emm\u0113\u0161anu. Efekt\u012bvi papildina \u0161amp\u016bna iedarb\u012bbu.<\/span><\/div>\n<div>Mati izskatas vesel\u012bgi un skaisti jau p\u0113c pirm\u0101s lieto\u0161anas.<\/div>\n<h4>Lieto\u0161ana:<\/h4>\n<div>uzkl\u0101t uz t\u012briem matiem un izsm\u0113r\u0113t vis\u0101 matu garum\u0101. Nomazg\u0101t ar \u016bdeni.<\/div>\n","protected":false},"excerpt":{"rendered":"<p>Nov\u0101jin\u0101tiem matiem. Balz\u0101ms atjauno matu elast\u012bbu un m\u012bkstumu, nodro\u0161ina vieglu \u0137emm\u0113\u0161anu. Efekt\u012bvi papildina \u0161amp\u016bna iedarb\u012bbu. Mati izskatas vesel\u012bgi un skaisti jau p\u0113c pirm\u0101s lieto\u0161anas. Lieto\u0161ana: uzkl\u0101t uz t\u012briem matiem un izsm\u0113r\u0113t vis\u0101 matu garum\u0101. Nomazg\u0101t ar \u016bdeni.<\/p>\n","protected":false},"featured_media":96541,"template":"","meta":[],"product_cat":[1638],"product_tag":[],"class_list":{"0":"post-33443","1":"product","2":"type-product","3":"status-publish","4":"has-post-thumbnail","6":"product_brand-elfa_ua","7":"product_cat-balzami","9":"first","10":"outofstock","11":"taxable","12":"shipping-taxable","13":"product-type-simple"},"_links":{"self":[{"href":"https:\/\/e.kosmolat.eu\/lv\/wp-json\/wp\/v2\/product\/33443","targetHints":{"allow":["GET"]}}],"collection":[{"href":"https:\/\/e.kosmolat.eu\/lv\/wp-json\/wp\/v2\/product"}],"about":[{"href":"https:\/\/e.kosmolat.eu\/lv\/wp-json\/wp\/v2\/types\/product"}],"wp:featuredmedia":[{"embeddable":true,"href":"https:\/\/e.kosmolat.eu\/lv\/wp-json\/wp\/v2\/media\/96541"}],"wp:attachment":[{"href":"https:\/\/e.kosmolat.eu\/lv\/wp-json\/wp\/v2\/media?parent=33443"}],"wp:term":[{"taxonomy":"product_cat","embeddable":true,"href":"https:\/\/e.kosmolat.eu\/lv\/wp-json\/wp\/v2\/product_cat?post=33443"},{"taxonomy":"product_tag","embeddable":true,"href":"https:\/\/e.kosmolat.eu\/lv\/wp-json\/wp\/v2\/product_tag?post=33443"}],"curies":[{"name":"wp","href":"https:\/\/api.w.org\/{rel}","templated":true}]}}