{"id":33439,"date":"2023-12-21T18:38:08","date_gmt":"2023-12-21T18:38:08","guid":{"rendered":"https:\/\/e.kosmolat.eu\/product\/dr-s-macadamia-hair-sampuns-250-ml\/"},"modified":"2026-03-31T19:57:33","modified_gmt":"2026-03-31T19:57:33","slug":"i_dr-s-macadamia-hair-sampuns-250-ml","status":"publish","type":"product","link":"https:\/\/e.kosmolat.eu\/lv\/product\/i_dr-s-macadamia-hair-sampuns-250-ml\/","title":{"rendered":"I_&#8221;Dr.S Macadamia Hair&#8221; \u0160amp\u016bns, 250 ml"},"content":{"rendered":"<p>Nov\u0101jin\u0101tiem matiem. &Scaron;amp\u016bns maigi att\u012bra matus no net\u012brumiem un matu veido&scaron;anas l\u012bdzek\u013ciem, atgrie\u017e pat\u012bkamu vieglumu. Ide\u0101li sagatavo t\u0101l\u0101k\u0101m atjaunojo&scaron;\u0101m proced\u016br\u0101m.<\/p>\n<p><strong>Lieto&scaron;ana:&nbsp;<\/strong>uzkl\u0101t uz mitriem matiem, saputot, nomazg\u0101t ar \u016bdeni. Nepiecie&scaron;am\u012bbas gad\u012bjum\u0101 proced\u016bru<\/p>\n","protected":false},"excerpt":{"rendered":"<p>Nov\u0101jin\u0101tiem matiem. &Scaron;amp\u016bns maigi att\u012bra matus no net\u012brumiem un matu veido&scaron;anas l\u012bdzek\u013ciem, atgrie\u017e pat\u012bkamu vieglumu. Ide\u0101li sagatavo t\u0101l\u0101k\u0101m atjaunojo&scaron;\u0101m proced\u016br\u0101m. Lieto&scaron;ana:&nbsp;uzkl\u0101t uz mitriem matiem, saputot, nomazg\u0101t ar \u016bdeni. Nepiecie&scaron;am\u012bbas gad\u012bjum\u0101 proced\u016bru<\/p>\n","protected":false},"featured_media":96750,"template":"","meta":[],"product_cat":[1248],"product_tag":[],"class_list":{"0":"post-33439","1":"product","2":"type-product","3":"status-publish","4":"has-post-thumbnail","6":"product_brand-elfa_ua","7":"product_cat-sampuni","9":"first","10":"outofstock","11":"taxable","12":"shipping-taxable","13":"product-type-simple"},"_links":{"self":[{"href":"https:\/\/e.kosmolat.eu\/lv\/wp-json\/wp\/v2\/product\/33439","targetHints":{"allow":["GET"]}}],"collection":[{"href":"https:\/\/e.kosmolat.eu\/lv\/wp-json\/wp\/v2\/product"}],"about":[{"href":"https:\/\/e.kosmolat.eu\/lv\/wp-json\/wp\/v2\/types\/product"}],"wp:featuredmedia":[{"embeddable":true,"href":"https:\/\/e.kosmolat.eu\/lv\/wp-json\/wp\/v2\/media\/96750"}],"wp:attachment":[{"href":"https:\/\/e.kosmolat.eu\/lv\/wp-json\/wp\/v2\/media?parent=33439"}],"wp:term":[{"taxonomy":"product_cat","embeddable":true,"href":"https:\/\/e.kosmolat.eu\/lv\/wp-json\/wp\/v2\/product_cat?post=33439"},{"taxonomy":"product_tag","embeddable":true,"href":"https:\/\/e.kosmolat.eu\/lv\/wp-json\/wp\/v2\/product_tag?post=33439"}],"curies":[{"name":"wp","href":"https:\/\/api.w.org\/{rel}","templated":true}]}}