{"id":33435,"date":"2023-12-21T18:37:47","date_gmt":"2023-12-21T18:37:47","guid":{"rendered":"https:\/\/e.kosmolat.eu\/product\/dr-s-argan-hair-sprejs-matiem-150-ml\/"},"modified":"2026-04-01T06:53:36","modified_gmt":"2026-04-01T06:53:36","slug":"dr-s-argan-hair-sprejs-matiem-150-ml","status":"publish","type":"product","link":"https:\/\/e.kosmolat.eu\/lv\/product\/dr-s-argan-hair-sprejs-matiem-150-ml\/","title":{"rendered":"&#8220;Dr.S Argan Hair&#8221; Sprejs matiem, 150 ml"},"content":{"rendered":"<p>Boj\u0101tiem matiem. Spreja formula acumirkl\u012b atjauno un stiprina matu strukt\u016bru. Neatst\u0101j taukainuma saj\u016btu un nepadara matus smagus. P\u0113c spreja tie ieg\u016bst z\u012bdainumu un saglab\u0101 savu kust\u012bgumu, friz\u016bra izskat\u0101s dabiska. Sprejs nesatur parab\u0113nus un kr\u0101svielas.<\/p>\n<p><strong>Lieto\u0161ana:<\/strong>&nbsp;izsmidzin\u0101t uz 15-20 cm att\u0101luma uz t\u012briem sausiem vai mitriem matiem. Nenomazg\u0101t.<\/p>\n","protected":false},"excerpt":{"rendered":"<p>Boj\u0101tiem matiem. Spreja formula acumirkl\u012b atjauno un stiprina matu strukt\u016bru. Neatst\u0101j taukainuma saj\u016btu un nepadara matus smagus. P\u0113c spreja tie ieg\u016bst z\u012bdainumu un saglab\u0101 savu kust\u012bgumu, friz\u016bra izskat\u0101s dabiska. Sprejs nesatur parab\u0113nus un kr\u0101svielas. Lieto\u0161ana:&nbsp;izsmidzin\u0101t uz 15-20 cm att\u0101luma uz t\u012briem sausiem vai mitriem matiem. Nenomazg\u0101t.<\/p>\n","protected":false},"featured_media":96746,"template":"","meta":[],"product_cat":[1343],"product_tag":[],"class_list":{"0":"post-33435","1":"product","2":"type-product","3":"status-publish","4":"has-post-thumbnail","6":"product_brand-elfa_ua","7":"product_cat-citi-matu-kopsanas-produkti","9":"first","10":"outofstock","11":"taxable","12":"shipping-taxable","13":"product-type-simple"},"_links":{"self":[{"href":"https:\/\/e.kosmolat.eu\/lv\/wp-json\/wp\/v2\/product\/33435","targetHints":{"allow":["GET"]}}],"collection":[{"href":"https:\/\/e.kosmolat.eu\/lv\/wp-json\/wp\/v2\/product"}],"about":[{"href":"https:\/\/e.kosmolat.eu\/lv\/wp-json\/wp\/v2\/types\/product"}],"wp:featuredmedia":[{"embeddable":true,"href":"https:\/\/e.kosmolat.eu\/lv\/wp-json\/wp\/v2\/media\/96746"}],"wp:attachment":[{"href":"https:\/\/e.kosmolat.eu\/lv\/wp-json\/wp\/v2\/media?parent=33435"}],"wp:term":[{"taxonomy":"product_cat","embeddable":true,"href":"https:\/\/e.kosmolat.eu\/lv\/wp-json\/wp\/v2\/product_cat?post=33435"},{"taxonomy":"product_tag","embeddable":true,"href":"https:\/\/e.kosmolat.eu\/lv\/wp-json\/wp\/v2\/product_tag?post=33435"}],"curies":[{"name":"wp","href":"https:\/\/api.w.org\/{rel}","templated":true}]}}