{"id":33431,"date":"2023-12-21T18:37:24","date_gmt":"2023-12-21T18:37:24","guid":{"rendered":"https:\/\/e.kosmolat.eu\/product\/dr-s-argan-hair-krems-maska-300-ml\/"},"modified":"2026-04-17T14:06:32","modified_gmt":"2026-04-17T14:06:32","slug":"dr-s-argan-hair-krems-maska-300-ml","status":"publish","type":"product","link":"https:\/\/e.kosmolat.eu\/lv\/product\/dr-s-argan-hair-krems-maska-300-ml\/","title":{"rendered":"&#8220;Dr.S Argan Hair&#8221; Kr\u0113ms-maska, 300 ml"},"content":{"rendered":"<p>Boj\u0101tiem matiem. Kr\u0113ms-maska intens\u012bvi atjauno nov\u0101jin\u0101tus, boj\u0101tus matus pateicoties savam bag\u0101tam sast\u0101vam.<\/p>\n<p>Ultram\u016bsdien\u012bga kr\u0113ma-maskas formula \u012bsteno 3-l\u012bme\u0146u matu atjauno&scaron;anu:<\/p>\n<ul>\n<li>paliek uz matu virsmas: pie&scaron;\u0137ir sp\u012bdumu, m\u012bkstumu, veicina vieglu \u0137emm\u0113&scaron;anu, aizsarg\u0101 no apk\u0101rt\u0113j\u0101s vides negat\u012bv\u0101s iedarb\u012bbas<\/li>\n<li>iek\u013c\u016bst matu kutikul\u0101, palielina matu iztur\u012bbu uz izliek&scaron;anu<\/li>\n<li>dzi\u013ci baro matu korteksu: viegli ies\u016bc\u0101s, stiprina, atjauno un aizsarg\u0101 matus no iek&scaron;puses.<\/li>\n<\/ul>\n<p>Rezult\u0101ts ir paman\u0101ms jau p\u0113c pirm\u0101s lieto&scaron;anas reizes. P\u0113c kr\u0113ma-maskas mati ir gludi, elast\u012bgi un uz tausti pat\u012bkami.&nbsp;<\/p>\n<p><strong>Lieto&scaron;ana:&nbsp;<\/strong>&nbsp;nepiecie&scaron;amu l\u012bdzek\u013ca daudzumu uzkl\u0101t uz piesak\u0146u zonas un izsm\u0113r\u0113t vis\u0101 matu garum\u0101. P\u0113c 5 min\u016bt\u0113m nomazg\u0101t. Lietot 1 reizi ned\u0113\u013c\u0101.<\/p>\n","protected":false},"excerpt":{"rendered":"<p>Boj\u0101tiem matiem. Kr\u0113ms-maska intens\u012bvi atjauno nov\u0101jin\u0101tus, boj\u0101tus matus pateicoties savam bag\u0101tam sast\u0101vam. Ultram\u016bsdien\u012bga kr\u0113ma-maskas formula \u012bsteno 3-l\u012bme\u0146u matu atjauno&scaron;anu: paliek uz matu virsmas: pie&scaron;\u0137ir sp\u012bdumu, m\u012bkstumu, veicina vieglu \u0137emm\u0113&scaron;anu, aizsarg\u0101 no apk\u0101rt\u0113j\u0101s vides negat\u012bv\u0101s iedarb\u012bbas iek\u013c\u016bst matu kutikul\u0101, palielina matu iztur\u012bbu uz izliek&scaron;anu dzi\u013ci baro matu korteksu: viegli ies\u016bc\u0101s, stiprina, atjauno un aizsarg\u0101 matus no [&#8230;]\n","protected":false},"featured_media":96826,"template":"","meta":[],"product_cat":[1254],"product_tag":[],"class_list":{"0":"post-33431","1":"product","2":"type-product","3":"status-publish","4":"has-post-thumbnail","6":"product_brand-elfa_ua","7":"product_cat-maskas-matiem","9":"first","10":"instock","11":"taxable","12":"shipping-taxable","13":"product-type-simple"},"_links":{"self":[{"href":"https:\/\/e.kosmolat.eu\/lv\/wp-json\/wp\/v2\/product\/33431","targetHints":{"allow":["GET"]}}],"collection":[{"href":"https:\/\/e.kosmolat.eu\/lv\/wp-json\/wp\/v2\/product"}],"about":[{"href":"https:\/\/e.kosmolat.eu\/lv\/wp-json\/wp\/v2\/types\/product"}],"wp:featuredmedia":[{"embeddable":true,"href":"https:\/\/e.kosmolat.eu\/lv\/wp-json\/wp\/v2\/media\/96826"}],"wp:attachment":[{"href":"https:\/\/e.kosmolat.eu\/lv\/wp-json\/wp\/v2\/media?parent=33431"}],"wp:term":[{"taxonomy":"product_cat","embeddable":true,"href":"https:\/\/e.kosmolat.eu\/lv\/wp-json\/wp\/v2\/product_cat?post=33431"},{"taxonomy":"product_tag","embeddable":true,"href":"https:\/\/e.kosmolat.eu\/lv\/wp-json\/wp\/v2\/product_tag?post=33431"}],"curies":[{"name":"wp","href":"https:\/\/api.w.org\/{rel}","templated":true}]}}