{"id":33427,"date":"2023-12-21T18:36:59","date_gmt":"2023-12-21T18:36:59","guid":{"rendered":"https:\/\/e.kosmolat.eu\/product\/dr-s-dadzu-balzams-koncentrats-200-ml\/"},"modified":"2025-08-28T14:02:59","modified_gmt":"2025-08-28T14:02:59","slug":"i_dr-s-dadzu-balzams-koncentrats-200-ml","status":"publish","type":"product","link":"https:\/\/e.kosmolat.eu\/lv\/product\/i_dr-s-dadzu-balzams-koncentrats-200-ml\/","title":{"rendered":"I_&#8221;Dr.S Dad\u017eu&#8221; Balzams-koncentr\u0101ts, 200 ml"},"content":{"rendered":"<div><span style=\"line-height: 1.42857;\">Koncentr\u0113ts matu balz\u0101ms efekt\u012bvi iedarboj\u0101s uz matu strukt\u016bru, nodro\u0161ina to atjauno\u0161anu, atvieglo \u0137emm\u0113\u0161anu.<\/span><\/div>\n<ul>\n<li>Dad\u017ea, meln\u0101 rutka, topinamb\u016bra inul\u012bna ekstrakti pies\u0101tina matu stumbru ar barojo\u0161\u0101m viel\u0101m, kuras ir niepiecie\u0161amas dab\u012bg\u0101 sp\u0113ka un matu sp\u012bduma saglab\u0101\u0161anai.<\/li>\n<li>Pantenols, kvie\u0161u un sojas prote\u012bni mitrina matu stumbru, atjaunojot t\u0101 dab\u012bgu elast\u012bbu.<\/li>\n<li>Kerat\u012bns atjauno matu strukt\u016bru, nov\u0113r\u0161 matu l\u016b\u0161anu. Balz\u0101ma recept\u016bra nesatur kr\u0101svielas, silikonus.<\/li>\n<\/ul>\n<h4>Lieto\u0161ana:<\/h4>\n<div>uzkl\u0101t balz\u0101ma nepiecie\u0161amo daudzumu un mitriem t\u012briem matiem, vienm\u0113r\u012bgi izsm\u0113r\u0113t vis\u0101 to garum\u0101, nomazg\u0101t ar \u016bdeni.<\/div>\n","protected":false},"excerpt":{"rendered":"<p>Koncentr\u0113ts matu balz\u0101ms efekt\u012bvi iedarboj\u0101s uz matu strukt\u016bru, nodro\u0161ina to atjauno\u0161anu, atvieglo \u0137emm\u0113\u0161anu. Dad\u017ea, meln\u0101 rutka, topinamb\u016bra inul\u012bna ekstrakti pies\u0101tina matu stumbru ar barojo\u0161\u0101m viel\u0101m, kuras ir niepiecie\u0161amas dab\u012bg\u0101 sp\u0113ka un matu sp\u012bduma saglab\u0101\u0161anai. Pantenols, kvie\u0161u un sojas prote\u012bni mitrina matu stumbru, atjaunojot t\u0101 dab\u012bgu elast\u012bbu. Kerat\u012bns atjauno matu strukt\u016bru, nov\u0113r\u0161 matu l\u016b\u0161anu. Balz\u0101ma recept\u016bra [&#8230;]\n","protected":false},"featured_media":28628,"template":"","meta":[],"product_cat":[1638],"product_tag":[],"class_list":{"0":"post-33427","1":"product","2":"type-product","3":"status-publish","4":"has-post-thumbnail","6":"product_brand-elfa_ua","7":"product_cat-balzami","9":"first","10":"outofstock","11":"taxable","12":"shipping-taxable","13":"product-type-simple"},"_links":{"self":[{"href":"https:\/\/e.kosmolat.eu\/lv\/wp-json\/wp\/v2\/product\/33427","targetHints":{"allow":["GET"]}}],"collection":[{"href":"https:\/\/e.kosmolat.eu\/lv\/wp-json\/wp\/v2\/product"}],"about":[{"href":"https:\/\/e.kosmolat.eu\/lv\/wp-json\/wp\/v2\/types\/product"}],"wp:featuredmedia":[{"embeddable":true,"href":"https:\/\/e.kosmolat.eu\/lv\/wp-json\/wp\/v2\/media\/28628"}],"wp:attachment":[{"href":"https:\/\/e.kosmolat.eu\/lv\/wp-json\/wp\/v2\/media?parent=33427"}],"wp:term":[{"taxonomy":"product_cat","embeddable":true,"href":"https:\/\/e.kosmolat.eu\/lv\/wp-json\/wp\/v2\/product_cat?post=33427"},{"taxonomy":"product_tag","embeddable":true,"href":"https:\/\/e.kosmolat.eu\/lv\/wp-json\/wp\/v2\/product_tag?post=33427"}],"curies":[{"name":"wp","href":"https:\/\/api.w.org\/{rel}","templated":true}]}}