{"id":33419,"date":"2023-12-21T18:36:04","date_gmt":"2023-12-21T18:36:04","guid":{"rendered":"https:\/\/e.kosmolat.eu\/product\/dr-s-dadzu-dadzu-ella-dabiga-100-ml\/"},"modified":"2025-09-02T10:22:33","modified_gmt":"2025-09-02T10:22:33","slug":"i_dr-s-dadzu-dadzu-ella-dabiga-100-ml","status":"publish","type":"product","link":"https:\/\/e.kosmolat.eu\/lv\/product\/i_dr-s-dadzu-dadzu-ella-dabiga-100-ml\/","title":{"rendered":"I_&#8221;Dr.S Dad\u017eu&#8221; Dad\u017eu e\u013c\u013ca dab\u012bga, 100 ml"},"content":{"rendered":"","protected":false},"excerpt":{"rendered":"","protected":false},"featured_media":0,"template":"","meta":[],"product_cat":[1343],"product_tag":[],"class_list":{"0":"post-33419","1":"product","2":"type-product","3":"status-publish","5":"product_brand-elfa_ua","6":"product_cat-citi-matu-kopsanas-produkti","8":"first","9":"instock","10":"taxable","11":"shipping-taxable","12":"product-type-simple"},"_links":{"self":[{"href":"https:\/\/e.kosmolat.eu\/lv\/wp-json\/wp\/v2\/product\/33419","targetHints":{"allow":["GET"]}}],"collection":[{"href":"https:\/\/e.kosmolat.eu\/lv\/wp-json\/wp\/v2\/product"}],"about":[{"href":"https:\/\/e.kosmolat.eu\/lv\/wp-json\/wp\/v2\/types\/product"}],"wp:attachment":[{"href":"https:\/\/e.kosmolat.eu\/lv\/wp-json\/wp\/v2\/media?parent=33419"}],"wp:term":[{"taxonomy":"product_cat","embeddable":true,"href":"https:\/\/e.kosmolat.eu\/lv\/wp-json\/wp\/v2\/product_cat?post=33419"},{"taxonomy":"product_tag","embeddable":true,"href":"https:\/\/e.kosmolat.eu\/lv\/wp-json\/wp\/v2\/product_tag?post=33419"}],"curies":[{"name":"wp","href":"https:\/\/api.w.org\/{rel}","templated":true}]}}