{"id":33411,"date":"2023-12-21T18:35:14","date_gmt":"2023-12-21T18:35:14","guid":{"rendered":"https:\/\/e.kosmolat.eu\/product\/dd-krems-varikozes-profilaksei-ar-zirgkastanu-42-ml\/"},"modified":"2026-04-22T10:38:36","modified_gmt":"2026-04-22T10:38:36","slug":"the-dr-hc-kaju-krems-venotoniks-42-ml","status":"publish","type":"product","link":"https:\/\/e.kosmolat.eu\/lv\/product\/the-dr-hc-kaju-krems-venotoniks-42-ml\/","title":{"rendered":"The Dr. H&#038;C K\u0101ju kr\u0113ms Venotoniks, 42 ml"},"content":{"rendered":"<p>Kr\u0113ms no\u0146em k\u0101ju st\u012bvumu un nogurumu. Zirgkasta\u0146as ekstrakts kr\u0113ma sast\u0101v\u0101 paaugstina v\u0113nozo asinsvadu tonusu, stiprina kapil\u0101ru un v\u0113nu sienas. Kr\u0113ms sniedz k\u0101j\u0101m vieglumu un komforta saj\u016btu. K\u0101ju \u0101da k\u013c\u016bst pat\u012bkami gluda un m\u012bksta. Ieteicams varikozes profilaksei.&nbsp;<\/p>\n<p><strong>Lieto\u0161ana:<\/strong> uzkl\u0101t uz sausas t\u012bras k\u0101ju \u0101das.&nbsp;<\/p>\n","protected":false},"excerpt":{"rendered":"<p>Kr\u0113ms no\u0146em k\u0101ju st\u012bvumu un nogurumu. Zirgkasta\u0146as ekstrakts kr\u0113ma sast\u0101v\u0101 paaugstina v\u0113nozo asinsvadu tonusu, stiprina kapil\u0101ru un v\u0113nu sienas. Kr\u0113ms sniedz k\u0101j\u0101m vieglumu un komforta saj\u016btu. K\u0101ju \u0101da k\u013c\u016bst pat\u012bkami gluda un m\u012bksta. Ieteicams varikozes profilaksei.&nbsp; Lieto\u0161ana: uzkl\u0101t uz sausas t\u012bras k\u0101ju \u0101das.&nbsp;<\/p>\n","protected":false},"featured_media":96822,"template":"","meta":[],"product_cat":[1999],"product_tag":[],"class_list":{"0":"post-33411","1":"product","2":"type-product","3":"status-publish","4":"has-post-thumbnail","6":"product_brand-elfa_ua","7":"product_cat-bez-kategorijas","9":"first","10":"instock","11":"taxable","12":"shipping-taxable","13":"product-type-simple"},"_links":{"self":[{"href":"https:\/\/e.kosmolat.eu\/lv\/wp-json\/wp\/v2\/product\/33411","targetHints":{"allow":["GET"]}}],"collection":[{"href":"https:\/\/e.kosmolat.eu\/lv\/wp-json\/wp\/v2\/product"}],"about":[{"href":"https:\/\/e.kosmolat.eu\/lv\/wp-json\/wp\/v2\/types\/product"}],"wp:featuredmedia":[{"embeddable":true,"href":"https:\/\/e.kosmolat.eu\/lv\/wp-json\/wp\/v2\/media\/96822"}],"wp:attachment":[{"href":"https:\/\/e.kosmolat.eu\/lv\/wp-json\/wp\/v2\/media?parent=33411"}],"wp:term":[{"taxonomy":"product_cat","embeddable":true,"href":"https:\/\/e.kosmolat.eu\/lv\/wp-json\/wp\/v2\/product_cat?post=33411"},{"taxonomy":"product_tag","embeddable":true,"href":"https:\/\/e.kosmolat.eu\/lv\/wp-json\/wp\/v2\/product_tag?post=33411"}],"curies":[{"name":"wp","href":"https:\/\/api.w.org\/{rel}","templated":true}]}}