{"id":33403,"date":"2023-12-21T18:34:23","date_gmt":"2023-12-21T18:34:23","guid":{"rendered":"https:\/\/e.kosmolat.eu\/product\/karmasin-vitaminizets-toniks-vajiem-un-bojatiem-matiem-100-ml\/"},"modified":"2026-04-15T12:44:36","modified_gmt":"2026-04-15T12:44:36","slug":"karmasin-vitaminizets-toniks-vajiem-un-bojatiem-matiem-100-ml","status":"publish","type":"product","link":"https:\/\/e.kosmolat.eu\/lv\/product\/karmasin-vitaminizets-toniks-vajiem-un-bojatiem-matiem-100-ml\/","title":{"rendered":"&#8220;Karmasin&#8221; Vitaminiz\u0113ts toniks v\u0101jiem un boj\u0101tiem matiem, 100 ml"},"content":{"rendered":"<p>Vitaminiz\u0113ts toniks ar azul\u0113nu veicina nov\u0101jin\u0101tu un boj\u0101tu matu atjauno&scaron;anu. Azul\u0113ns stiprina saknes, nomierina galvas \u0101du un labv\u0113l\u012bgi iedarbojas uz matu stiebru strukt\u016bru. Provitam\u012bns B5 tiek uz\u0146emts lab\u0101k un efekt\u012bv\u0101k nek\u0101 citi vitam\u012bni, akt\u012bvi stiprinot matu saknes. Vitam\u012bns PP uzlabo mikrocirkul\u0101ciju \u0101das &scaron;\u016bn\u0101s, veicinot matu baro&scaron;anu, uzlabo folikulu apg\u0101di ar sk\u0101bekli. A vitam\u012bns piedal\u0101s matu strukt\u016bras atjauno&scaron;an\u0101 un stiprin\u0101&scaron;an\u0101.<\/p>\n<p><strong>Lieto&scaron;ana:<\/strong> uzkl\u0101t toniku uz sausas t\u012bras galvas \u0101das matu da\u013c\u0101 1-2 reizes dien\u0101. Nenomazg\u0101t! Ieteicamais kurss &ndash; 1-3 m\u0113ne&scaron;i. Pirmo m\u0113nesi lietot 2 reizes dien\u0101, n\u0101kamos 2 m\u0113ne&scaron;us &ndash; 1 reizi dien\u0101, p\u0113c tam &ndash; 2 reizes ned\u0113\u013c\u0101.<\/p>\n<p>Uzglab\u0101t temperat\u016br\u0101 no +5 &deg;\u0421 l\u012bdz +25 &deg;\u0421.<\/p>\n<p><strong>Der\u012bguma termi\u0146&scaron;: <\/strong>24 m\u0113ne&scaron;i<\/p>\n<p>&nbsp;<\/p>\n<p>&nbsp;<\/p>\n<p>&nbsp;<\/p>\n","protected":false},"excerpt":{"rendered":"<p>Vitaminiz\u0113ts toniks ar azul\u0113nu veicina nov\u0101jin\u0101tu un boj\u0101tu matu atjauno&scaron;anu. Azul\u0113ns stiprina saknes, nomierina galvas \u0101du un labv\u0113l\u012bgi iedarbojas uz matu stiebru strukt\u016bru. Provitam\u012bns B5 tiek uz\u0146emts lab\u0101k un efekt\u012bv\u0101k nek\u0101 citi vitam\u012bni, akt\u012bvi stiprinot matu saknes. Vitam\u012bns PP uzlabo mikrocirkul\u0101ciju \u0101das &scaron;\u016bn\u0101s, veicinot matu baro&scaron;anu, uzlabo folikulu apg\u0101di ar sk\u0101bekli. A vitam\u012bns piedal\u0101s matu [&#8230;]\n","protected":false},"featured_media":96734,"template":"","meta":[],"product_cat":[2182],"product_tag":[],"class_list":{"0":"post-33403","1":"product","2":"type-product","3":"status-publish","4":"has-post-thumbnail","6":"product_brand-pharma-group_ua","7":"product_cat-bez-kategorijas-ru","9":"first","10":"instock","11":"taxable","12":"shipping-taxable","13":"product-type-simple"},"_links":{"self":[{"href":"https:\/\/e.kosmolat.eu\/lv\/wp-json\/wp\/v2\/product\/33403","targetHints":{"allow":["GET"]}}],"collection":[{"href":"https:\/\/e.kosmolat.eu\/lv\/wp-json\/wp\/v2\/product"}],"about":[{"href":"https:\/\/e.kosmolat.eu\/lv\/wp-json\/wp\/v2\/types\/product"}],"wp:featuredmedia":[{"embeddable":true,"href":"https:\/\/e.kosmolat.eu\/lv\/wp-json\/wp\/v2\/media\/96734"}],"wp:attachment":[{"href":"https:\/\/e.kosmolat.eu\/lv\/wp-json\/wp\/v2\/media?parent=33403"}],"wp:term":[{"taxonomy":"product_cat","embeddable":true,"href":"https:\/\/e.kosmolat.eu\/lv\/wp-json\/wp\/v2\/product_cat?post=33403"},{"taxonomy":"product_tag","embeddable":true,"href":"https:\/\/e.kosmolat.eu\/lv\/wp-json\/wp\/v2\/product_tag?post=33403"}],"curies":[{"name":"wp","href":"https:\/\/api.w.org\/{rel}","templated":true}]}}