{"id":33399,"date":"2023-12-21T18:34:00","date_gmt":"2023-12-21T18:34:00","guid":{"rendered":"https:\/\/e.kosmolat.eu\/product\/karmasin-vitaminizets-toniks-matiem-ar-noslieci-uz-izkrisanu-100-ml\/"},"modified":"2026-04-15T12:44:22","modified_gmt":"2026-04-15T12:44:22","slug":"karmasin-vitaminizets-toniks-matiem-ar-noslieci-uz-izkrisanu-100-ml","status":"publish","type":"product","link":"https:\/\/e.kosmolat.eu\/lv\/product\/karmasin-vitaminizets-toniks-matiem-ar-noslieci-uz-izkrisanu-100-ml\/","title":{"rendered":"&#8220;Karmasin&#8221; Vitaminiz\u0113ts toniks matiem ar noslieci uz izkri\u0161anu, 100 ml"},"content":{"rendered":"<p>Tonika sast\u0101v\u0101 ietilpst n\u0101tres un b\u0113rzu lapu ekstrakts ar b\u0113rza darvu un vitam\u012bniem. N\u0101tres ekstrakts stimul\u0113 mikrocirkul\u0101ciju, baro saknes, nodro&scaron;ina toniz\u0113jo&scaron;u efektu, veicina &quot;snaudo&scaron;o&quot; s\u012bpoli\u0146u aktiv\u0101ciju. B\u0113rzu lapu ekstrakts satur matu sak\u0146u norm\u0101las funkcion\u0113&scaron;anas atjauno&scaron;anai nepiecie&scaron;amo vielu kompleksu. B\u0113rzu darva veicina galvas \u0101das &scaron;\u016bnu mikrocirkul\u0101ciju, kas, savuk\u0101rt, veicina matu s\u012bpoli\u0146u baro&scaron;anu. Provitam\u012bns B5 tiek uz\u0146emts lab\u0101k un efekt\u012bv\u0101k nek\u0101 citi vitam\u012bni, akt\u012bvi stiprinot matu saknes. Biot\u012bns piedal\u0101s eritroc\u012btu, kuri pieg\u0101d\u0101 sk\u0101bekli matu folikul\u0101m, veido&scaron;an\u0101s proces\u0101, kas veicina matu norm\u0101lu funkcion\u0113&scaron;anu un kav\u0113 to izkri&scaron;anu.<\/p>\n<p><strong>Lieto&scaron;ana:<\/strong> uzkl\u0101t toniku uz sausas t\u012bras galvas \u0101das matu da\u013c\u0101 1-2 reizes dien\u0101. Nenomazg\u0101t! Ieteicamais kurss &ndash; 1-3 m\u0113ne&scaron;i.&nbsp;Pirmo m\u0113nesi lietot 2 reizes dien\u0101, n\u0101kamos 2 m\u0113ne&scaron;us &ndash; 1 reizi dien\u0101, p\u0113c tam &ndash; 2 reizes ned\u0113\u013c\u0101.<\/p>\n<p>Uzglab\u0101t temperat\u016br\u0101 no +5 &deg;\u0421 l\u012bdz +25 &deg;\u0421.<\/p>\n<p><strong>Der\u012bguma termi\u0146&scaron;: <\/strong>24 m\u0113ne&scaron;i.<\/p>\n<p>&nbsp;<\/p>\n","protected":false},"excerpt":{"rendered":"<p>Tonika sast\u0101v\u0101 ietilpst n\u0101tres un b\u0113rzu lapu ekstrakts ar b\u0113rza darvu un vitam\u012bniem. N\u0101tres ekstrakts stimul\u0113 mikrocirkul\u0101ciju, baro saknes, nodro&scaron;ina toniz\u0113jo&scaron;u efektu, veicina &quot;snaudo&scaron;o&quot; s\u012bpoli\u0146u aktiv\u0101ciju. B\u0113rzu lapu ekstrakts satur matu sak\u0146u norm\u0101las funkcion\u0113&scaron;anas atjauno&scaron;anai nepiecie&scaron;amo vielu kompleksu. B\u0113rzu darva veicina galvas \u0101das &scaron;\u016bnu mikrocirkul\u0101ciju, kas, savuk\u0101rt, veicina matu s\u012bpoli\u0146u baro&scaron;anu. Provitam\u012bns B5 tiek uz\u0146emts [&#8230;]\n","protected":false},"featured_media":96730,"template":"","meta":[],"product_cat":[2182],"product_tag":[],"class_list":{"0":"post-33399","1":"product","2":"type-product","3":"status-publish","4":"has-post-thumbnail","6":"product_brand-pharma-group_ua","7":"product_cat-bez-kategorijas-ru","9":"first","10":"instock","11":"taxable","12":"shipping-taxable","13":"product-type-simple"},"_links":{"self":[{"href":"https:\/\/e.kosmolat.eu\/lv\/wp-json\/wp\/v2\/product\/33399","targetHints":{"allow":["GET"]}}],"collection":[{"href":"https:\/\/e.kosmolat.eu\/lv\/wp-json\/wp\/v2\/product"}],"about":[{"href":"https:\/\/e.kosmolat.eu\/lv\/wp-json\/wp\/v2\/types\/product"}],"wp:featuredmedia":[{"embeddable":true,"href":"https:\/\/e.kosmolat.eu\/lv\/wp-json\/wp\/v2\/media\/96730"}],"wp:attachment":[{"href":"https:\/\/e.kosmolat.eu\/lv\/wp-json\/wp\/v2\/media?parent=33399"}],"wp:term":[{"taxonomy":"product_cat","embeddable":true,"href":"https:\/\/e.kosmolat.eu\/lv\/wp-json\/wp\/v2\/product_cat?post=33399"},{"taxonomy":"product_tag","embeddable":true,"href":"https:\/\/e.kosmolat.eu\/lv\/wp-json\/wp\/v2\/product_tag?post=33399"}],"curies":[{"name":"wp","href":"https:\/\/api.w.org\/{rel}","templated":true}]}}