{"id":33395,"date":"2023-12-21T18:33:37","date_gmt":"2023-12-21T18:33:37","guid":{"rendered":"https:\/\/e.kosmolat.eu\/product\/sulcin-sulsena-sampuns-pret-blaugznam-2-taukainiem-matiem-150-ml\/"},"modified":"2026-04-23T12:42:30","modified_gmt":"2026-04-23T12:42:30","slug":"sulcin-sulsena-sampuns-pret-blaugznam-2-taukainiem-matiem-150-ml","status":"publish","type":"product","link":"https:\/\/e.kosmolat.eu\/lv\/product\/sulcin-sulsena-sampuns-pret-blaugznam-2-taukainiem-matiem-150-ml\/","title":{"rendered":"&#8220;Sulcin&#8221; Sulsena \u0161amp\u016bns pret blaugzn\u0101m 2% taukainiem matiem, 150 ml"},"content":{"rendered":"<ul>\n<li>Selenium Sulphide 1% veicina atmiru&scaron;o &scaron;\u016bnu akt\u012bvu nolob\u012b&scaron;anu no epidermas virsmas un blaugznu zv\u012b\u0146u no\u0146em&scaron;anu, t\u0101d\u0113j\u0101di regul\u0113jot &scaron;\u016bnu atjauno&scaron;an\u0101s procesu raga sl\u0101n\u012b.<\/li>\n<li>Pundurpalmas ekstrakts 1% nov\u0113r&scaron; p\u0101rm\u0113r\u012bgu galvas \u0101das taukain\u012bbu, normaliz\u0113 tauku dziedzeru darb\u012bbu, nomierina galvas \u0101du.<\/li>\n<\/ul>\n<p><strong>Kontrindik\u0101cijas: <\/strong>paaugstin\u0101ta jut\u012bba pret &scaron;amp\u016bna sast\u0101vda\u013c\u0101m.<\/p>\n<p><strong>Lieto&scaron;ana: <\/strong>uzkl\u0101t uz matiem un galvas \u0101das, iemas\u0113t, noskalot ar \u016bdeni. Uzkl\u0101jiet &scaron;amp\u016bnu divos pieg\u0101jienos. Pirmo reizi tiek nomazg\u0101ts liekais sebums un net\u012brumi, izskalotas blaugznas. Otr\u0101 lieto&scaron;ana \u013cauj akt\u012bvaj\u0101m sast\u0101vda\u013c\u0101m efekt\u012bv\u0101k iedarboties uz galvas \u0101du.<\/p>\n<p><strong>Piesardz\u012bbas pas\u0101kumi:<\/strong>&nbsp;Satur sel\u0113na disulf\u012bdu. Nepie\u013caut nok\u013c\u016b&scaron;anu ac\u012bs vai saskari ar boj\u0101tu \u0101du. Ja iek\u013c\u016bst ac\u012bs izskalot acis ar lielu daudzumu \u016bdens.<\/p>\n<p><strong>Ieteicam\u0101 lieto&scaron;ana:<\/strong> pirmaj\u0101 ned\u0113\u013c\u0101 lietot katru otro dienu, n\u0101kam\u0101s 3 ned\u0113\u013cas &ndash; 2 reizes ned\u0113\u013c\u0101, n\u0101kamajos 3 m\u0113ne&scaron;os &ndash; reizi ned\u0113\u013c\u0101, p\u0113c tam 1-2 reizes m\u0113nes\u012b.<\/p>\n<p>Uzglab\u0101t temperat\u016br\u0101 no +5 &deg;\u0421 l\u012bdz +25 &deg;\u0421.<\/p>\n<p><strong>Der\u012bguma termi\u0146&scaron;: <\/strong>24 m\u0113ne&scaron;i.<br \/>\n&nbsp;<\/p>\n","protected":false},"excerpt":{"rendered":"<p>Selenium Sulphide 1% veicina atmiru&scaron;o &scaron;\u016bnu akt\u012bvu nolob\u012b&scaron;anu no epidermas virsmas un blaugznu zv\u012b\u0146u no\u0146em&scaron;anu, t\u0101d\u0113j\u0101di regul\u0113jot &scaron;\u016bnu atjauno&scaron;an\u0101s procesu raga sl\u0101n\u012b. Pundurpalmas ekstrakts 1% nov\u0113r&scaron; p\u0101rm\u0113r\u012bgu galvas \u0101das taukain\u012bbu, normaliz\u0113 tauku dziedzeru darb\u012bbu, nomierina galvas \u0101du. Kontrindik\u0101cijas: paaugstin\u0101ta jut\u012bba pret &scaron;amp\u016bna sast\u0101vda\u013c\u0101m. Lieto&scaron;ana: uzkl\u0101t uz matiem un galvas \u0101das, iemas\u0113t, noskalot ar \u016bdeni. Uzkl\u0101jiet [&#8230;]\n","protected":false},"featured_media":96722,"template":"","meta":[],"product_cat":[1252],"product_tag":[],"class_list":{"0":"post-33395","1":"product","2":"type-product","3":"status-publish","4":"has-post-thumbnail","6":"product_brand-pharma-group_ua","7":"product_cat-1252","9":"first","10":"instock","11":"taxable","12":"shipping-taxable","13":"product-type-simple"},"_links":{"self":[{"href":"https:\/\/e.kosmolat.eu\/lv\/wp-json\/wp\/v2\/product\/33395","targetHints":{"allow":["GET"]}}],"collection":[{"href":"https:\/\/e.kosmolat.eu\/lv\/wp-json\/wp\/v2\/product"}],"about":[{"href":"https:\/\/e.kosmolat.eu\/lv\/wp-json\/wp\/v2\/types\/product"}],"wp:featuredmedia":[{"embeddable":true,"href":"https:\/\/e.kosmolat.eu\/lv\/wp-json\/wp\/v2\/media\/96722"}],"wp:attachment":[{"href":"https:\/\/e.kosmolat.eu\/lv\/wp-json\/wp\/v2\/media?parent=33395"}],"wp:term":[{"taxonomy":"product_cat","embeddable":true,"href":"https:\/\/e.kosmolat.eu\/lv\/wp-json\/wp\/v2\/product_cat?post=33395"},{"taxonomy":"product_tag","embeddable":true,"href":"https:\/\/e.kosmolat.eu\/lv\/wp-json\/wp\/v2\/product_tag?post=33395"}],"curies":[{"name":"wp","href":"https:\/\/api.w.org\/{rel}","templated":true}]}}