{"id":33387,"date":"2023-12-21T18:32:44","date_gmt":"2023-12-21T18:32:44","guid":{"rendered":"https:\/\/e.kosmolat.eu\/product\/konskij-gel-varikoze-100-ml\/"},"modified":"2026-04-24T06:14:38","modified_gmt":"2026-04-24T06:14:38","slug":"konskij-gel-varikoze-100-ml","status":"publish","type":"product","link":"https:\/\/e.kosmolat.eu\/lv\/product\/konskij-gel-varikoze-100-ml\/","title":{"rendered":"&#8220;Konskij Gel&#8221; &#8220;Varikoze&#8221;, 100 ml"},"content":{"rendered":"<p>Sp\u0113ks, iztur\u012bba un zirgu at\u0161\u0137iro\u0161\u0101 sp\u0113ja atjaunot sp\u0113kus savienojum\u0101 ar dab\u012bgu kust\u012bbu  gr\u0101ciju iedvesmoja m\u016bsu laboratoriju uz \u0137erme\u0146a kop\u0161anas s\u0113rijas izstr\u0101di, kuras pamat\u0101 ir dab\u012bgas sast\u0101vda\u013cas. Katra l\u012bdzek\u013ca \u201ezirga sp\u0113ks\u201d sl\u0113pj\u0101s augst\u0101s efektivit\u0101tes kompleks\u0101, kur\u0161 ir speci\u0101li izstr\u0101d\u0101ts  noteikt\u0101s \u0137erme\u0146a probl\u0113mas risin\u0101\u0161anai.\n<\/p>\n<p>Zirgu g\u0113ls \u201eVarikoze\u201d speci\u0101li piem\u0113rots \u0101dai ar varikozu papla\u0161in\u0101tu v\u0113nu paz\u012bm\u0113m. L\u012bdzek\u013ca optim\u0101la forma ir g\u0113ls, kas piem\u0113rots papildus \u0101das kop\u0161anai ar varikozo v\u0113nu papla\u0161in\u0101\u0161anos.T\u0101 viegl\u0101 konsistence \u0101tri ies\u016bc\u0101s un nodro\u0161ina augstu akt\u012bvo vielu  ie\u0137\u013c\u016b\u0161anas sp\u0113ju caur \u0101das barjeru.\n<\/p>\n<p>Satur akt\u012bvus komponentus, kuri veicina \u0101das st\u0101vok\u013ca uzlabo\u0161anos varikozes gad\u012bjum\u0101.\n<\/p>\n<h4>\nSatur\u0101:<\/h4>\n<p>Zirgkastanis<br \/>\n &#8211;\u00a0<span style=\"line-height: 1.42857;\">(Aescukus hippocastanum) stiprina mikrocirkul\u0101ciju \u0101das virs\u0113jos sl\u0101\u0146os, kas veicina \u0101das \u0161\u016bnu baro\u0161anu un \u0101das elast\u012bbas atjauno\u0161anu.\u00a0<\/span><\/p>\n<p>D\u0113les ekstrakts<br \/>\n &#8211;\u00a0<span style=\"line-height: 1.42857;\">(Hirudo medicinalis) toniz\u0113 \u0101du, nov\u0113r\u0161 iekausumu un piet\u016bkumu, samazina \u0101das \u013cenganumu, paaugstina t\u0101s tvirtumu.\u00a0<\/span><\/p>\n<p>\n<span style=\"line-height: 1.42857;\">Sald\u016bdens s\u016bklis &#8211;\u00a0<\/span><span style=\"line-height: 1.42857;\">(Spongillidae) aktiviz\u0113 asinsapriti un apmai\u0146as procesus \u0101d\u0101, nov\u0113r\u0161 smagumu un nogurumu k\u0101j\u0101s, Sarkano v\u012bnogu lap\u0101m (Vitis Vinifera Leaf) piem\u012bt v\u0113nu toniz\u0113jo\u0161\u0101 un antioksidantu iedarb\u012bba. Mazina piet\u016bkumu, paaugstina v\u0113nu sieni\u0146u  tonusu, aizkav\u0113 varikoz\u0101s slim\u012bbas att\u012bst\u012bbu.\u00a0<\/span><\/p>\n<p>\n<span style=\"line-height: 1.42857;\">Rut\u012bns &#8211;\u00a0<\/span><span style=\"line-height: 1.42857;\">(Rutin) efekt\u012bvi stiprina kapil\u0101rus, mazina asinsvadu caurlaid\u012bbu, padarot tos elast\u012bg\u0101kus.\u00a0<\/span><\/p>\n<p><span style=\"line-height: 1.42857;\">Laka\u010di &#8211;\u00a0<\/span><span style=\"line-height: 1.42857;\">(Pulmonaria Officinalis) sarur mikroelementu kompleksu, kur\u0161 labv\u0113l\u012bgi iedarboj\u0101s us asin\u012bm, k\u0101 ar\u012b vielas, kuras kav\u0113 trombu ra\u0161anos un att\u012bst\u012bbu. \u00a0<\/span><\/p>\n<h4>\n<span style=\"line-height: 1.42857;\">Lieto\u0161anas rekomend\u0101cijas:\u00a0<\/span><\/h4>\n<p>-nosliece uz k\u0101ju piet\u016bkumu.\n<\/p>\n<p>-paaugstin\u0101ta slodze uz apak\u0161\u0113j\u0101m ekstremit\u0101t\u0113m intens\u012bvu sporta nodarb\u012bbu laik\u0101, past\u0101v\u012bgi vai ilgsto\u0161i staig\u0101jot uz augstiem pap\u0113ziem\n<\/p>\n<p>-darbs uz k\u0101j\u0101m bez kust\u012bb\u0101m.\n<\/p>\n<h4>\n<span style=\"line-height: 1.42857;\">Lieto\u0161ana: <\/span><\/h4>\n<p><span style=\"line-height: 1.42857;\">uzkl\u0101t uz apak\u0161stilba mas\u0101\u017eas kust\u012bb\u0101m no p\u0113das gurnu virzien\u0101 2-3 reizes dien\u0101.\u00a0<\/span><\/p>\n","protected":false},"excerpt":{"rendered":"<p>Sp\u0113ks, iztur\u012bba un zirgu at\u0161\u0137iro\u0161\u0101 sp\u0113ja atjaunot sp\u0113kus savienojum\u0101 ar dab\u012bgu kust\u012bbu gr\u0101ciju iedvesmoja m\u016bsu laboratoriju uz \u0137erme\u0146a kop\u0161anas s\u0113rijas izstr\u0101di, kuras pamat\u0101 ir dab\u012bgas sast\u0101vda\u013cas. Katra l\u012bdzek\u013ca \u201ezirga sp\u0113ks\u201d sl\u0113pj\u0101s augst\u0101s efektivit\u0101tes kompleks\u0101, kur\u0161 ir speci\u0101li izstr\u0101d\u0101ts noteikt\u0101s \u0137erme\u0146a probl\u0113mas risin\u0101\u0161anai. Zirgu g\u0113ls \u201eVarikoze\u201d speci\u0101li piem\u0113rots \u0101dai ar varikozu papla\u0161in\u0101tu v\u0113nu paz\u012bm\u0113m. L\u012bdzek\u013ca optim\u0101la [&#8230;]\n","protected":false},"featured_media":96714,"template":"","meta":[],"product_cat":[1761],"product_tag":[],"class_list":{"0":"post-33387","1":"product","2":"type-product","3":"status-publish","4":"has-post-thumbnail","6":"product_brand-pharma-group_ua","7":"product_cat-kaju-kopsanas-kosmetika","9":"first","10":"instock","11":"taxable","12":"shipping-taxable","13":"product-type-simple"},"_links":{"self":[{"href":"https:\/\/e.kosmolat.eu\/lv\/wp-json\/wp\/v2\/product\/33387","targetHints":{"allow":["GET"]}}],"collection":[{"href":"https:\/\/e.kosmolat.eu\/lv\/wp-json\/wp\/v2\/product"}],"about":[{"href":"https:\/\/e.kosmolat.eu\/lv\/wp-json\/wp\/v2\/types\/product"}],"wp:featuredmedia":[{"embeddable":true,"href":"https:\/\/e.kosmolat.eu\/lv\/wp-json\/wp\/v2\/media\/96714"}],"wp:attachment":[{"href":"https:\/\/e.kosmolat.eu\/lv\/wp-json\/wp\/v2\/media?parent=33387"}],"wp:term":[{"taxonomy":"product_cat","embeddable":true,"href":"https:\/\/e.kosmolat.eu\/lv\/wp-json\/wp\/v2\/product_cat?post=33387"},{"taxonomy":"product_tag","embeddable":true,"href":"https:\/\/e.kosmolat.eu\/lv\/wp-json\/wp\/v2\/product_tag?post=33387"}],"curies":[{"name":"wp","href":"https:\/\/api.w.org\/{rel}","templated":true}]}}