{"id":33383,"date":"2023-12-21T18:32:27","date_gmt":"2023-12-21T18:32:27","guid":{"rendered":"https:\/\/e.kosmolat.eu\/product\/dolce-vero-geizers-bumba-vannam-pistacijas-cheesecake-75-g\/"},"modified":"2025-07-08T13:44:42","modified_gmt":"2025-07-08T13:44:42","slug":"i_dolce-vero-geizers-bumba-vannam-pistacijas-cheesecake-75-g","status":"publish","type":"product","link":"https:\/\/e.kosmolat.eu\/lv\/product\/i_dolce-vero-geizers-bumba-vannam-pistacijas-cheesecake-75-g\/","title":{"rendered":"I_&#8221;Dolce Vero&#8221; Geizers bumba vann\u0101m &#8220;Pist\u0101cijas cheesecake&#8221;, 75 g"},"content":{"rendered":"<p>Dolce Vero Pist\u0101cijas siera k\u016bkas vannas bumba 75g<\/p>\n","protected":false},"excerpt":{"rendered":"<p>Dolce Vero Pist\u0101cijas siera k\u016bkas vannas bumba 75g<\/p>\n","protected":false},"featured_media":4834,"template":"","meta":[],"product_cat":[1610],"product_tag":[],"class_list":{"0":"post-33383","1":"product","2":"type-product","3":"status-publish","4":"has-post-thumbnail","6":"product_brand-aqua-cosmetics_ua","7":"product_cat-vannas-putas-sali-bumbas","9":"first","10":"outofstock","11":"taxable","12":"shipping-taxable","13":"product-type-simple"},"_links":{"self":[{"href":"https:\/\/e.kosmolat.eu\/lv\/wp-json\/wp\/v2\/product\/33383","targetHints":{"allow":["GET"]}}],"collection":[{"href":"https:\/\/e.kosmolat.eu\/lv\/wp-json\/wp\/v2\/product"}],"about":[{"href":"https:\/\/e.kosmolat.eu\/lv\/wp-json\/wp\/v2\/types\/product"}],"wp:featuredmedia":[{"embeddable":true,"href":"https:\/\/e.kosmolat.eu\/lv\/wp-json\/wp\/v2\/media\/4834"}],"wp:attachment":[{"href":"https:\/\/e.kosmolat.eu\/lv\/wp-json\/wp\/v2\/media?parent=33383"}],"wp:term":[{"taxonomy":"product_cat","embeddable":true,"href":"https:\/\/e.kosmolat.eu\/lv\/wp-json\/wp\/v2\/product_cat?post=33383"},{"taxonomy":"product_tag","embeddable":true,"href":"https:\/\/e.kosmolat.eu\/lv\/wp-json\/wp\/v2\/product_tag?post=33383"}],"curies":[{"name":"wp","href":"https:\/\/api.w.org\/{rel}","templated":true}]}}