{"id":33363,"date":"2023-12-21T18:30:37","date_gmt":"2023-12-21T18:30:37","guid":{"rendered":"https:\/\/e.kosmolat.eu\/product\/vc-skidras-ziepes-apelsins-doy-pack-500-ml\/"},"modified":"2026-03-31T18:36:19","modified_gmt":"2026-03-31T18:36:19","slug":"vc-skidras-ziepes-apelsins-doy-pack-500-ml","status":"publish","type":"product","link":"https:\/\/e.kosmolat.eu\/lv\/product\/vc-skidras-ziepes-apelsins-doy-pack-500-ml\/","title":{"rendered":"VC \u0160\u0137idr\u0101s ziepes &#8220;Apels\u012bns&#8221;, doy-pack 500 ml"},"content":{"rendered":"<p>Nevainojamas \u0101das nosl\u0113pums ir nevainojama att\u012br\u012b\u0161ana, kop\u0161ana un mitrin\u0101\u0161ana, ko nodro\u0161ina TM Vital Charm \u0161\u0137idr\u0101s ziepes. \u0160\u0137idr\u0101s ziepes satur dab\u012bgu j\u016bras s\u0101li, apriko\u017eu un apels\u012bnu ekstraktus un glicer\u012bnu.<\/p>\n<p>J\u016bras s\u0101ls bag\u0101tina \u0101du ar v\u0113rt\u012bgiem mikroelementiem un stimul\u0113 \u0161\u016bnu atjauno\u0161anos.<br \/>\nApriko\u017eu un apels\u012bnu ekstrakti baro \u0101du, pies\u0101tinot to ar vitam\u012bniem.<br \/>\nGlicer\u012bns mitrina \u0101du, pie\u0161\u0137irot tai m\u012bkstuma un gluduma saj\u016btu.<br \/>\nAug\u013cu un citrusaug\u013cu arom\u0101ts uzlabos garast\u0101vokli un sniegs ener\u0123iju visai dienai.<\/p>\n<p>Lieto\u0161ana: uzkl\u0101t da\u017eus ziepju pilienus uz mitras \u0101das, saputot, p\u0113c tam noskalot ar \u016bdeni.<\/p>\n<p>Piesardz\u012bbas pas\u0101kumi: Izmantot tikai paredz\u0113tajam m\u0113r\u0137im. Uzglab\u0101t b\u0113rniem nepieejam\u0101 viet\u0101.<\/p>\n<p>Der\u012bguma termi\u0146\u0161: 30 m\u0113ne\u0161i no izgatavo\u0161anas datuma.<\/p>\n<p>Uzglab\u0101t temperat\u016br\u0101 no +5 \u00b0\u0421 l\u012bdz +25 \u00b0\u0421, sarg\u0101jot no tie\u0161iem saules stariem.<\/p>\n","protected":false},"excerpt":{"rendered":"<p>Nevainojamas \u0101das nosl\u0113pums ir nevainojama att\u012br\u012b\u0161ana, kop\u0161ana un mitrin\u0101\u0161ana, ko nodro\u0161ina TM Vital Charm \u0161\u0137idr\u0101s ziepes. \u0160\u0137idr\u0101s ziepes satur dab\u012bgu j\u016bras s\u0101li, apriko\u017eu un apels\u012bnu ekstraktus un glicer\u012bnu. J\u016bras s\u0101ls bag\u0101tina \u0101du ar v\u0113rt\u012bgiem mikroelementiem un stimul\u0113 \u0161\u016bnu atjauno\u0161anos. Apriko\u017eu un apels\u012bnu ekstrakti baro \u0101du, pies\u0101tinot to ar vitam\u012bniem. Glicer\u012bns mitrina \u0101du, pie\u0161\u0137irot tai m\u012bkstuma [&#8230;]\n","protected":false},"featured_media":96706,"template":"","meta":[],"product_cat":[1746],"product_tag":[],"class_list":{"0":"post-33363","1":"product","2":"type-product","3":"status-publish","4":"has-post-thumbnail","6":"product_brand-aqua-cosmetics_ua","7":"product_cat-skidras-ziepes","9":"first","10":"outofstock","11":"taxable","12":"shipping-taxable","13":"product-type-simple"},"_links":{"self":[{"href":"https:\/\/e.kosmolat.eu\/lv\/wp-json\/wp\/v2\/product\/33363","targetHints":{"allow":["GET"]}}],"collection":[{"href":"https:\/\/e.kosmolat.eu\/lv\/wp-json\/wp\/v2\/product"}],"about":[{"href":"https:\/\/e.kosmolat.eu\/lv\/wp-json\/wp\/v2\/types\/product"}],"wp:featuredmedia":[{"embeddable":true,"href":"https:\/\/e.kosmolat.eu\/lv\/wp-json\/wp\/v2\/media\/96706"}],"wp:attachment":[{"href":"https:\/\/e.kosmolat.eu\/lv\/wp-json\/wp\/v2\/media?parent=33363"}],"wp:term":[{"taxonomy":"product_cat","embeddable":true,"href":"https:\/\/e.kosmolat.eu\/lv\/wp-json\/wp\/v2\/product_cat?post=33363"},{"taxonomy":"product_tag","embeddable":true,"href":"https:\/\/e.kosmolat.eu\/lv\/wp-json\/wp\/v2\/product_tag?post=33363"}],"curies":[{"name":"wp","href":"https:\/\/api.w.org\/{rel}","templated":true}]}}