{"id":33355,"date":"2023-12-21T18:29:29","date_gmt":"2023-12-21T18:29:29","guid":{"rendered":"https:\/\/e.kosmolat.eu\/product\/srk-masazas-gels-balzams-radikulita-70-ml\/"},"modified":"2024-12-03T14:13:42","modified_gmt":"2024-12-03T14:13:42","slug":"srk-masazas-gels-balzams-radikulita-70-ml","status":"publish","type":"product","link":"https:\/\/e.kosmolat.eu\/lv\/product\/srk-masazas-gels-balzams-radikulita-70-ml\/","title":{"rendered":"SRK Mas\u0101\u017eas g\u0113ls-balzams &#8220;Radikul\u012bta&#8221;, 70 ml"},"content":{"rendered":"<p>Mas\u0101\u017eas un &#8220;Radikul\u012bta balzams&#8221; lieto\u0161anas kombin\u0101cija, pal\u012bdz\u0113s \u0101tri nov\u0113rst saspringumu un nogurumu. L\u012bdzeklim &#8220;Radikul\u012bta balzams&#8221; piem\u012bt sasildo\u0161a iedarb\u012bba, uzlabo mikrocirkul\u0101ciju \u0101d\u0101. Nav \u0101rstniecisks l\u012bdzeklis.<\/p>\n<p>Lieto\u0161ana: nelielu daudzumu \u017eelejas uzkl\u0101t uz \u0101das un ener\u011fiski ier\u012bv\u0113t. Nelietot b\u0113rniem l\u012bdz 3 gadu vecumam!<\/p>\n","protected":false},"excerpt":{"rendered":"<p>Mas\u0101\u017eas un &#8220;Radikul\u012bta balzams&#8221; lieto\u0161anas kombin\u0101cija, pal\u012bdz\u0113s \u0101tri nov\u0113rst saspringumu un nogurumu. L\u012bdzeklim &#8220;Radikul\u012bta balzams&#8221; piem\u012bt sasildo\u0161a iedarb\u012bba, uzlabo mikrocirkul\u0101ciju \u0101d\u0101. Nav \u0101rstniecisks l\u012bdzeklis. Lieto\u0161ana: nelielu daudzumu \u017eelejas uzkl\u0101t uz \u0101das un ener\u011fiski ier\u012bv\u0113t. Nelietot b\u0113rniem l\u012bdz 3 gadu vecumam!<\/p>\n","protected":false},"featured_media":4538,"template":"","meta":[],"product_cat":[1388],"product_tag":[],"class_list":{"0":"post-33355","1":"product","2":"type-product","3":"status-publish","4":"has-post-thumbnail","6":"product_brand-unilever-rus","7":"product_cat-kermena-kremi-pienini-sviesti","9":"first","10":"outofstock","11":"taxable","12":"shipping-taxable","13":"product-type-simple"},"_links":{"self":[{"href":"https:\/\/e.kosmolat.eu\/lv\/wp-json\/wp\/v2\/product\/33355","targetHints":{"allow":["GET"]}}],"collection":[{"href":"https:\/\/e.kosmolat.eu\/lv\/wp-json\/wp\/v2\/product"}],"about":[{"href":"https:\/\/e.kosmolat.eu\/lv\/wp-json\/wp\/v2\/types\/product"}],"wp:featuredmedia":[{"embeddable":true,"href":"https:\/\/e.kosmolat.eu\/lv\/wp-json\/wp\/v2\/media\/4538"}],"wp:attachment":[{"href":"https:\/\/e.kosmolat.eu\/lv\/wp-json\/wp\/v2\/media?parent=33355"}],"wp:term":[{"taxonomy":"product_cat","embeddable":true,"href":"https:\/\/e.kosmolat.eu\/lv\/wp-json\/wp\/v2\/product_cat?post=33355"},{"taxonomy":"product_tag","embeddable":true,"href":"https:\/\/e.kosmolat.eu\/lv\/wp-json\/wp\/v2\/product_tag?post=33355"}],"curies":[{"name":"wp","href":"https:\/\/api.w.org\/{rel}","templated":true}]}}