{"id":33351,"date":"2023-12-21T18:29:11","date_gmt":"2023-12-21T18:29:11","guid":{"rendered":"https:\/\/e.kosmolat.eu\/product\/cz-micelarais-udens-sejai-lupam-acu-plakstiniem-250-ml\/"},"modified":"2025-06-12T08:47:45","modified_gmt":"2025-06-12T08:47:45","slug":"cz-micelarais-udens-sejai-lupam-acu-plakstiniem-250-ml","status":"publish","type":"product","link":"https:\/\/e.kosmolat.eu\/lv\/product\/cz-micelarais-udens-sejai-lupam-acu-plakstiniem-250-ml\/","title":{"rendered":"CZ Micel\u0101rais \u016bdens sejai, l\u016bp\u0101m, acu plaksti\u0146iem, 250 ml"},"content":{"rendered":"<p>Tas ir ultra m\u016bsdien\u012bgs sejas \u0101das att\u012br\u012b\u0161anas l\u012bdzeklis uz mikroda\u013ci\u0146u &#8211; micellu b\u0101zes:<\/p>\n<ul>\n<li>ar vienu kust\u012bbu no\u0146em pat notur\u012bgu makij\u0101\u017eu<\/li>\n<li>dzi\u013ci att\u012bra \u0101dnu no net\u012bruiem un toks\u012bniem<\/li>\n<li>iedarboj\u0101s maksim\u0101li dro\u0161i un maigi<\/li>\n<li>BEZ kairin\u0101juma un diskomforta<\/li>\n<\/ul>\n<p><strong>Lieto\u0161ana:<\/strong>&nbsp;samitriniet vates disku un r\u016bp\u012bgi not\u012briet sejas un l\u016bpu \u0101du pa mas\u0101\u017eas l\u012bnij\u0101m. Kosm\u0113tikas no\u0146em\u0161anai no acu plaksti\u0146iem pielieciet samitrin\u0101tu vates disku pie plaksti\u0146u \u0101das un skropst\u0101m uz da\u017e\u0101m sekudn\u0113m, p\u0113c tam bez berz\u0113\u0161anas not\u012b\u0157iet makij\u0101\u017eas p\u0101rpalikumus.<\/p>\n","protected":false},"excerpt":{"rendered":"<p>Tas ir ultra m\u016bsdien\u012bgs sejas \u0101das att\u012br\u012b\u0161anas l\u012bdzeklis uz mikroda\u013ci\u0146u &#8211; micellu b\u0101zes: ar vienu kust\u012bbu no\u0146em pat notur\u012bgu makij\u0101\u017eu dzi\u013ci att\u012bra \u0101dnu no net\u012bruiem un toks\u012bniem iedarboj\u0101s maksim\u0101li dro\u0161i un maigi BEZ kairin\u0101juma un diskomforta Lieto\u0161ana:&nbsp;samitriniet vates disku un r\u016bp\u012bgi not\u012briet sejas un l\u016bpu \u0101du pa mas\u0101\u017eas l\u012bnij\u0101m. Kosm\u0113tikas no\u0146em\u0161anai no acu plaksti\u0146iem pielieciet [&#8230;]\n","protected":false},"featured_media":4250,"template":"","meta":[],"product_cat":[1568],"product_tag":[],"class_list":{"0":"post-33351","1":"product","2":"type-product","3":"status-publish","4":"has-post-thumbnail","6":"product_brand-unilever-rus","7":"product_cat-micelarais-udens","9":"first","10":"outofstock","11":"taxable","12":"shipping-taxable","13":"product-type-simple"},"_links":{"self":[{"href":"https:\/\/e.kosmolat.eu\/lv\/wp-json\/wp\/v2\/product\/33351","targetHints":{"allow":["GET"]}}],"collection":[{"href":"https:\/\/e.kosmolat.eu\/lv\/wp-json\/wp\/v2\/product"}],"about":[{"href":"https:\/\/e.kosmolat.eu\/lv\/wp-json\/wp\/v2\/types\/product"}],"wp:featuredmedia":[{"embeddable":true,"href":"https:\/\/e.kosmolat.eu\/lv\/wp-json\/wp\/v2\/media\/4250"}],"wp:attachment":[{"href":"https:\/\/e.kosmolat.eu\/lv\/wp-json\/wp\/v2\/media?parent=33351"}],"wp:term":[{"taxonomy":"product_cat","embeddable":true,"href":"https:\/\/e.kosmolat.eu\/lv\/wp-json\/wp\/v2\/product_cat?post=33351"},{"taxonomy":"product_tag","embeddable":true,"href":"https:\/\/e.kosmolat.eu\/lv\/wp-json\/wp\/v2\/product_tag?post=33351"}],"curies":[{"name":"wp","href":"https:\/\/api.w.org\/{rel}","templated":true}]}}