{"id":33347,"date":"2023-12-21T18:28:46","date_gmt":"2023-12-21T18:28:46","guid":{"rendered":"https:\/\/e.kosmolat.eu\/product\/akademija-prirodi-mikst-pirts-ziepes-darvas-500-g\/"},"modified":"2025-08-06T06:12:07","modified_gmt":"2025-08-06T06:12:07","slug":"akademija-prirodi-mikst-pirts-ziepes-darvas-500-g","status":"publish","type":"product","link":"https:\/\/e.kosmolat.eu\/lv\/product\/akademija-prirodi-mikst-pirts-ziepes-darvas-500-g\/","title":{"rendered":"Akademija Prirodi M\u012bkst. pirts ziepes Darvas, 500 g"},"content":{"rendered":"<p>M\u012bkst\u0101s ziepes uz b\u0113rza darvas b\u0101zes efekt\u012bvi att\u012bra un kopj taukainu un problem\u0101tisku \u0101du.&nbsp;<\/p>\n<ul>\n<li>Dab\u012bgie ozola, &nbsp;hohobas un kumel\u012b&scaron;u ekstrakti padara \u0101du elast\u012bgu un samtainu. Augu izcelsmes sast\u0101vda\u013cas nodro&scaron;ina \u0101tru un ilgsto&scaron;u \u0101das mitrin\u0101&scaron;anu.<\/li>\n<li>E vitam\u012bns un pantenols uzlabo \u0101das dabisko hidrolip\u012bdu sl\u0101\u0146a st\u0101vokli.<\/li>\n<li>Ol\u012bve\u013c\u013ca un persiku e\u013c\u013ca m\u012bkstina un baro \u0101du.<\/li>\n<\/ul>\n<p>Var izmantot ar\u012b matu mazg\u0101&scaron;anai. Ziepju formula labi att\u012bra matus, padarot tos stiprus, elast\u012bgus, un mirdzo&scaron;us.<\/p>\n<p><strong>Lieto&scaron;ana:<\/strong> uzkl\u0101t nepiecie&scaron;amo ziepju daudzumu uz mitra \u0137erme\u0146a un\/vai matiem, iemas\u0113t, r\u016bp\u012bgi izskalot ar lielu daudzumu \u016bdens.<\/p>\n<p><strong>Svar\u012bga inform\u0101cija:<\/strong> produkta kr\u0101su nosaka tikai dab\u012bgas izcelsmes sast\u0101vda\u013cas, t\u0101p\u0113c ir iesp\u0113jamas at&scaron;\u0137ir\u012bbas to\u0146u un kr\u0101su intensit\u0101t\u0113. Uzglab\u0101&scaron;anas laik\u0101 var main\u012bties produkta kr\u0101sa, kas neietekm\u0113 t\u0101 pat\u0113r\u0113t\u0101ja \u012bpa&scaron;\u012bbas.<\/p>\n<p>Uzglab\u0101t temperat\u016br\u0101 no +5 &deg;C l\u012bdz +25 &deg;C.<br \/>\n&nbsp;<\/p>\n","protected":false},"excerpt":{"rendered":"<p>M\u012bkst\u0101s ziepes uz b\u0113rza darvas b\u0101zes efekt\u012bvi att\u012bra un kopj taukainu un problem\u0101tisku \u0101du.&nbsp; Dab\u012bgie ozola, &nbsp;hohobas un kumel\u012b&scaron;u ekstrakti padara \u0101du elast\u012bgu un samtainu. Augu izcelsmes sast\u0101vda\u013cas nodro&scaron;ina \u0101tru un ilgsto&scaron;u \u0101das mitrin\u0101&scaron;anu. E vitam\u012bns un pantenols uzlabo \u0101das dabisko hidrolip\u012bdu sl\u0101\u0146a st\u0101vokli. Ol\u012bve\u013c\u013ca un persiku e\u013c\u013ca m\u012bkstina un baro \u0101du. Var izmantot ar\u012b [&#8230;]\n","protected":false},"featured_media":28608,"template":"","meta":[],"product_cat":[1607],"product_tag":[],"class_list":{"0":"post-33347","1":"product","2":"type-product","3":"status-publish","4":"has-post-thumbnail","6":"product_brand-modum_by","7":"product_cat-ziepes","9":"first","10":"outofstock","11":"taxable","12":"shipping-taxable","13":"product-type-simple"},"_links":{"self":[{"href":"https:\/\/e.kosmolat.eu\/lv\/wp-json\/wp\/v2\/product\/33347","targetHints":{"allow":["GET"]}}],"collection":[{"href":"https:\/\/e.kosmolat.eu\/lv\/wp-json\/wp\/v2\/product"}],"about":[{"href":"https:\/\/e.kosmolat.eu\/lv\/wp-json\/wp\/v2\/types\/product"}],"wp:featuredmedia":[{"embeddable":true,"href":"https:\/\/e.kosmolat.eu\/lv\/wp-json\/wp\/v2\/media\/28608"}],"wp:attachment":[{"href":"https:\/\/e.kosmolat.eu\/lv\/wp-json\/wp\/v2\/media?parent=33347"}],"wp:term":[{"taxonomy":"product_cat","embeddable":true,"href":"https:\/\/e.kosmolat.eu\/lv\/wp-json\/wp\/v2\/product_cat?post=33347"},{"taxonomy":"product_tag","embeddable":true,"href":"https:\/\/e.kosmolat.eu\/lv\/wp-json\/wp\/v2\/product_tag?post=33347"}],"curies":[{"name":"wp","href":"https:\/\/api.w.org\/{rel}","templated":true}]}}