{"id":33331,"date":"2023-12-21T18:27:25","date_gmt":"2023-12-21T18:27:25","guid":{"rendered":"https:\/\/e.kosmolat.eu\/product\/msp-matu-laka-ekstra-fiksacija-625-ml\/"},"modified":"2026-04-01T07:11:02","modified_gmt":"2026-04-01T07:11:02","slug":"msp-matu-laka-ekstra-fiksacija-625-ml","status":"publish","type":"product","link":"https:\/\/e.kosmolat.eu\/lv\/product\/msp-matu-laka-ekstra-fiksacija-625-ml\/","title":{"rendered":"MSP Matu laka Ekstra fiks\u0101cija, 625 ml"},"content":{"rendered":"<p>Maksim\u0101la fiks\u0101cija ide\u0101lai matu ieveido&scaron;anai. Izstr\u0101d\u0101ts un p\u0101rbaud\u012bts uz atbilst\u012bbu salona kvalit\u0101tei. Satur provitam\u012bnu B5 matu vesel\u012bbai. Satur UV filtru aizsardz\u012bbai pret saules starojumu.&nbsp;<\/p>\n<p><strong>Lieto&scaron;ana:<\/strong> viegli un vienm\u0113r\u012bgi izsmidzin\u0101t uz matiem no 30 cm att\u0101luma, izvairoties no saskares ar ac\u012bm.<\/p>\n<p><strong>B\u012bstami! <\/strong>\u012apa&scaron;i viegli uzliesmojo&scaron;s aerosols. Tvertne zem spiediena: karstum\u0101 var eksplod\u0113t. Sarg\u0101t no karstuma, karst\u0101m virsm\u0101m, dzirkstel\u0113m, atkl\u0101tas uguns un citiem aizdeg&scaron;an\u0101s avotiem. Nesm\u0113\u0137\u0113t. Neizsmidzin\u0101t uz atkl\u0101tas uguns vai citiem aizdeg&scaron;an\u0101s avotiem. Nedurt vai nededzin\u0101t, ar\u012b p\u0113c izlieto&scaron;anas. Aizsarg\u0101t no saules gaismas. Nepak\u013caut temperat\u016brai, kas p\u0101rsniedz 50 &ordm;C\/122 &ordm;F. Sarg\u0101t no b\u0113rniem.<\/p>\n","protected":false},"excerpt":{"rendered":"<p>Maksim\u0101la fiks\u0101cija ide\u0101lai matu ieveido&scaron;anai. Izstr\u0101d\u0101ts un p\u0101rbaud\u012bts uz atbilst\u012bbu salona kvalit\u0101tei. Satur provitam\u012bnu B5 matu vesel\u012bbai. Satur UV filtru aizsardz\u012bbai pret saules starojumu.&nbsp; Lieto&scaron;ana: viegli un vienm\u0113r\u012bgi izsmidzin\u0101t uz matiem no 30 cm att\u0101luma, izvairoties no saskares ar ac\u012bm. B\u012bstami! \u012apa&scaron;i viegli uzliesmojo&scaron;s aerosols. Tvertne zem spiediena: karstum\u0101 var eksplod\u0113t. Sarg\u0101t no karstuma, karst\u0101m [&#8230;]\n","protected":false},"featured_media":96674,"template":"","meta":[],"product_cat":[1644],"product_tag":[],"class_list":{"0":"post-33331","1":"product","2":"type-product","3":"status-publish","4":"has-post-thumbnail","6":"product_brand-statestrong_gb","7":"product_cat-lakas","9":"first","10":"outofstock","11":"taxable","12":"shipping-taxable","13":"product-type-simple"},"_links":{"self":[{"href":"https:\/\/e.kosmolat.eu\/lv\/wp-json\/wp\/v2\/product\/33331","targetHints":{"allow":["GET"]}}],"collection":[{"href":"https:\/\/e.kosmolat.eu\/lv\/wp-json\/wp\/v2\/product"}],"about":[{"href":"https:\/\/e.kosmolat.eu\/lv\/wp-json\/wp\/v2\/types\/product"}],"wp:featuredmedia":[{"embeddable":true,"href":"https:\/\/e.kosmolat.eu\/lv\/wp-json\/wp\/v2\/media\/96674"}],"wp:attachment":[{"href":"https:\/\/e.kosmolat.eu\/lv\/wp-json\/wp\/v2\/media?parent=33331"}],"wp:term":[{"taxonomy":"product_cat","embeddable":true,"href":"https:\/\/e.kosmolat.eu\/lv\/wp-json\/wp\/v2\/product_cat?post=33331"},{"taxonomy":"product_tag","embeddable":true,"href":"https:\/\/e.kosmolat.eu\/lv\/wp-json\/wp\/v2\/product_tag?post=33331"}],"curies":[{"name":"wp","href":"https:\/\/api.w.org\/{rel}","templated":true}]}}