{"id":33319,"date":"2023-12-21T18:26:30","date_gmt":"2023-12-21T18:26:30","guid":{"rendered":"https:\/\/e.kosmolat.eu\/product\/i_ptsalon-matu-zeleja-stipra-fiksacija-250-ml\/"},"modified":"2026-03-31T18:33:50","modified_gmt":"2026-03-31T18:33:50","slug":"ptsalon-matu-zeleja-stipra-fiksacija-250-ml","status":"publish","type":"product","link":"https:\/\/e.kosmolat.eu\/lv\/product\/ptsalon-matu-zeleja-stipra-fiksacija-250-ml\/","title":{"rendered":"&#8220;PTSalon&#8221; Matu \u017eeleja &#8220;Stipra fiks\u0101cija&#8221;, 250 ml"},"content":{"rendered":"<p>E un B5 vitam\u012bni. <\/p>\n<p>LIETO\u0160ANA: Uzkl\u0101t uz mitriem vai sausiem matiem. Ieveidot matus. Izvair\u012bties no kontakta ar ac\u012bm un boj\u0101tas \u0101das.<\/p>\n","protected":false},"excerpt":{"rendered":"<p>E un B5 vitam\u012bni. LIETO\u0160ANA: Uzkl\u0101t uz mitriem vai sausiem matiem. Ieveidot matus. Izvair\u012bties no kontakta ar ac\u012bm un boj\u0101tas \u0101das.<\/p>\n","protected":false},"featured_media":96686,"template":"","meta":[],"product_cat":[1653],"product_tag":[],"class_list":{"0":"post-33319","1":"product","2":"type-product","3":"status-publish","4":"has-post-thumbnail","6":"product_brand-statestrong_gb","7":"product_cat-geliai-kremai-aliejai-ir-kt","9":"first","10":"outofstock","11":"taxable","12":"shipping-taxable","13":"product-type-simple"},"_links":{"self":[{"href":"https:\/\/e.kosmolat.eu\/lv\/wp-json\/wp\/v2\/product\/33319","targetHints":{"allow":["GET"]}}],"collection":[{"href":"https:\/\/e.kosmolat.eu\/lv\/wp-json\/wp\/v2\/product"}],"about":[{"href":"https:\/\/e.kosmolat.eu\/lv\/wp-json\/wp\/v2\/types\/product"}],"wp:featuredmedia":[{"embeddable":true,"href":"https:\/\/e.kosmolat.eu\/lv\/wp-json\/wp\/v2\/media\/96686"}],"wp:attachment":[{"href":"https:\/\/e.kosmolat.eu\/lv\/wp-json\/wp\/v2\/media?parent=33319"}],"wp:term":[{"taxonomy":"product_cat","embeddable":true,"href":"https:\/\/e.kosmolat.eu\/lv\/wp-json\/wp\/v2\/product_cat?post=33319"},{"taxonomy":"product_tag","embeddable":true,"href":"https:\/\/e.kosmolat.eu\/lv\/wp-json\/wp\/v2\/product_tag?post=33319"}],"curies":[{"name":"wp","href":"https:\/\/api.w.org\/{rel}","templated":true}]}}