{"id":33315,"date":"2023-12-21T18:26:16","date_gmt":"2023-12-21T18:26:16","guid":{"rendered":"https:\/\/e.kosmolat.eu\/product\/ptsalon-matu-zeleja-loti-stipras-fiksacijas-250-ml\/"},"modified":"2024-10-15T06:58:35","modified_gmt":"2024-10-15T06:58:35","slug":"i_ptsalon-matu-zeleja-super-stipra-fiksacija-250-ml","status":"publish","type":"product","link":"https:\/\/e.kosmolat.eu\/lv\/product\/i_ptsalon-matu-zeleja-super-stipra-fiksacija-250-ml\/","title":{"rendered":"I_&#8221;PTSalon&#8221; Matu \u017eeleja &#8220;Super Stipra fiks\u0101cija&#8221;, 250 ml"},"content":{"rendered":"<p>Satur vitam\u012bnu E un B5.<\/p>\n<p><strong>Lieto\u0161ana:<\/strong> uzkl\u0101t uz mitriem vai sausiem matiem. Ieveidot matus. Izvair\u012bties no kontakta ar ac\u012bm un boj\u0101tas \u0101das.<\/p>\n","protected":false},"excerpt":{"rendered":"<p>Satur vitam\u012bnu E un B5. Lieto\u0161ana: uzkl\u0101t uz mitriem vai sausiem matiem. Ieveidot matus. Izvair\u012bties no kontakta ar ac\u012bm un boj\u0101tas \u0101das.<\/p>\n","protected":false},"featured_media":6922,"template":"","meta":[],"product_cat":[1651],"product_tag":[],"class_list":{"0":"post-33315","1":"product","2":"type-product","3":"status-publish","4":"has-post-thumbnail","6":"product_brand-statestrong_gb","7":"product_cat-zelejas-kremi-ellas-u-c","9":"first","10":"outofstock","11":"taxable","12":"shipping-taxable","13":"product-type-simple"},"_links":{"self":[{"href":"https:\/\/e.kosmolat.eu\/lv\/wp-json\/wp\/v2\/product\/33315","targetHints":{"allow":["GET"]}}],"collection":[{"href":"https:\/\/e.kosmolat.eu\/lv\/wp-json\/wp\/v2\/product"}],"about":[{"href":"https:\/\/e.kosmolat.eu\/lv\/wp-json\/wp\/v2\/types\/product"}],"wp:featuredmedia":[{"embeddable":true,"href":"https:\/\/e.kosmolat.eu\/lv\/wp-json\/wp\/v2\/media\/6922"}],"wp:attachment":[{"href":"https:\/\/e.kosmolat.eu\/lv\/wp-json\/wp\/v2\/media?parent=33315"}],"wp:term":[{"taxonomy":"product_cat","embeddable":true,"href":"https:\/\/e.kosmolat.eu\/lv\/wp-json\/wp\/v2\/product_cat?post=33315"},{"taxonomy":"product_tag","embeddable":true,"href":"https:\/\/e.kosmolat.eu\/lv\/wp-json\/wp\/v2\/product_tag?post=33315"}],"curies":[{"name":"wp","href":"https:\/\/api.w.org\/{rel}","templated":true}]}}