{"id":33311,"date":"2023-12-21T18:25:49","date_gmt":"2023-12-21T18:25:49","guid":{"rendered":"https:\/\/e.kosmolat.eu\/product\/msp-matu-laka-ekstra-fiksacija-75-ml\/"},"modified":"2026-04-13T09:00:34","modified_gmt":"2026-04-13T09:00:34","slug":"msp-matu-laka-ekstra-fiksacija-75-ml","status":"publish","type":"product","link":"https:\/\/e.kosmolat.eu\/lv\/product\/msp-matu-laka-ekstra-fiksacija-75-ml\/","title":{"rendered":"MSP Matu laka Ekstra fiks\u0101cija, 75 ml"},"content":{"rendered":"<p>Provitam\u012bns B5. Maksim\u0101la ieveido\u0161ana ide\u0101lam stilam ik reizi. P\u0101rbaud\u012bts augstas klases salonos. Ar UV-filtriem saules aizsardz\u012bbai. <\/p>\n<p>LIETO\u0160ANA: viegli un vienm\u0113r\u012bgi spreju izsmidzin\u0101t  30 cm att\u0101lum\u0101 no galvas. <\/p>\n<p>BR\u012aDIN\u0100JUMS: \u012bpa\u0161i viegli uzliesmojo\u0161s! Balons atrodas zem spiediena. Sarg\u0101t no tie\u0161iem saules stariem un neuzkars\u0113t augst\u0101k par 50\u00b0C! Nep\u0101rdurt un nesadedzin\u0101t pat p\u0113c piln\u012bgas izlieto\u0161anas. L\u012bdzek\u013ca izmanto\u0161anas laik\u0101 NESM\u0112\u0136\u0112T! Neizsmidzin\u0101t atkl\u0101tas liesmas un viegli uzliesmojo\u0161u priek\u0161metu tuvum\u0101! Izvair\u012bties no kontakta ar ac\u012bm. Ja nok\u013c\u016bst ac\u012bs, mazg\u0101t ar lielu daudzumu \u016bdens. Neieelpot! Glab\u0101t b\u0113rniem nepieejam\u0101 viet\u0101, neizmantot kr\u0101sot\u0101m un pul\u0113t\u0101m virsm\u0101m. <\/p>\n","protected":false},"excerpt":{"rendered":"<p>Provitam\u012bns B5. Maksim\u0101la ieveido\u0161ana ide\u0101lam stilam ik reizi. P\u0101rbaud\u012bts augstas klases salonos. Ar UV-filtriem saules aizsardz\u012bbai. LIETO\u0160ANA: viegli un vienm\u0113r\u012bgi spreju izsmidzin\u0101t 30 cm att\u0101lum\u0101 no galvas. BR\u012aDIN\u0100JUMS: \u012bpa\u0161i viegli uzliesmojo\u0161s! Balons atrodas zem spiediena. Sarg\u0101t no tie\u0161iem saules stariem un neuzkars\u0113t augst\u0101k par 50\u00b0C! Nep\u0101rdurt un nesadedzin\u0101t pat p\u0113c piln\u012bgas izlieto\u0161anas. L\u012bdzek\u013ca izmanto\u0161anas laik\u0101 [&#8230;]\n","protected":false},"featured_media":96561,"template":"","meta":[],"product_cat":[1999],"product_tag":[],"class_list":{"0":"post-33311","1":"product","2":"type-product","3":"status-publish","4":"has-post-thumbnail","6":"product_brand-statestrong_gb","7":"product_cat-bez-kategorijas","9":"first","10":"outofstock","11":"taxable","12":"shipping-taxable","13":"product-type-simple"},"_links":{"self":[{"href":"https:\/\/e.kosmolat.eu\/lv\/wp-json\/wp\/v2\/product\/33311","targetHints":{"allow":["GET"]}}],"collection":[{"href":"https:\/\/e.kosmolat.eu\/lv\/wp-json\/wp\/v2\/product"}],"about":[{"href":"https:\/\/e.kosmolat.eu\/lv\/wp-json\/wp\/v2\/types\/product"}],"wp:featuredmedia":[{"embeddable":true,"href":"https:\/\/e.kosmolat.eu\/lv\/wp-json\/wp\/v2\/media\/96561"}],"wp:attachment":[{"href":"https:\/\/e.kosmolat.eu\/lv\/wp-json\/wp\/v2\/media?parent=33311"}],"wp:term":[{"taxonomy":"product_cat","embeddable":true,"href":"https:\/\/e.kosmolat.eu\/lv\/wp-json\/wp\/v2\/product_cat?post=33311"},{"taxonomy":"product_tag","embeddable":true,"href":"https:\/\/e.kosmolat.eu\/lv\/wp-json\/wp\/v2\/product_tag?post=33311"}],"curies":[{"name":"wp","href":"https:\/\/api.w.org\/{rel}","templated":true}]}}