{"id":33307,"date":"2023-12-21T18:25:18","date_gmt":"2023-12-21T18:25:18","guid":{"rendered":"https:\/\/e.kosmolat.eu\/product\/i_super-insectox-lidzeklis-lidojosu-kukainu-iznicinasanai-300-ml\/"},"modified":"2025-04-01T05:11:24","modified_gmt":"2025-04-01T05:11:24","slug":"i_super-insectox-lidzeklis-lidojosu-kukainu-iznicinasanai-300-ml","status":"publish","type":"product","link":"https:\/\/e.kosmolat.eu\/lv\/product\/i_super-insectox-lidzeklis-lidojosu-kukainu-iznicinasanai-300-ml\/","title":{"rendered":"I_&#8221;Super Insectox&#8221; L\u012bdzeklis lidojo\u0161u kukai\u0146u izn\u012bcin\u0101\u0161anai, 300 ml"},"content":{"rendered":"<p>Akt\u012bv\u0101s vielas : Tetrametr\u012bns 0.25%, d-fenotr\u012bns 0.05%, piperonilbutoks\u012bds 0.5%.<br \/>\nSatur \u0101tras iedarb\u012bbas insektic\u012bdus, kuri moment\u0101ni paraliz\u0113 un izn\u012bcina mu\u0161as, odus un citus lidojo\u0161us kukai\u0146us. \u0100tr\u0101kai to izn\u012bcin\u0101\u0161anai, l\u012bdzekli izsmidziniet tie\u0161i uz kukai\u0146iem. <\/p>\n<p>LIETO\u0160ANAS REKOMEND\u0100CIJAS: pirms lieto\u0161anas sakrat\u012bt balonu. Lai telpu att\u012br\u012btu no lidojo\u0161iem kukai\u0146iem, aizveriet logus un l\u012bdzekli izsmidziniet gais\u0101 visos virzienos. 3 \u2013 5 sekundes, pieteikami vid\u0113ja lieluma istabai. P\u0113c tam izejiet lauk\u0101 no istabas un aizveriet durvis. P\u0113c atgrie\u0161an\u0101s, istabu r\u016bp\u012bgi izv\u0113diniet. Izv\u0101ciet no istabas izn\u012bcin\u0101tos kukai\u0146us. Nepiecie\u0161am\u012bbas gad\u012bjum\u0101 atk\u0101rtojiet. <\/p>\n<p>LIETO\u0160ANA: vid\u0113ja lieluma istabai izsmidzin\u0101t gais\u0101 3 \u2013 5 sekundes. Izmantot tikai k\u0101 insektic\u012bdu. Pirms lieto\u0161anas iepaz\u012bties ar visiem br\u012bdin\u0101jumiem.<\/p>\n<p>BR\u012aDIN\u0100JUMI: B\u012bstami! \u012apa\u0161i viegli uzliesmojo\u0161s aerosols. Uzman\u012bbu! Var izrais\u012bt elpce\u013cu kairin\u0101jumu. Var izrais\u012bt miegain\u012bbu vai reibo\u0146us. Var izrais\u012bt n\u0101vi, ja norij vai iek\u013c\u016bst elpce\u013cos. Toksisks \u016bdens organismiem ar ilgsto\u0161\u0101m sek\u0101m. Lai izvair\u012btos no riska cilv\u0113kiem un dabai, r\u012bkojieties saska\u0146\u0101 ar instrukciju. Nepie\u013caujiet nok\u013c\u016b\u0161anu uz p\u0101rtikas produktiem, traukiem un virsm\u0101m, kuri saskaras ar p\u0101rtiku. Izvairieties no nok\u013c\u016b\u0161anas uz \u0101das.Pirms lieto\u0161anas aizveriet visus \u016bdens glab\u0101\u0161anas rezervu\u0101rus. L\u012bdzeklis satur dabai kait\u012bgas vielas. Izvair\u012bties no l\u012bdzek\u013ca \u0137\u012bmisko vielu vai izmantot\u0101 konteinera nok\u013c\u016b\u0161anas uz zemes, \u016bdenstilpn\u0113s vai \u016bdens notek\u0101s. Pirms l\u012bdzek\u013ca lieto\u0161anas nov\u0101ciet vai apkl\u0101jiet akv\u0101rijus. B\u012bstams bit\u0113m. Uzglab\u0101t dro\u0161\u0101 viet\u0101. Nok\u013c\u016bstot ac\u012bs vai uz \u0101das, nekav\u0113joties mazg\u0101t ar \u016bdeni. Sarg\u0101t no b\u0113rniem. Nelietot viet\u0101s, kur ir sastopams karstums\/dzirksteles\/atkl\u0101ta uguns\/karstas virsmas. Nesm\u0113\u0137\u0113t. Neieelpot  smidzin\u0101jumu. P\u0113c izmanto\u0161anas rokas un atkl\u0101tas \u0137erme\u0146a da\u013cas k\u0101rt\u012bgi nomazg\u0101t. Ne\u0113st, nedzert un nesm\u0113\u0137\u0113t produkta izmanto\u0161anas laik\u0101. Izmantot tikai \u0101r\u0101 vai labi v\u0113din\u0101m\u0101s telp\u0101s. Izvair\u012bties no izplat\u012b\u0161anas apk\u0101rt\u0113j\u0101 vide.<br \/>\nNOR\u012a\u0160ANAS GAD\u012aJUM\u0100: mekl\u0113t medic\u012bnisku pal\u012bdz\u012bbu un uzr\u0101d\u012bt iepakojumu vai t\u0101 mar\u0137\u0113jumu. NEIZRAIS\u012aT vem\u0161anu. \u012apa\u0161i viegli uzliesmojo\u0161s! Flakons pak\u013cauts spiedienam: sarg\u0101t no tie\u0161as saules staru iedarb\u012bbas un nepak\u013caut temperat\u016brai, kas p\u0101rsniedz 50\u00b0 C. Nepardurt un nededzin\u0101t. Neizsmidzin\u0101t atkl\u0101tas liesmas vai siltumu izstarojo\u0161u materi\u0101lu tuvum\u0101. Uzglab\u0101t labi v\u0113din\u0101ma viet\u0101. Sarg\u0101t no uguns- nesm\u0113\u0137\u0113t. Nepie\u013caut nok\u013c\u016b\u0161anu ac\u012bs. Ja nok\u013c\u016bst ac\u012bs, nekav\u0113joties t\u0101s skalot ar lielu daudzumu \u016bdens un mekl\u0113t medic\u012bnisku pal\u012bdz\u012bbu. Utiliz\u0113t k\u0101 sadz\u012bves atkritumu, izmest atkritumu konteiner\u0101.<\/p>\n","protected":false},"excerpt":{"rendered":"<p>Akt\u012bv\u0101s vielas : Tetrametr\u012bns 0.25%, d-fenotr\u012bns 0.05%, piperonilbutoks\u012bds 0.5%. Satur \u0101tras iedarb\u012bbas insektic\u012bdus, kuri moment\u0101ni paraliz\u0113 un izn\u012bcina mu\u0161as, odus un citus lidojo\u0161us kukai\u0146us. \u0100tr\u0101kai to izn\u012bcin\u0101\u0161anai, l\u012bdzekli izsmidziniet tie\u0161i uz kukai\u0146iem. LIETO\u0160ANAS REKOMEND\u0100CIJAS: pirms lieto\u0161anas sakrat\u012bt balonu. Lai telpu att\u012br\u012btu no lidojo\u0161iem kukai\u0146iem, aizveriet logus un l\u012bdzekli izsmidziniet gais\u0101 visos virzienos. 3 \u2013 5 [&#8230;]\n","protected":false},"featured_media":23417,"template":"","meta":[],"product_cat":[1859],"product_tag":[],"class_list":{"0":"post-33307","1":"product","2":"type-product","3":"status-publish","4":"has-post-thumbnail","6":"product_brand-statestrong_gb","7":"product_cat-lidzekli-pret-kukainiem","9":"first","10":"instock","11":"taxable","12":"shipping-taxable","13":"product-type-simple"},"_links":{"self":[{"href":"https:\/\/e.kosmolat.eu\/lv\/wp-json\/wp\/v2\/product\/33307","targetHints":{"allow":["GET"]}}],"collection":[{"href":"https:\/\/e.kosmolat.eu\/lv\/wp-json\/wp\/v2\/product"}],"about":[{"href":"https:\/\/e.kosmolat.eu\/lv\/wp-json\/wp\/v2\/types\/product"}],"wp:featuredmedia":[{"embeddable":true,"href":"https:\/\/e.kosmolat.eu\/lv\/wp-json\/wp\/v2\/media\/23417"}],"wp:attachment":[{"href":"https:\/\/e.kosmolat.eu\/lv\/wp-json\/wp\/v2\/media?parent=33307"}],"wp:term":[{"taxonomy":"product_cat","embeddable":true,"href":"https:\/\/e.kosmolat.eu\/lv\/wp-json\/wp\/v2\/product_cat?post=33307"},{"taxonomy":"product_tag","embeddable":true,"href":"https:\/\/e.kosmolat.eu\/lv\/wp-json\/wp\/v2\/product_tag?post=33307"}],"curies":[{"name":"wp","href":"https:\/\/api.w.org\/{rel}","templated":true}]}}