{"id":33303,"date":"2023-12-21T18:24:54","date_gmt":"2023-12-21T18:24:54","guid":{"rendered":"https:\/\/e.kosmolat.eu\/product\/shelley-thai-silk-kermena-sprejs-dezodorants-75-ml\/"},"modified":"2025-09-16T18:36:04","modified_gmt":"2025-09-16T18:36:04","slug":"shelley-thai-silk-kermena-sprejs-dezodorants-75-ml","status":"publish","type":"product","link":"https:\/\/e.kosmolat.eu\/lv\/product\/shelley-thai-silk-kermena-sprejs-dezodorants-75-ml\/","title":{"rendered":"SHELLEY Thai Silk \u0136erme\u0146a sprejs-dezodorants, 75 ml"},"content":{"rendered":"<p>Smar\u017e\u012bgs \u0137erme\u0146a sprejs.<\/p>\n<p><strong>Lieto&scaron;ana:<\/strong> turiet aerosola flakonu 15 cm att\u0101lum\u0101 no \u0137erme\u0146a un izsmidziniet. Izmantojiet labi v\u0113din\u0101m\u0101s viet\u0101s. Nesmidzin\u0101t ac\u012bs vai uz iekaisu&scaron;as\/boj\u0101tas \u0101das. Nav paredz\u0113ts int\u012bmajai higi\u0113nai.<\/p>\n<p><strong>B\u012bstami:<\/strong> \u012apa&scaron;i viegli uzliesmojo&scaron;s aerosols. Tvertne zem spiediena: karstum\u0101 var eksplod\u0113t. Sarg\u0101t no karstuma, karst\u0101m virsm\u0101m, dzirkstel\u0113m, atkl\u0101tas uguns un citiem aizdeg&scaron;an\u0101s avotiem. Nesm\u0113\u0137\u0113t. Neizsmidzin\u0101t uz atkl\u0101tas uguns vai citiem aizdeg&scaron;an\u0101s avotiem. Nedurt vai nededzin\u0101t, ar\u012b p\u0113c izlieto&scaron;anas. Aizsarg\u0101t no saules gaismas. Nepak\u013caut temperat\u016brai, kas p\u0101rsniedz 50 &ordm;C\/122 &ordm;F. Sarg\u0101t no b\u0113rniem.<\/p>\n","protected":false},"excerpt":{"rendered":"<p>Smar\u017e\u012bgs \u0137erme\u0146a sprejs. Lieto&scaron;ana: turiet aerosola flakonu 15 cm att\u0101lum\u0101 no \u0137erme\u0146a un izsmidziniet. Izmantojiet labi v\u0113din\u0101m\u0101s viet\u0101s. Nesmidzin\u0101t ac\u012bs vai uz iekaisu&scaron;as\/boj\u0101tas \u0101das. Nav paredz\u0113ts int\u012bmajai higi\u0113nai. B\u012bstami: \u012apa&scaron;i viegli uzliesmojo&scaron;s aerosols. Tvertne zem spiediena: karstum\u0101 var eksplod\u0113t. Sarg\u0101t no karstuma, karst\u0101m virsm\u0101m, dzirkstel\u0113m, atkl\u0101tas uguns un citiem aizdeg&scaron;an\u0101s avotiem. Nesm\u0113\u0137\u0113t. Neizsmidzin\u0101t uz atkl\u0101tas [&#8230;]\n","protected":false},"featured_media":78007,"template":"","meta":[],"product_cat":[1630],"product_tag":[],"class_list":{"0":"post-33303","1":"product","2":"type-product","3":"status-publish","4":"has-post-thumbnail","6":"product_brand-statestrong_gb","7":"product_cat-dezodorantai","9":"first","10":"outofstock","11":"taxable","12":"shipping-taxable","13":"product-type-simple"},"_links":{"self":[{"href":"https:\/\/e.kosmolat.eu\/lv\/wp-json\/wp\/v2\/product\/33303","targetHints":{"allow":["GET"]}}],"collection":[{"href":"https:\/\/e.kosmolat.eu\/lv\/wp-json\/wp\/v2\/product"}],"about":[{"href":"https:\/\/e.kosmolat.eu\/lv\/wp-json\/wp\/v2\/types\/product"}],"wp:featuredmedia":[{"embeddable":true,"href":"https:\/\/e.kosmolat.eu\/lv\/wp-json\/wp\/v2\/media\/78007"}],"wp:attachment":[{"href":"https:\/\/e.kosmolat.eu\/lv\/wp-json\/wp\/v2\/media?parent=33303"}],"wp:term":[{"taxonomy":"product_cat","embeddable":true,"href":"https:\/\/e.kosmolat.eu\/lv\/wp-json\/wp\/v2\/product_cat?post=33303"},{"taxonomy":"product_tag","embeddable":true,"href":"https:\/\/e.kosmolat.eu\/lv\/wp-json\/wp\/v2\/product_tag?post=33303"}],"curies":[{"name":"wp","href":"https:\/\/api.w.org\/{rel}","templated":true}]}}