{"id":33263,"date":"2023-12-21T18:16:25","date_gmt":"2023-12-21T18:16:25","guid":{"rendered":"https:\/\/e.kosmolat.eu\/product\/fs-gaisa-atsvaidzinatajs-lavanda-330-ml\/"},"modified":"2025-03-18T14:11:34","modified_gmt":"2025-03-18T14:11:34","slug":"i_fs-gaisa-atsvaidzinatajs-lavanda-330-ml","status":"publish","type":"product","link":"https:\/\/e.kosmolat.eu\/lv\/product\/i_fs-gaisa-atsvaidzinatajs-lavanda-330-ml\/","title":{"rendered":"I_&#8221;FS&#8221; Gaisa atsvaidzin\u0101t\u0101js &#8220;Lavanda&#8221;, 330 ml"},"content":{"rendered":"<p><strong>Lieto&scaron;ana: <\/strong>Izsmidzin\u0101t atsvaidzin\u0101t\u0101ju, balonu turot uz aug&scaron;u, virzien\u0101 uz istabas centru.<\/p>\n<p><strong>Sast\u0101v\u0101:<\/strong> 15 % un vair\u0101k, bet maz\u0101k nek\u0101 30 % &nbsp;alif\u0101tisko og\u013c\u016bde\u0146ra\u017eu, maz\u0101k par 5 % nejonu virsmakt\u012bvo vielu. Smar\u017eas un arom\u0101tisk\u0101s kompoz\u012bcijas. Konservants.<\/p>\n<p>&nbsp;<\/p>\n<p><strong><img decoding=\"async\" alt=\"\" src=\"file:\/\/\/C:\/Users\/masha\/Desktop\/GHS%2002.jpg\" style=\"height:40px; width:40px\" \/>GHS02 B\u012bstami<\/strong><br \/>\nH222 \u012apa&scaron;i viegli uzliesmojo&scaron;s aerosols.<br \/>\nH229 Tvertne zem spiediena: karstum\u0101 var eksplod\u0113t.<\/p>\n<p>P102 Sarg\u0101t no b\u0113rniem.<br \/>\nP210 Sarg\u0101t no karstuma, karst\u0101m virsm\u0101m, dzirkstel\u0113m, atkl\u0101tas uguns un citiem aizdeg&scaron;an\u0101s avotiem. Nesm\u0113\u0137\u0113t.<br \/>\nP211 Neizsmidzin\u0101t uz atkl\u0101tas uguns vai citiem aizdeg&scaron;an\u0101s avotiem.<br \/>\nP251 Nedurt vai nededzin\u0101t, ar\u012b p\u0113c izlieto&scaron;anas.<br \/>\nP410+P412 Aizsarg\u0101t no saules gaismas. Nepak\u013caut temperat\u016brai, kas p\u0101rsniedz 50 &deg;C \/ 122 &deg;F.<br \/>\n&nbsp;<\/p>\n<p>&nbsp;<\/p>\n","protected":false},"excerpt":{"rendered":"<p>Lieto&scaron;ana: Izsmidzin\u0101t atsvaidzin\u0101t\u0101ju, balonu turot uz aug&scaron;u, virzien\u0101 uz istabas centru. Sast\u0101v\u0101: 15 % un vair\u0101k, bet maz\u0101k nek\u0101 30 % &nbsp;alif\u0101tisko og\u013c\u016bde\u0146ra\u017eu, maz\u0101k par 5 % nejonu virsmakt\u012bvo vielu. Smar\u017eas un arom\u0101tisk\u0101s kompoz\u012bcijas. Konservants. &nbsp; GHS02 B\u012bstami H222 \u012apa&scaron;i viegli uzliesmojo&scaron;s aerosols. H229 Tvertne zem spiediena: karstum\u0101 var eksplod\u0113t. P102 Sarg\u0101t no b\u0113rniem. P210 [&#8230;]\n","protected":false},"featured_media":33267,"template":"","meta":[],"product_cat":[1522],"product_tag":[],"class_list":{"0":"post-33263","1":"product","2":"type-product","3":"status-publish","4":"has-post-thumbnail","6":"product_brand-statestrong_gb","7":"product_cat-gaisa-atsvaidzinataji-majas-aromati","9":"first","10":"outofstock","11":"taxable","12":"shipping-taxable","13":"product-type-simple"},"_links":{"self":[{"href":"https:\/\/e.kosmolat.eu\/lv\/wp-json\/wp\/v2\/product\/33263","targetHints":{"allow":["GET"]}}],"collection":[{"href":"https:\/\/e.kosmolat.eu\/lv\/wp-json\/wp\/v2\/product"}],"about":[{"href":"https:\/\/e.kosmolat.eu\/lv\/wp-json\/wp\/v2\/types\/product"}],"wp:featuredmedia":[{"embeddable":true,"href":"https:\/\/e.kosmolat.eu\/lv\/wp-json\/wp\/v2\/media\/33267"}],"wp:attachment":[{"href":"https:\/\/e.kosmolat.eu\/lv\/wp-json\/wp\/v2\/media?parent=33263"}],"wp:term":[{"taxonomy":"product_cat","embeddable":true,"href":"https:\/\/e.kosmolat.eu\/lv\/wp-json\/wp\/v2\/product_cat?post=33263"},{"taxonomy":"product_tag","embeddable":true,"href":"https:\/\/e.kosmolat.eu\/lv\/wp-json\/wp\/v2\/product_tag?post=33263"}],"curies":[{"name":"wp","href":"https:\/\/api.w.org\/{rel}","templated":true}]}}