{"id":33255,"date":"2023-12-21T18:15:42","date_gmt":"2023-12-21T18:15:42","guid":{"rendered":"https:\/\/e.kosmolat.eu\/product\/fs-antistatisks-lidzeklis-mebelu-kopsanai-300ml\/"},"modified":"2026-04-08T10:16:18","modified_gmt":"2026-04-08T10:16:18","slug":"fs-antistatisks-lidzeklis-mebelu-kopsanai-300ml","status":"publish","type":"product","link":"https:\/\/e.kosmolat.eu\/lv\/product\/fs-antistatisks-lidzeklis-mebelu-kopsanai-300ml\/","title":{"rendered":"&#8220;FS&#8221; Antistatisks l\u012bdzeklis m\u0113be\u013cu kop\u0161anai, 300ml"},"content":{"rendered":"<p>L\u012bdzeklis ar antistatisku efektu. Viegli likvid\u0113t net\u012brumus, putek\u013cus un pirkstu nospiedumus.<\/p>\n<p><strong>Lieto&scaron;ana:<\/strong> sakrat\u012bt tvertni. Izsmidzin\u0101t un virsmu 20 cm att\u0101lum\u0101 no t\u0101s. Uzreiz nopul\u0113t virsmu ar m\u012bkstu sausu dr\u0101ni\u0146u.<\/p>\n<p><strong>Sast\u0101v\u0101: <\/strong>15 % un vair\u0101k, bet maz\u0101k nek\u0101 30 % alif\u0101tisko og\u013c\u016bde\u0146ra\u017eu, maz\u0101k par 5 % nejonu virsmakt\u012bvo vielu. Smar\u017eas un arom\u0101tisk\u0101s kompoz\u012bcijas. Konservanti: Sodium Benzoate\/ Sodium Nitrite.<\/p>\n<p>&nbsp;<\/p>\n<p><strong><img decoding=\"async\" alt=\"\" src=\"https:\/\/www.reach-compliance.ch\/images\/flamme1cols3.jpg\" style=\"height:40px; width:40px\" \/>GHS02&nbsp;<img decoding=\"async\" alt=\"\" src=\"https:\/\/www.reach-compliance.ch\/images\/pollut1cols3.jpg\" style=\"height:40px; width:40px\" \/>GHS09 B\u012bstami<\/strong><br \/>\nH222 \u012apa&scaron;i viegli uzliesmojo&scaron;s aerosols.<br \/>\nH411 Toksisks \u016bdens organismiem ar ilgsto&scaron;\u0101m sek\u0101m.<br \/>\nEUH208 Satur smar\u017eas un arom\u0101tisk\u0101s kompoz\u012bcijas. Var izrais\u012bt aler\u0123isku reakciju.<\/p>\n<p>Dro&scaron;\u012bbas pras\u012bbu apz\u012bm\u0113jumi:<br \/>\nP102 Sarg\u0101t no b\u0113rniem.<br \/>\nP210 Sarg\u0101t no karstuma, karst\u0101m virsm\u0101m, dzirkstel\u0113m, atkl\u0101tas uguns un citiem aizdeg&scaron;an\u0101s avotiem. Nesm\u0113\u0137\u0113t.<br \/>\nP211 Neizsmidzin\u0101t uz atkl\u0101tas uguns vai citiem aizdeg&scaron;an\u0101s avotiem.<br \/>\nP251 Nedurt vai nededzin\u0101t, ar\u012b p\u0113c izlieto&scaron;anas.<br \/>\nP264 P\u0113c izmanto&scaron;anas rokas k\u0101rt\u012bgi nomazg\u0101t.<br \/>\nP273 Izvair\u012bties no izplat\u012b&scaron;anas apk\u0101rt\u0113j\u0101 vid\u0113.<br \/>\nP410+P412 Aizsarg\u0101t no saules gaismas. Nepak\u013caut temperat\u016brai, kas p\u0101rsniedz 50 &deg;C \/ 122 &deg;F.<br \/>\nP501 Atbr\u012bvoties no satura\/tvertnes\/iepakojuma saska\u0146\u0101 ar valsts noteikumiem.<br \/>\n&nbsp;<\/p>\n","protected":false},"excerpt":{"rendered":"<p>L\u012bdzeklis ar antistatisku efektu. Viegli likvid\u0113t net\u012brumus, putek\u013cus un pirkstu nospiedumus. Lieto&scaron;ana: sakrat\u012bt tvertni. Izsmidzin\u0101t un virsmu 20 cm att\u0101lum\u0101 no t\u0101s. Uzreiz nopul\u0113t virsmu ar m\u012bkstu sausu dr\u0101ni\u0146u. Sast\u0101v\u0101: 15 % un vair\u0101k, bet maz\u0101k nek\u0101 30 % alif\u0101tisko og\u013c\u016bde\u0146ra\u017eu, maz\u0101k par 5 % nejonu virsmakt\u012bvo vielu. Smar\u017eas un arom\u0101tisk\u0101s kompoz\u012bcijas. Konservanti: Sodium Benzoate\/ [&#8230;]\n","protected":false},"featured_media":96638,"template":"","meta":[],"product_cat":[1462],"product_tag":[],"class_list":{"0":"post-33255","1":"product","2":"type-product","3":"status-publish","4":"has-post-thumbnail","6":"product_brand-statestrong_gb","7":"product_cat-1462","9":"first","10":"instock","11":"taxable","12":"shipping-taxable","13":"product-type-simple"},"_links":{"self":[{"href":"https:\/\/e.kosmolat.eu\/lv\/wp-json\/wp\/v2\/product\/33255","targetHints":{"allow":["GET"]}}],"collection":[{"href":"https:\/\/e.kosmolat.eu\/lv\/wp-json\/wp\/v2\/product"}],"about":[{"href":"https:\/\/e.kosmolat.eu\/lv\/wp-json\/wp\/v2\/types\/product"}],"wp:featuredmedia":[{"embeddable":true,"href":"https:\/\/e.kosmolat.eu\/lv\/wp-json\/wp\/v2\/media\/96638"}],"wp:attachment":[{"href":"https:\/\/e.kosmolat.eu\/lv\/wp-json\/wp\/v2\/media?parent=33255"}],"wp:term":[{"taxonomy":"product_cat","embeddable":true,"href":"https:\/\/e.kosmolat.eu\/lv\/wp-json\/wp\/v2\/product_cat?post=33255"},{"taxonomy":"product_tag","embeddable":true,"href":"https:\/\/e.kosmolat.eu\/lv\/wp-json\/wp\/v2\/product_tag?post=33255"}],"curies":[{"name":"wp","href":"https:\/\/api.w.org\/{rel}","templated":true}]}}