{"id":33247,"date":"2023-12-21T18:15:10","date_gmt":"2023-12-21T18:15:10","guid":{"rendered":"https:\/\/e.kosmolat.eu\/product\/nazis-nagiem-ar-nadzinu\/"},"modified":"2025-09-19T16:56:27","modified_gmt":"2025-09-19T16:56:27","slug":"nazis-nagiem-ar-nadzinu","status":"publish","type":"product","link":"https:\/\/e.kosmolat.eu\/lv\/product\/nazis-nagiem-ar-nadzinu\/","title":{"rendered":"Nazis nagiem ar nadzi\u0146u"},"content":{"rendered":"<p>UZMAN\u012aBU: tur\u0113t b\u0113rniem nepieejam\u0101 viet\u0101!<\/p>\n","protected":false},"excerpt":{"rendered":"<p>UZMAN\u012aBU: tur\u0113t b\u0113rniem nepieejam\u0101 viet\u0101!<\/p>\n","protected":false},"featured_media":80190,"template":"","meta":[],"product_cat":[1541],"product_tag":[],"class_list":{"0":"post-33247","1":"product","2":"type-product","3":"status-publish","4":"has-post-thumbnail","6":"product_brand-donegal-sp-zo-o-_pl","7":"product_cat-manikiuro-ir-pedikiuro-priemones","9":"first","10":"outofstock","11":"taxable","12":"shipping-taxable","13":"product-type-simple"},"_links":{"self":[{"href":"https:\/\/e.kosmolat.eu\/lv\/wp-json\/wp\/v2\/product\/33247","targetHints":{"allow":["GET"]}}],"collection":[{"href":"https:\/\/e.kosmolat.eu\/lv\/wp-json\/wp\/v2\/product"}],"about":[{"href":"https:\/\/e.kosmolat.eu\/lv\/wp-json\/wp\/v2\/types\/product"}],"wp:featuredmedia":[{"embeddable":true,"href":"https:\/\/e.kosmolat.eu\/lv\/wp-json\/wp\/v2\/media\/80190"}],"wp:attachment":[{"href":"https:\/\/e.kosmolat.eu\/lv\/wp-json\/wp\/v2\/media?parent=33247"}],"wp:term":[{"taxonomy":"product_cat","embeddable":true,"href":"https:\/\/e.kosmolat.eu\/lv\/wp-json\/wp\/v2\/product_cat?post=33247"},{"taxonomy":"product_tag","embeddable":true,"href":"https:\/\/e.kosmolat.eu\/lv\/wp-json\/wp\/v2\/product_tag?post=33247"}],"curies":[{"name":"wp","href":"https:\/\/api.w.org\/{rel}","templated":true}]}}