{"id":33223,"date":"2023-12-21T18:13:56","date_gmt":"2023-12-21T18:13:56","guid":{"rendered":"https:\/\/e.kosmolat.eu\/product\/matu-apsejs-planais-dzintara\/"},"modified":"2026-04-09T16:31:25","modified_gmt":"2026-04-09T16:31:25","slug":"matu-apsejs-planais-dzintara","status":"publish","type":"product","link":"https:\/\/e.kosmolat.eu\/lv\/product\/matu-apsejs-planais-dzintara\/","title":{"rendered":"Matu aps\u0113js pl\u0101nais, dzintara"},"content":{"rendered":"<p>Matu aps\u0113js.<\/p>\n","protected":false},"excerpt":{"rendered":"<p>Matu aps\u0113js.<\/p>\n","protected":false},"featured_media":80162,"template":"","meta":[],"product_cat":[1668],"product_tag":[],"class_list":{"0":"post-33223","1":"product","2":"type-product","3":"status-publish","4":"has-post-thumbnail","6":"product_brand-donegal-sp-zo-o-_pl","7":"product_cat-1668","9":"first","10":"instock","11":"taxable","12":"shipping-taxable","13":"product-type-simple"},"_links":{"self":[{"href":"https:\/\/e.kosmolat.eu\/lv\/wp-json\/wp\/v2\/product\/33223","targetHints":{"allow":["GET"]}}],"collection":[{"href":"https:\/\/e.kosmolat.eu\/lv\/wp-json\/wp\/v2\/product"}],"about":[{"href":"https:\/\/e.kosmolat.eu\/lv\/wp-json\/wp\/v2\/types\/product"}],"wp:featuredmedia":[{"embeddable":true,"href":"https:\/\/e.kosmolat.eu\/lv\/wp-json\/wp\/v2\/media\/80162"}],"wp:attachment":[{"href":"https:\/\/e.kosmolat.eu\/lv\/wp-json\/wp\/v2\/media?parent=33223"}],"wp:term":[{"taxonomy":"product_cat","embeddable":true,"href":"https:\/\/e.kosmolat.eu\/lv\/wp-json\/wp\/v2\/product_cat?post=33223"},{"taxonomy":"product_tag","embeddable":true,"href":"https:\/\/e.kosmolat.eu\/lv\/wp-json\/wp\/v2\/product_tag?post=33223"}],"curies":[{"name":"wp","href":"https:\/\/api.w.org\/{rel}","templated":true}]}}