{"id":33203,"date":"2023-12-21T18:12:20","date_gmt":"2023-12-21T18:12:20","guid":{"rendered":"https:\/\/e.kosmolat.eu\/product\/klasika-z-pasta-ozola-miza-150-g\/"},"modified":"2025-06-19T11:41:14","modified_gmt":"2025-06-19T11:41:14","slug":"klasika-z-pasta-ozola-miza-150-g","status":"publish","type":"product","link":"https:\/\/e.kosmolat.eu\/lv\/product\/klasika-z-pasta-ozola-miza-150-g\/","title":{"rendered":"Klasika Z.pasta Ozola miza, 150 g"},"content":{"rendered":"<p>Zobu pasta ar ozola mizas ekstraktu stiprina un aizsarg\u0101 j\u016bsu smaganas. Speci\u0101li izmekl\u0113ts sast\u0101vs lieliski att\u012bra zobus no aplikuma un ilglaic\u012bgi atsvaidzina elpu. Zobu pastas sast\u0101v\u0101 tiek izmantoti dab\u012bgi un laika gait\u0101 p\u0101rbaud\u012bti \u0101rstniec\u012bbas augu ekstrakti. <\/p>\n<p>Ozola mizas ekstraktam piem\u012bt pretiekaisuma, antiseptiskas un asi\u0146o\u0161anu apturo\u0161as \u012bpa\u0161\u012bbas. Ekstrakta miecvielas iedarbojas uz boj\u0101to smaganu olbaltumviel\u0101m un veido aizsargstrukt\u016bru, kas pasarg\u0101 no kairin\u0101juma un iekaisuma, k\u0101 ar\u012b aptur patog\u0113no mikroorganismu att\u012bst\u012bbu.<\/p>\n<p>N\u0101tres ekstraktam piem\u012bt asi\u0146o\u0161anu apturo\u0161a, toniz\u0113jo\u0161a, pretiekaisuma iedarb\u012bba. Hlorofils, ko satur ekstrakts, uzlabo vielmai\u0146u, stimul\u0113 boj\u0101to smaganu un mutes dobuma g\u013cot\u0101das audu granul\u0101ciju un epiteliz\u0101ciju.<\/p>\n<p>Lieto\u0161ana: T\u012briet zobus 2 &#8211; 3 min\u016btes, ne ret\u0101k k\u0101 2 reizes dien\u0101, regul\u0101ri apmekl\u0113jiet zob\u0101rstu.<\/p>\n<p>uzglab\u0101\u0161ana: no 0\u00b0C l\u012bdz +25\u00b0C.<\/p>\n","protected":false},"excerpt":{"rendered":"<p>Zobu pasta ar ozola mizas ekstraktu stiprina un aizsarg\u0101 j\u016bsu smaganas. Speci\u0101li izmekl\u0113ts sast\u0101vs lieliski att\u012bra zobus no aplikuma un ilglaic\u012bgi atsvaidzina elpu. Zobu pastas sast\u0101v\u0101 tiek izmantoti dab\u012bgi un laika gait\u0101 p\u0101rbaud\u012bti \u0101rstniec\u012bbas augu ekstrakti. Ozola mizas ekstraktam piem\u012bt pretiekaisuma, antiseptiskas un asi\u0146o\u0161anu apturo\u0161as \u012bpa\u0161\u012bbas. Ekstrakta miecvielas iedarbojas uz boj\u0101to smaganu olbaltumviel\u0101m un veido [&#8230;]\n","protected":false},"featured_media":1816,"template":"","meta":[],"product_cat":[1306],"product_tag":[],"class_list":{"0":"post-33203","1":"product","2":"type-product","3":"status-publish","4":"has-post-thumbnail","6":"product_brand-modum_by","7":"product_cat-zobu-pastas-un-zelejas","9":"first","10":"instock","11":"taxable","12":"shipping-taxable","13":"product-type-simple"},"_links":{"self":[{"href":"https:\/\/e.kosmolat.eu\/lv\/wp-json\/wp\/v2\/product\/33203","targetHints":{"allow":["GET"]}}],"collection":[{"href":"https:\/\/e.kosmolat.eu\/lv\/wp-json\/wp\/v2\/product"}],"about":[{"href":"https:\/\/e.kosmolat.eu\/lv\/wp-json\/wp\/v2\/types\/product"}],"wp:featuredmedia":[{"embeddable":true,"href":"https:\/\/e.kosmolat.eu\/lv\/wp-json\/wp\/v2\/media\/1816"}],"wp:attachment":[{"href":"https:\/\/e.kosmolat.eu\/lv\/wp-json\/wp\/v2\/media?parent=33203"}],"wp:term":[{"taxonomy":"product_cat","embeddable":true,"href":"https:\/\/e.kosmolat.eu\/lv\/wp-json\/wp\/v2\/product_cat?post=33203"},{"taxonomy":"product_tag","embeddable":true,"href":"https:\/\/e.kosmolat.eu\/lv\/wp-json\/wp\/v2\/product_tag?post=33203"}],"curies":[{"name":"wp","href":"https:\/\/api.w.org\/{rel}","templated":true}]}}