{"id":33199,"date":"2023-12-21T18:12:03","date_gmt":"2023-12-21T18:12:03","guid":{"rendered":"https:\/\/e.kosmolat.eu\/product\/klasika-z-pasta-ciedru-150-g\/"},"modified":"2025-08-25T05:44:21","modified_gmt":"2025-08-25T05:44:21","slug":"klasika-z-pasta-ciedru-150-g","status":"publish","type":"product","link":"https:\/\/e.kosmolat.eu\/lv\/product\/klasika-z-pasta-ciedru-150-g\/","title":{"rendered":"Klasika Z.pasta Ciedru, 150 g"},"content":{"rendered":"<p>Zobu pasta &#8220;Ciedru&#8221; satur sabalans\u0113tu efekt\u012bvu dab\u012bgo sast\u0101vda\u013cu kompleksu, kas paredz\u0113ts zobu un smaganu stiprin\u0101\u0161anai.<\/p>\n<p>Ciedru e\u013c\u013cai piem\u012bt efekt\u012bva \u0101rst\u0113jo\u0161a iedarb\u012bba uz mutes dobuma g\u013cot\u0101du, stimul\u0113 saistaudu sint\u0113zi, uzlabo asinsriti smagan\u0101s, lielisks dab\u012bgs antioksidants. <\/p>\n<p>Ciedru \u0113terisk\u0101 e\u013c\u013ca nov\u0113r\u0161 mutes dobuma iekaisumu, pa\u0101trina boj\u0101to smaganu un mutes dobuma g\u013cot\u0101das atjauno\u0161anu un dzied\u0113 br\u016bces.<\/p>\n<p>Dab\u012bgajai piparm\u0113tru e\u013c\u013cai piem\u012bt antiseptiska un pretiekaisuma iedarb\u012bba, pazemina nervu gali\u0146u jut\u012bgumu, \u013caujot nes\u0101p\u012bgi no\u0146emt zobu aplikumu no zobiem un smagan\u0101m. <\/p>\n<p>Lieto\u0161ana: t\u012briet zobus 2 &#8211; 3 min\u016btes ne ret\u0101k k\u0101 2 reizes dien\u0101, regul\u0101ri apmekl\u0113jiet zob\u0101rstu. <\/p>\n<p>Uzglab\u0101\u0161ana: no 0\u00b0C l\u012bdz +25\u00b0C.<\/p>\n","protected":false},"excerpt":{"rendered":"<p>Zobu pasta &#8220;Ciedru&#8221; satur sabalans\u0113tu efekt\u012bvu dab\u012bgo sast\u0101vda\u013cu kompleksu, kas paredz\u0113ts zobu un smaganu stiprin\u0101\u0161anai. Ciedru e\u013c\u013cai piem\u012bt efekt\u012bva \u0101rst\u0113jo\u0161a iedarb\u012bba uz mutes dobuma g\u013cot\u0101du, stimul\u0113 saistaudu sint\u0113zi, uzlabo asinsriti smagan\u0101s, lielisks dab\u012bgs antioksidants. Ciedru \u0113terisk\u0101 e\u013c\u013ca nov\u0113r\u0161 mutes dobuma iekaisumu, pa\u0101trina boj\u0101to smaganu un mutes dobuma g\u013cot\u0101das atjauno\u0161anu un dzied\u0113 br\u016bces. Dab\u012bgajai piparm\u0113tru e\u013c\u013cai [&#8230;]\n","protected":false},"featured_media":1808,"template":"","meta":[],"product_cat":[1308],"product_tag":[],"class_list":{"0":"post-33199","1":"product","2":"type-product","3":"status-publish","4":"has-post-thumbnail","6":"product_brand-modum_by","7":"product_cat-dantu-pastos-ir-geliai","9":"first","10":"outofstock","11":"taxable","12":"shipping-taxable","13":"product-type-simple"},"_links":{"self":[{"href":"https:\/\/e.kosmolat.eu\/lv\/wp-json\/wp\/v2\/product\/33199","targetHints":{"allow":["GET"]}}],"collection":[{"href":"https:\/\/e.kosmolat.eu\/lv\/wp-json\/wp\/v2\/product"}],"about":[{"href":"https:\/\/e.kosmolat.eu\/lv\/wp-json\/wp\/v2\/types\/product"}],"wp:featuredmedia":[{"embeddable":true,"href":"https:\/\/e.kosmolat.eu\/lv\/wp-json\/wp\/v2\/media\/1808"}],"wp:attachment":[{"href":"https:\/\/e.kosmolat.eu\/lv\/wp-json\/wp\/v2\/media?parent=33199"}],"wp:term":[{"taxonomy":"product_cat","embeddable":true,"href":"https:\/\/e.kosmolat.eu\/lv\/wp-json\/wp\/v2\/product_cat?post=33199"},{"taxonomy":"product_tag","embeddable":true,"href":"https:\/\/e.kosmolat.eu\/lv\/wp-json\/wp\/v2\/product_tag?post=33199"}],"curies":[{"name":"wp","href":"https:\/\/api.w.org\/{rel}","templated":true}]}}