{"id":33151,"date":"2023-12-21T18:09:32","date_gmt":"2023-12-21T18:09:32","guid":{"rendered":"https:\/\/e.kosmolat.eu\/product\/futralis-zobu-sukai\/"},"modified":"2026-04-21T07:03:42","modified_gmt":"2026-04-21T07:03:42","slug":"futralis-zobu-sukai","status":"publish","type":"product","link":"https:\/\/e.kosmolat.eu\/lv\/product\/futralis-zobu-sukai\/","title":{"rendered":"Futr\u0101lis zobu sukai"},"content":{"rendered":"<p>Futl\u0101ris zobu birst\u0113m.<\/p>\n","protected":false},"excerpt":{"rendered":"<p>Futl\u0101ris zobu birst\u0113m.<\/p>\n","protected":false},"featured_media":80286,"template":"","meta":[],"product_cat":[2181],"product_tag":[],"class_list":{"0":"post-33151","1":"product","2":"type-product","3":"status-publish","4":"has-post-thumbnail","6":"product_brand-donegal-sp-zo-o-_pl","7":"product_cat-bez-kategorijas-lt","9":"first","10":"instock","11":"taxable","12":"shipping-taxable","13":"product-type-simple"},"_links":{"self":[{"href":"https:\/\/e.kosmolat.eu\/lv\/wp-json\/wp\/v2\/product\/33151","targetHints":{"allow":["GET"]}}],"collection":[{"href":"https:\/\/e.kosmolat.eu\/lv\/wp-json\/wp\/v2\/product"}],"about":[{"href":"https:\/\/e.kosmolat.eu\/lv\/wp-json\/wp\/v2\/types\/product"}],"wp:featuredmedia":[{"embeddable":true,"href":"https:\/\/e.kosmolat.eu\/lv\/wp-json\/wp\/v2\/media\/80286"}],"wp:attachment":[{"href":"https:\/\/e.kosmolat.eu\/lv\/wp-json\/wp\/v2\/media?parent=33151"}],"wp:term":[{"taxonomy":"product_cat","embeddable":true,"href":"https:\/\/e.kosmolat.eu\/lv\/wp-json\/wp\/v2\/product_cat?post=33151"},{"taxonomy":"product_tag","embeddable":true,"href":"https:\/\/e.kosmolat.eu\/lv\/wp-json\/wp\/v2\/product_tag?post=33151"}],"curies":[{"name":"wp","href":"https:\/\/api.w.org\/{rel}","templated":true}]}}