{"id":33139,"date":"2023-12-21T18:08:55","date_gmt":"2023-12-21T18:08:55","guid":{"rendered":"https:\/\/e.kosmolat.eu\/product\/dusas-suklis-6015\/"},"modified":"2026-04-22T07:51:50","modified_gmt":"2026-04-22T07:51:50","slug":"dusas-suklis-6015","status":"publish","type":"product","link":"https:\/\/e.kosmolat.eu\/lv\/product\/dusas-suklis-6015\/","title":{"rendered":"Du\u0161as s\u016bklis 6015"},"content":{"rendered":"<p>S\u016bklis mazg\u0101jamais.<\/p>\n","protected":false},"excerpt":{"rendered":"<p>S\u016bklis mazg\u0101jamais.<\/p>\n","protected":false},"featured_media":80306,"template":"","meta":[],"product_cat":[1999],"product_tag":[],"class_list":{"0":"post-33139","1":"product","2":"type-product","3":"status-publish","4":"has-post-thumbnail","6":"product_brand-donegal-sp-zo-o-_pl","7":"product_cat-bez-kategorijas","9":"first","10":"instock","11":"taxable","12":"shipping-taxable","13":"product-type-simple"},"_links":{"self":[{"href":"https:\/\/e.kosmolat.eu\/lv\/wp-json\/wp\/v2\/product\/33139","targetHints":{"allow":["GET"]}}],"collection":[{"href":"https:\/\/e.kosmolat.eu\/lv\/wp-json\/wp\/v2\/product"}],"about":[{"href":"https:\/\/e.kosmolat.eu\/lv\/wp-json\/wp\/v2\/types\/product"}],"wp:featuredmedia":[{"embeddable":true,"href":"https:\/\/e.kosmolat.eu\/lv\/wp-json\/wp\/v2\/media\/80306"}],"wp:attachment":[{"href":"https:\/\/e.kosmolat.eu\/lv\/wp-json\/wp\/v2\/media?parent=33139"}],"wp:term":[{"taxonomy":"product_cat","embeddable":true,"href":"https:\/\/e.kosmolat.eu\/lv\/wp-json\/wp\/v2\/product_cat?post=33139"},{"taxonomy":"product_tag","embeddable":true,"href":"https:\/\/e.kosmolat.eu\/lv\/wp-json\/wp\/v2\/product_tag?post=33139"}],"curies":[{"name":"wp","href":"https:\/\/api.w.org\/{rel}","templated":true}]}}