{"id":33131,"date":"2023-12-21T18:08:30","date_gmt":"2023-12-21T18:08:30","guid":{"rendered":"https:\/\/e.kosmolat.eu\/product\/asmens-griezamajam-2590\/"},"modified":"2026-04-09T16:27:08","modified_gmt":"2026-04-09T16:27:08","slug":"asmens-griezamajam-2590","status":"publish","type":"product","link":"https:\/\/e.kosmolat.eu\/lv\/product\/asmens-griezamajam-2590\/","title":{"rendered":"Asmens grie\u017eamajam 2590"},"content":{"rendered":"<p>Uzman\u012bbu: uzglab\u0101t b\u0113rniem nepieejam\u0101 viet\u0101!<\/p>\n","protected":false},"excerpt":{"rendered":"<p>Uzman\u012bbu: uzglab\u0101t b\u0113rniem nepieejam\u0101 viet\u0101!<\/p>\n","protected":false},"featured_media":80050,"template":"","meta":[],"product_cat":[1683],"product_tag":[],"class_list":{"0":"post-33131","1":"product","2":"type-product","3":"status-publish","4":"has-post-thumbnail","6":"product_brand-donegal-sp-zo-o-_pl","7":"product_cat-skusanas-piederumi-viriesiem","9":"first","10":"instock","11":"taxable","12":"shipping-taxable","13":"product-type-simple"},"_links":{"self":[{"href":"https:\/\/e.kosmolat.eu\/lv\/wp-json\/wp\/v2\/product\/33131","targetHints":{"allow":["GET"]}}],"collection":[{"href":"https:\/\/e.kosmolat.eu\/lv\/wp-json\/wp\/v2\/product"}],"about":[{"href":"https:\/\/e.kosmolat.eu\/lv\/wp-json\/wp\/v2\/types\/product"}],"wp:featuredmedia":[{"embeddable":true,"href":"https:\/\/e.kosmolat.eu\/lv\/wp-json\/wp\/v2\/media\/80050"}],"wp:attachment":[{"href":"https:\/\/e.kosmolat.eu\/lv\/wp-json\/wp\/v2\/media?parent=33131"}],"wp:term":[{"taxonomy":"product_cat","embeddable":true,"href":"https:\/\/e.kosmolat.eu\/lv\/wp-json\/wp\/v2\/product_cat?post=33131"},{"taxonomy":"product_tag","embeddable":true,"href":"https:\/\/e.kosmolat.eu\/lv\/wp-json\/wp\/v2\/product_tag?post=33131"}],"curies":[{"name":"wp","href":"https:\/\/api.w.org\/{rel}","templated":true}]}}