{"id":33123,"date":"2023-12-21T18:08:05","date_gmt":"2023-12-21T18:08:05","guid":{"rendered":"https:\/\/e.kosmolat.eu\/product\/mazgasanas-suklis-6009\/"},"modified":"2026-04-21T07:04:24","modified_gmt":"2026-04-21T07:04:24","slug":"mazgasanas-suklis-6009","status":"publish","type":"product","link":"https:\/\/e.kosmolat.eu\/lv\/product\/mazgasanas-suklis-6009\/","title":{"rendered":"Mazg\u0101\u0161an\u0101s s\u016bklis 6009"},"content":{"rendered":"<p>Hipoaler\u0123isks s\u016bklis \u0137erme\u0146a mazg\u0101\u0161anai.<\/p>\n","protected":false},"excerpt":{"rendered":"<p>Hipoaler\u0123isks s\u016bklis \u0137erme\u0146a mazg\u0101\u0161anai.<\/p>\n","protected":false},"featured_media":80322,"template":"","meta":[],"product_cat":[1999],"product_tag":[],"class_list":{"0":"post-33123","1":"product","2":"type-product","3":"status-publish","4":"has-post-thumbnail","6":"product_brand-donegal-sp-zo-o-_pl","7":"product_cat-bez-kategorijas","9":"first","10":"outofstock","11":"taxable","12":"shipping-taxable","13":"product-type-simple"},"_links":{"self":[{"href":"https:\/\/e.kosmolat.eu\/lv\/wp-json\/wp\/v2\/product\/33123","targetHints":{"allow":["GET"]}}],"collection":[{"href":"https:\/\/e.kosmolat.eu\/lv\/wp-json\/wp\/v2\/product"}],"about":[{"href":"https:\/\/e.kosmolat.eu\/lv\/wp-json\/wp\/v2\/types\/product"}],"wp:featuredmedia":[{"embeddable":true,"href":"https:\/\/e.kosmolat.eu\/lv\/wp-json\/wp\/v2\/media\/80322"}],"wp:attachment":[{"href":"https:\/\/e.kosmolat.eu\/lv\/wp-json\/wp\/v2\/media?parent=33123"}],"wp:term":[{"taxonomy":"product_cat","embeddable":true,"href":"https:\/\/e.kosmolat.eu\/lv\/wp-json\/wp\/v2\/product_cat?post=33123"},{"taxonomy":"product_tag","embeddable":true,"href":"https:\/\/e.kosmolat.eu\/lv\/wp-json\/wp\/v2\/product_tag?post=33123"}],"curies":[{"name":"wp","href":"https:\/\/api.w.org\/{rel}","templated":true}]}}