{"id":33119,"date":"2023-12-21T18:07:54","date_gmt":"2023-12-21T18:07:54","guid":{"rendered":"https:\/\/e.kosmolat.eu\/product\/mazgasanas-suklis-6008\/"},"modified":"2026-04-21T06:58:30","modified_gmt":"2026-04-21T06:58:30","slug":"mazgasanas-suklis-6008","status":"publish","type":"product","link":"https:\/\/e.kosmolat.eu\/lv\/product\/mazgasanas-suklis-6008\/","title":{"rendered":"Mazg\u0101\u0161an\u0101s s\u016bklis 6008"},"content":{"rendered":"","protected":false},"excerpt":{"rendered":"","protected":false},"featured_media":80062,"template":"","meta":[],"product_cat":[1999],"product_tag":[],"class_list":{"0":"post-33119","1":"product","2":"type-product","3":"status-publish","4":"has-post-thumbnail","6":"product_brand-donegal-sp-zo-o-_pl","7":"product_cat-bez-kategorijas","9":"first","10":"instock","11":"taxable","12":"shipping-taxable","13":"product-type-simple"},"_links":{"self":[{"href":"https:\/\/e.kosmolat.eu\/lv\/wp-json\/wp\/v2\/product\/33119","targetHints":{"allow":["GET"]}}],"collection":[{"href":"https:\/\/e.kosmolat.eu\/lv\/wp-json\/wp\/v2\/product"}],"about":[{"href":"https:\/\/e.kosmolat.eu\/lv\/wp-json\/wp\/v2\/types\/product"}],"wp:featuredmedia":[{"embeddable":true,"href":"https:\/\/e.kosmolat.eu\/lv\/wp-json\/wp\/v2\/media\/80062"}],"wp:attachment":[{"href":"https:\/\/e.kosmolat.eu\/lv\/wp-json\/wp\/v2\/media?parent=33119"}],"wp:term":[{"taxonomy":"product_cat","embeddable":true,"href":"https:\/\/e.kosmolat.eu\/lv\/wp-json\/wp\/v2\/product_cat?post=33119"},{"taxonomy":"product_tag","embeddable":true,"href":"https:\/\/e.kosmolat.eu\/lv\/wp-json\/wp\/v2\/product_tag?post=33119"}],"curies":[{"name":"wp","href":"https:\/\/api.w.org\/{rel}","templated":true}]}}