{"id":33103,"date":"2023-12-21T18:07:00","date_gmt":"2023-12-21T18:07:00","guid":{"rendered":"https:\/\/e.kosmolat.eu\/product\/aplikators-acu-enam-1039\/"},"modified":"2026-04-09T16:25:57","modified_gmt":"2026-04-09T16:25:57","slug":"aplikators-acu-enam-1039","status":"publish","type":"product","link":"https:\/\/e.kosmolat.eu\/lv\/product\/aplikators-acu-enam-1039\/","title":{"rendered":"Aplikators acu \u0113n\u0101m 1039"},"content":{"rendered":"<p>Uzman\u012bbu: uzglab\u0101tb\u0113rniem nepieejam\u0101 viet\u0101!<\/p>\n","protected":false},"excerpt":{"rendered":"<p>Uzman\u012bbu: uzglab\u0101tb\u0113rniem nepieejam\u0101 viet\u0101!<\/p>\n","protected":false},"featured_media":78342,"template":"","meta":[],"product_cat":[1550],"product_tag":[],"class_list":{"0":"post-33103","1":"product","2":"type-product","3":"status-publish","4":"has-post-thumbnail","6":"product_brand-donegal-sp-zo-o-_pl","7":"product_cat-1550","9":"first","10":"instock","11":"taxable","12":"shipping-taxable","13":"product-type-simple"},"_links":{"self":[{"href":"https:\/\/e.kosmolat.eu\/lv\/wp-json\/wp\/v2\/product\/33103","targetHints":{"allow":["GET"]}}],"collection":[{"href":"https:\/\/e.kosmolat.eu\/lv\/wp-json\/wp\/v2\/product"}],"about":[{"href":"https:\/\/e.kosmolat.eu\/lv\/wp-json\/wp\/v2\/types\/product"}],"wp:featuredmedia":[{"embeddable":true,"href":"https:\/\/e.kosmolat.eu\/lv\/wp-json\/wp\/v2\/media\/78342"}],"wp:attachment":[{"href":"https:\/\/e.kosmolat.eu\/lv\/wp-json\/wp\/v2\/media?parent=33103"}],"wp:term":[{"taxonomy":"product_cat","embeddable":true,"href":"https:\/\/e.kosmolat.eu\/lv\/wp-json\/wp\/v2\/product_cat?post=33103"},{"taxonomy":"product_tag","embeddable":true,"href":"https:\/\/e.kosmolat.eu\/lv\/wp-json\/wp\/v2\/product_tag?post=33103"}],"curies":[{"name":"wp","href":"https:\/\/api.w.org\/{rel}","templated":true}]}}