{"id":33091,"date":"2023-12-21T18:06:21","date_gmt":"2023-12-21T18:06:21","guid":{"rendered":"https:\/\/e.kosmolat.eu\/product\/vile-pedam-1022\/"},"modified":"2025-09-19T16:47:49","modified_gmt":"2025-09-19T16:47:49","slug":"vile-pedam-1022","status":"publish","type":"product","link":"https:\/\/e.kosmolat.eu\/lv\/product\/vile-pedam-1022\/","title":{"rendered":"V\u012ble p\u0113d\u0101m 1022"},"content":{"rendered":"<p>Uzman\u012bbu: uzglab\u0101t b\u0113rniem nepieejam\u0101 viet\u0101!<\/p>\n","protected":false},"excerpt":{"rendered":"<p>Uzman\u012bbu: uzglab\u0101t b\u0113rniem nepieejam\u0101 viet\u0101!<\/p>\n","protected":false},"featured_media":80026,"template":"","meta":[],"product_cat":[1765],"product_tag":[],"class_list":{"0":"post-33091","1":"product","2":"type-product","3":"status-publish","4":"has-post-thumbnail","6":"product_brand-donegal-sp-zo-o-_pl","7":"product_cat-kaju-kopsanas-aksesuari","9":"first","10":"outofstock","11":"taxable","12":"shipping-taxable","13":"product-type-simple"},"_links":{"self":[{"href":"https:\/\/e.kosmolat.eu\/lv\/wp-json\/wp\/v2\/product\/33091","targetHints":{"allow":["GET"]}}],"collection":[{"href":"https:\/\/e.kosmolat.eu\/lv\/wp-json\/wp\/v2\/product"}],"about":[{"href":"https:\/\/e.kosmolat.eu\/lv\/wp-json\/wp\/v2\/types\/product"}],"wp:featuredmedia":[{"embeddable":true,"href":"https:\/\/e.kosmolat.eu\/lv\/wp-json\/wp\/v2\/media\/80026"}],"wp:attachment":[{"href":"https:\/\/e.kosmolat.eu\/lv\/wp-json\/wp\/v2\/media?parent=33091"}],"wp:term":[{"taxonomy":"product_cat","embeddable":true,"href":"https:\/\/e.kosmolat.eu\/lv\/wp-json\/wp\/v2\/product_cat?post=33091"},{"taxonomy":"product_tag","embeddable":true,"href":"https:\/\/e.kosmolat.eu\/lv\/wp-json\/wp\/v2\/product_tag?post=33091"}],"curies":[{"name":"wp","href":"https:\/\/api.w.org\/{rel}","templated":true}]}}