{"id":33087,"date":"2023-12-21T18:06:09","date_gmt":"2023-12-21T18:06:09","guid":{"rendered":"https:\/\/e.kosmolat.eu\/product\/vile-pedam-9533\/"},"modified":"2026-04-09T16:24:44","modified_gmt":"2026-04-09T16:24:44","slug":"vile-pedam-9533","status":"publish","type":"product","link":"https:\/\/e.kosmolat.eu\/lv\/product\/vile-pedam-9533\/","title":{"rendered":"V\u012ble p\u0113d\u0101m 9533"},"content":{"rendered":"<p>Pap\u0113\u017eu v\u012ble.<\/p>\n<p>Uzman\u012bbu: tur\u0113t b\u0113rniem nepieejam\u0101 viet\u0101!<\/p>\n","protected":false},"excerpt":{"rendered":"<p>Pap\u0113\u017eu v\u012ble. Uzman\u012bbu: tur\u0113t b\u0113rniem nepieejam\u0101 viet\u0101!<\/p>\n","protected":false},"featured_media":80022,"template":"","meta":[],"product_cat":[1765],"product_tag":[],"class_list":{"0":"post-33087","1":"product","2":"type-product","3":"status-publish","4":"has-post-thumbnail","6":"product_brand-donegal-sp-zo-o-_pl","7":"product_cat-kaju-kopsanas-aksesuari","9":"first","10":"instock","11":"taxable","12":"shipping-taxable","13":"product-type-simple"},"_links":{"self":[{"href":"https:\/\/e.kosmolat.eu\/lv\/wp-json\/wp\/v2\/product\/33087","targetHints":{"allow":["GET"]}}],"collection":[{"href":"https:\/\/e.kosmolat.eu\/lv\/wp-json\/wp\/v2\/product"}],"about":[{"href":"https:\/\/e.kosmolat.eu\/lv\/wp-json\/wp\/v2\/types\/product"}],"wp:featuredmedia":[{"embeddable":true,"href":"https:\/\/e.kosmolat.eu\/lv\/wp-json\/wp\/v2\/media\/80022"}],"wp:attachment":[{"href":"https:\/\/e.kosmolat.eu\/lv\/wp-json\/wp\/v2\/media?parent=33087"}],"wp:term":[{"taxonomy":"product_cat","embeddable":true,"href":"https:\/\/e.kosmolat.eu\/lv\/wp-json\/wp\/v2\/product_cat?post=33087"},{"taxonomy":"product_tag","embeddable":true,"href":"https:\/\/e.kosmolat.eu\/lv\/wp-json\/wp\/v2\/product_tag?post=33087"}],"curies":[{"name":"wp","href":"https:\/\/api.w.org\/{rel}","templated":true}]}}