{"id":33079,"date":"2023-12-21T18:05:41","date_gmt":"2023-12-21T18:05:41","guid":{"rendered":"https:\/\/e.kosmolat.eu\/product\/suklis-kermenim-9711\/"},"modified":"2026-04-09T16:41:09","modified_gmt":"2026-04-09T16:41:09","slug":"suklis-kermenim-9711","status":"publish","type":"product","link":"https:\/\/e.kosmolat.eu\/lv\/product\/suklis-kermenim-9711\/","title":{"rendered":"S\u016bklis kermenim 9711"},"content":{"rendered":"<p>Mas\u0113jo&scaron;s mazg\u0101&scaron;an\u0101s cimds.<\/p>\n<p>\u0136erme\u0146a kop&scaron;anai, mas\u0113&scaron;anai un mazg\u0101&scaron;anai. Maigi mas\u0113t \u0101du apm\u0113ram 3-6 min. P\u0113c tam uzkl\u0101t uz \u0101das kr\u0113mu p\u0113c izv\u0113les. P\u012blinga efekts, pal\u012bdz samazin\u0101t celul\u012btu. Stimul\u0113 asinsriti, pastiprina kosm\u0113tisko produktu iedarb\u012bbu. T\u012bra \u0137erme\u0146a poras, no\u0146emot atmiru&scaron;\u0101s \u0101das &scaron;\u016bnas.<\/p>\n","protected":false},"excerpt":{"rendered":"<p>Mas\u0113jo&scaron;s mazg\u0101&scaron;an\u0101s cimds. \u0136erme\u0146a kop&scaron;anai, mas\u0113&scaron;anai un mazg\u0101&scaron;anai. Maigi mas\u0113t \u0101du apm\u0113ram 3-6 min. P\u0113c tam uzkl\u0101t uz \u0101das kr\u0113mu p\u0113c izv\u0113les. P\u012blinga efekts, pal\u012bdz samazin\u0101t celul\u012btu. Stimul\u0113 asinsriti, pastiprina kosm\u0113tisko produktu iedarb\u012bbu. T\u012bra \u0137erme\u0146a poras, no\u0146emot atmiru&scaron;\u0101s \u0101das &scaron;\u016bnas.<\/p>\n","protected":false},"featured_media":80350,"template":"","meta":[],"product_cat":[1827],"product_tag":[],"class_list":{"0":"post-33079","1":"product","2":"type-product","3":"status-publish","4":"has-post-thumbnail","6":"product_brand-donegal-sp-zo-o-_pl","7":"product_cat-kermena-kopsanas-aksesuari","9":"first","10":"instock","11":"taxable","12":"shipping-taxable","13":"product-type-simple"},"_links":{"self":[{"href":"https:\/\/e.kosmolat.eu\/lv\/wp-json\/wp\/v2\/product\/33079","targetHints":{"allow":["GET"]}}],"collection":[{"href":"https:\/\/e.kosmolat.eu\/lv\/wp-json\/wp\/v2\/product"}],"about":[{"href":"https:\/\/e.kosmolat.eu\/lv\/wp-json\/wp\/v2\/types\/product"}],"wp:featuredmedia":[{"embeddable":true,"href":"https:\/\/e.kosmolat.eu\/lv\/wp-json\/wp\/v2\/media\/80350"}],"wp:attachment":[{"href":"https:\/\/e.kosmolat.eu\/lv\/wp-json\/wp\/v2\/media?parent=33079"}],"wp:term":[{"taxonomy":"product_cat","embeddable":true,"href":"https:\/\/e.kosmolat.eu\/lv\/wp-json\/wp\/v2\/product_cat?post=33079"},{"taxonomy":"product_tag","embeddable":true,"href":"https:\/\/e.kosmolat.eu\/lv\/wp-json\/wp\/v2\/product_tag?post=33079"}],"curies":[{"name":"wp","href":"https:\/\/api.w.org\/{rel}","templated":true}]}}