{"id":33055,"date":"2023-12-21T18:04:14","date_gmt":"2023-12-21T18:04:14","guid":{"rendered":"https:\/\/e.kosmolat.eu\/product\/dk-maska-sejai-pret-grumbam-kolagena\/"},"modified":"2025-09-19T16:34:52","modified_gmt":"2025-09-19T16:34:52","slug":"dk-kolagena-sejas-maska-pret-grumbam-26-g","status":"publish","type":"product","link":"https:\/\/e.kosmolat.eu\/lv\/product\/dk-kolagena-sejas-maska-pret-grumbam-26-g\/","title":{"rendered":"DK Kolag\u0113na sejas maska Pret grumb\u0101m, 26 g"},"content":{"rendered":"<p>Maska ir paredz\u0113ta pras\u012bgas, noguru&scaron;as \u0101das kop&scaron;anai. T\u0101s sast\u0101v\u0101 ietilpsto&scaron;ais kolag\u0113ns stimul\u0113 dabisko kolag\u0113na sint\u0113zi epiderm\u0101, mitrinot un atjaunojot \u0101du. Maskai ir izteikta izl\u012bdzino&scaron;a un savelko&scaron;a iedarb\u012bba. <strong>J\u016bras a\u013c\u0123u ekstrakts<\/strong> baro un m\u012bkstina \u0101du, nov\u0113r&scaron;ot t\u0101s elast\u012bbas zudumu, izl\u012bdzinot grumbas un padarot \u0101du tvirt\u0101ku.<\/p>\n<p><strong>Lieto&scaron;ana:<\/strong> Iz\u0146emiet masku no iepakojuma un uzkl\u0101jiet to uz iepriek&scaron; att\u012br\u012btas sejas \u0101das. No\u0146emiet masku p\u0113c 20 &#8211; 25 min\u016bt\u0113m. &Scaron;\u0137idruma p\u0101rpalikumus maigi iemas\u0113jiet \u0101d\u0101 ar pirkstu gali\u0146iem! P\u0113c proced\u016bras ieteicams uzkl\u0101t sejas kr\u0113mu atbilsto&scaron;i j\u016bsu \u0101das tipam. Maska ir paredz\u0113ta vienreiz\u0113jai lieto&scaron;anai.<\/p>\n<p>Uzglab\u0101t temperat\u016br\u0101 no +5&deg;\u0421 l\u012bdz +25&deg;C.<\/p>\n","protected":false},"excerpt":{"rendered":"<p>Maska ir paredz\u0113ta pras\u012bgas, noguru&scaron;as \u0101das kop&scaron;anai. T\u0101s sast\u0101v\u0101 ietilpsto&scaron;ais kolag\u0113ns stimul\u0113 dabisko kolag\u0113na sint\u0113zi epiderm\u0101, mitrinot un atjaunojot \u0101du. Maskai ir izteikta izl\u012bdzino&scaron;a un savelko&scaron;a iedarb\u012bba. J\u016bras a\u013c\u0123u ekstrakts baro un m\u012bkstina \u0101du, nov\u0113r&scaron;ot t\u0101s elast\u012bbas zudumu, izl\u012bdzinot grumbas un padarot \u0101du tvirt\u0101ku. Lieto&scaron;ana: Iz\u0146emiet masku no iepakojuma un uzkl\u0101jiet to uz iepriek&scaron; att\u012br\u012btas [&#8230;]\n","protected":false},"featured_media":79774,"template":"","meta":[],"product_cat":[1367],"product_tag":[],"class_list":{"0":"post-33055","1":"product","2":"type-product","3":"status-publish","4":"has-post-thumbnail","6":"product_brand-belkosmex_by","7":"product_cat-sejas-maskas","9":"first","10":"outofstock","11":"taxable","12":"shipping-taxable","13":"product-type-simple"},"_links":{"self":[{"href":"https:\/\/e.kosmolat.eu\/lv\/wp-json\/wp\/v2\/product\/33055","targetHints":{"allow":["GET"]}}],"collection":[{"href":"https:\/\/e.kosmolat.eu\/lv\/wp-json\/wp\/v2\/product"}],"about":[{"href":"https:\/\/e.kosmolat.eu\/lv\/wp-json\/wp\/v2\/types\/product"}],"wp:featuredmedia":[{"embeddable":true,"href":"https:\/\/e.kosmolat.eu\/lv\/wp-json\/wp\/v2\/media\/79774"}],"wp:attachment":[{"href":"https:\/\/e.kosmolat.eu\/lv\/wp-json\/wp\/v2\/media?parent=33055"}],"wp:term":[{"taxonomy":"product_cat","embeddable":true,"href":"https:\/\/e.kosmolat.eu\/lv\/wp-json\/wp\/v2\/product_cat?post=33055"},{"taxonomy":"product_tag","embeddable":true,"href":"https:\/\/e.kosmolat.eu\/lv\/wp-json\/wp\/v2\/product_tag?post=33055"}],"curies":[{"name":"wp","href":"https:\/\/api.w.org\/{rel}","templated":true}]}}