{"id":33051,"date":"2023-12-21T18:03:45","date_gmt":"2023-12-21T18:03:45","guid":{"rendered":"https:\/\/e.kosmolat.eu\/product\/dk-maska-adai-ap-acim-pret-maisiniem-un-tumsiem-rinkiem\/"},"modified":"2025-09-19T16:34:36","modified_gmt":"2025-09-19T16:34:36","slug":"i_dk-maska-adai-ap-acim-pret-maisiniem-un-tumsiem-lokiem-2-gab","status":"publish","type":"product","link":"https:\/\/e.kosmolat.eu\/lv\/product\/i_dk-maska-adai-ap-acim-pret-maisiniem-un-tumsiem-lokiem-2-gab\/","title":{"rendered":"I_DK Maska \u0101dai ap ac\u012bm Pret maisi\u0146iem un tum\u0161iem lokiem, 2 gab"},"content":{"rendered":"<p>Maska ir paredz\u0113ta intens\u012bvai un saudz\u012bgai kop&scaron;anai \u0101dai ap ac\u012bm. Masku var lietot regul\u0101ri (1 &#8211; 2 reizes ned\u0113\u013c\u0101), vai k\u0101 ekspress l\u012bdzekli, lai sniegtu \u0101dai svaigumu un samtainumu.&nbsp;Ar r\u012bsu kliju prote\u012bniem un sojas pet\u012bdiem bag\u0101tin\u0101tais augu komplekss <strong>Regu Age<\/strong> pal\u012bdz aptur\u0113t \u0101das priek&scaron;laic\u012bgu noveco&scaron;anos un izl\u012bdzina grumbi\u0146as ap ac\u012bm. &Scaron;ie kompleksa siner\u0123\u0113tiski atlas\u012bti akt\u012bvie komponenti samazina tum&scaron;os lokus un piet\u016bkumus zem ac\u012bm, veicinot \u0101das pies\u0101tin\u0101&scaron;anu ar sk\u0101bekli.&nbsp;<strong>\u012apa&scaron;s ferments<\/strong> nov\u0113r&scaron; kolag\u0113na un elast\u012bna boj\u0101&scaron;anos, kas atbild par \u0101das tvirtumu un elast\u012bbu.&nbsp;Akt\u012bvo sast\u0101vda\u013cu iedarb\u012bbas rezult\u0101t\u0101 maig\u0101 \u0101da ap ac\u012bm k\u013c\u016bs jaun\u0101ka un maig\u0101ka, bet skatiens &#8211; izteikts un svaigs.<\/p>\n<p><strong>Lieto&scaron;ana:<\/strong>&nbsp;Iz\u0146emiet&nbsp;masku no iepakojuma un uzkl\u0101jiet to uz att\u012br\u012btas \u0101das ap ac\u012bm k\u0101 ir nor\u0101d\u012bts z\u012bm\u0113jum\u0101! No\u0146emiet p\u0113c 20 &#8211; 25 min\u016bt\u0113m. &Scaron;\u0137idruma p\u0101rpalikumus maigi iemas\u0113jiet \u0101d\u0101 ar pirkstu gali\u0146iem. P\u0113c tam, ja v\u0113laties, uzkl\u0101jiet kr\u0113mu \u0101dai ap ac\u012bm. Maska ir piem\u0113rota vienreiz\u0113jai lieto&scaron;anai.&nbsp;<\/p>\n<p>Uzglab\u0101t temperat\u016br\u0101 no +5&deg;\u0421 l\u012bdz +25&deg;C.<\/p>\n","protected":false},"excerpt":{"rendered":"<p>Maska ir paredz\u0113ta intens\u012bvai un saudz\u012bgai kop&scaron;anai \u0101dai ap ac\u012bm. Masku var lietot regul\u0101ri (1 &#8211; 2 reizes ned\u0113\u013c\u0101), vai k\u0101 ekspress l\u012bdzekli, lai sniegtu \u0101dai svaigumu un samtainumu.&nbsp;Ar r\u012bsu kliju prote\u012bniem un sojas pet\u012bdiem bag\u0101tin\u0101tais augu komplekss Regu Age pal\u012bdz aptur\u0113t \u0101das priek&scaron;laic\u012bgu noveco&scaron;anos un izl\u012bdzina grumbi\u0146as ap ac\u012bm. &Scaron;ie kompleksa siner\u0123\u0113tiski atlas\u012bti akt\u012bvie [&#8230;]\n","protected":false},"featured_media":79770,"template":"","meta":[],"product_cat":[1367],"product_tag":[],"class_list":{"0":"post-33051","1":"product","2":"type-product","3":"status-publish","4":"has-post-thumbnail","6":"product_brand-belkosmex_by","7":"product_cat-sejas-maskas","9":"first","10":"outofstock","11":"taxable","12":"shipping-taxable","13":"product-type-simple"},"_links":{"self":[{"href":"https:\/\/e.kosmolat.eu\/lv\/wp-json\/wp\/v2\/product\/33051","targetHints":{"allow":["GET"]}}],"collection":[{"href":"https:\/\/e.kosmolat.eu\/lv\/wp-json\/wp\/v2\/product"}],"about":[{"href":"https:\/\/e.kosmolat.eu\/lv\/wp-json\/wp\/v2\/types\/product"}],"wp:featuredmedia":[{"embeddable":true,"href":"https:\/\/e.kosmolat.eu\/lv\/wp-json\/wp\/v2\/media\/79770"}],"wp:attachment":[{"href":"https:\/\/e.kosmolat.eu\/lv\/wp-json\/wp\/v2\/media?parent=33051"}],"wp:term":[{"taxonomy":"product_cat","embeddable":true,"href":"https:\/\/e.kosmolat.eu\/lv\/wp-json\/wp\/v2\/product_cat?post=33051"},{"taxonomy":"product_tag","embeddable":true,"href":"https:\/\/e.kosmolat.eu\/lv\/wp-json\/wp\/v2\/product_tag?post=33051"}],"curies":[{"name":"wp","href":"https:\/\/api.w.org\/{rel}","templated":true}]}}