{"id":33047,"date":"2023-12-21T18:03:24","date_gmt":"2023-12-21T18:03:24","guid":{"rendered":"https:\/\/e.kosmolat.eu\/product\/dk-maska-adai-ap-acim-pirms-svinibam-mirdzoss-skatiens-pec-20-min\/"},"modified":"2025-09-22T12:13:22","modified_gmt":"2025-09-22T12:13:22","slug":"dk-maska-adai-ap-acim-pirms-svinibam-2-gab","status":"publish","type":"product","link":"https:\/\/e.kosmolat.eu\/lv\/product\/dk-maska-adai-ap-acim-pirms-svinibam-2-gab\/","title":{"rendered":"DK Maska \u0101dai ap ac\u012bm Pirms svin\u012bb\u0101m, 2 gab"},"content":{"rendered":"<p>Maskas sast\u0101v\u0101 ietilpsto&scaron;ie akt\u012bvie komponenti tikai 20 min. laik\u0101 nov\u0113r&scaron; noguruma un stresa paz\u012bmes tikai 20 min. laik\u0101, intens\u012bvi mitrinot un toniz\u0113jot \u0101du ap ac\u012bm.&nbsp;<strong>N\u0101trija hialuron\u0101ts<\/strong> efekt\u012bvi likvid\u0113 at\u016bde\u0146o&scaron;anos, \u0101da k\u013c\u016bst glud\u0101ka, m\u012bkst\u0101ka un samtain\u0101ka.&nbsp;Komplekss <strong>Phisiogenyl<\/strong>&nbsp;\u0101tri baro un pies\u0101tina \u0101du ar nepieci&scaron;amo ener\u0123iju. Tas \u0101tri no\u0146em ac\u012bmredzamu sasprindzin\u0101jumu un nogurumu, toniz\u0113 un atsvaidzina \u0101du, sniedz tai tvirtuma saj\u016btu, nov\u0113r&scaron; noguruma un stresa paz\u012bmes, pie&scaron;\u0137ir acu plaksti\u0146u \u0101dai sp\u012bdumu un uzlabo t\u0101s \u0101r\u0113jo izskatu.&nbsp;<strong>Arg\u0101nijas aug\u013cu proet\u012bni<\/strong> ir lielisks l\u012bdzeklis pret \u0101das noveco&scaron;anu. Tas efekt\u012bvi izl\u012bdzina grumbi\u0146as ap ac\u012bm, iev\u0113rojami uzlabo acu plaksti\u0146u \u0101das strukt\u016bru un nov\u0113r&scaron; t\u016bsku zem ac\u012bm.&nbsp;<\/p>\n<p><strong>Lieto&scaron;ana:<\/strong>&nbsp;iz\u0146emiet masku no iepakojuma un uzkl\u0101jiet to uz att\u012br\u012btas \u0101das ap ac\u012bm k\u0101 ir nor\u0101d\u012bts z\u012bm\u0113jum\u0101! No\u0146emiet p\u0113c 20 &#8211; 25 min\u016bt\u0113m. &Scaron;\u0137idruma p\u0101rpalikumus maigi iemas\u0113jiet \u0101d\u0101 ar pirkstu gali\u0146iem. P\u0113c tam, ja v\u0113laties, uzkl\u0101jiet kr\u0113mu \u0101dai ap ac\u012bm. Maska ir piem\u0113rota vienreiz\u0113jai lieto&scaron;anai.<\/p>\n<p>Uzglab\u0101t temperat\u016br\u0101 no +5&deg;\u0421 l\u012bdz +25&deg;C.<\/p>\n","protected":false},"excerpt":{"rendered":"<p>Maskas sast\u0101v\u0101 ietilpsto&scaron;ie akt\u012bvie komponenti tikai 20 min. laik\u0101 nov\u0113r&scaron; noguruma un stresa paz\u012bmes tikai 20 min. laik\u0101, intens\u012bvi mitrinot un toniz\u0113jot \u0101du ap ac\u012bm.&nbsp;N\u0101trija hialuron\u0101ts efekt\u012bvi likvid\u0113 at\u016bde\u0146o&scaron;anos, \u0101da k\u013c\u016bst glud\u0101ka, m\u012bkst\u0101ka un samtain\u0101ka.&nbsp;Komplekss Phisiogenyl&nbsp;\u0101tri baro un pies\u0101tina \u0101du ar nepieci&scaron;amo ener\u0123iju. Tas \u0101tri no\u0146em ac\u012bmredzamu sasprindzin\u0101jumu un nogurumu, toniz\u0113 un atsvaidzina \u0101du, sniedz [&#8230;]\n","protected":false},"featured_media":79766,"template":"","meta":[],"product_cat":[1370],"product_tag":[],"class_list":{"0":"post-33047","1":"product","2":"type-product","3":"status-publish","4":"has-post-thumbnail","6":"product_brand-belkosmex_by","7":"product_cat-1370","9":"first","10":"instock","11":"taxable","12":"shipping-taxable","13":"product-type-simple"},"_links":{"self":[{"href":"https:\/\/e.kosmolat.eu\/lv\/wp-json\/wp\/v2\/product\/33047","targetHints":{"allow":["GET"]}}],"collection":[{"href":"https:\/\/e.kosmolat.eu\/lv\/wp-json\/wp\/v2\/product"}],"about":[{"href":"https:\/\/e.kosmolat.eu\/lv\/wp-json\/wp\/v2\/types\/product"}],"wp:featuredmedia":[{"embeddable":true,"href":"https:\/\/e.kosmolat.eu\/lv\/wp-json\/wp\/v2\/media\/79766"}],"wp:attachment":[{"href":"https:\/\/e.kosmolat.eu\/lv\/wp-json\/wp\/v2\/media?parent=33047"}],"wp:term":[{"taxonomy":"product_cat","embeddable":true,"href":"https:\/\/e.kosmolat.eu\/lv\/wp-json\/wp\/v2\/product_cat?post=33047"},{"taxonomy":"product_tag","embeddable":true,"href":"https:\/\/e.kosmolat.eu\/lv\/wp-json\/wp\/v2\/product_tag?post=33047"}],"curies":[{"name":"wp","href":"https:\/\/api.w.org\/{rel}","templated":true}]}}