{"id":33043,"date":"2023-12-21T18:02:56","date_gmt":"2023-12-21T18:02:56","guid":{"rendered":"https:\/\/e.kosmolat.eu\/product\/dk-maska-adai-ap-acim-atrs-liftings\/"},"modified":"2025-09-19T16:34:07","modified_gmt":"2025-09-19T16:34:07","slug":"i_dk-maska-adai-ap-acim-atrs-liftings-2-gab","status":"publish","type":"product","link":"https:\/\/e.kosmolat.eu\/lv\/product\/i_dk-maska-adai-ap-acim-atrs-liftings-2-gab\/","title":{"rendered":"I_DK Maska \u0101dai ap ac\u012bm \u0100trs liftings, 2 gab"},"content":{"rendered":"<p>Maska ir paredz\u0113ta intens\u012bvai kop&scaron;anai maigai un pras\u012bgai \u0101dai ap ac\u012bm.&nbsp;Maska satur <strong>arg\u0101nijas aug\u013cu prote\u012bnus<\/strong>, kuri \u0101tri izl\u012bdzina \u0101du un mazina grumbas.&nbsp;Unik\u0101lais, <strong>dabisks mitrin\u0101t\u0101js<\/strong> nostiprina sasniegto rezult\u0101tu, padarot \u0101du elast\u012bg\u0101ku, pie&scaron;\u0137irot tai maigumu un gludumu.&nbsp;Regul\u0101ri lietojot masku, \u0101da k\u013c\u016bst elast\u012bg\u0101ka, maig\u0101ka un glud\u0101ka.<\/p>\n<p><strong>Lieto&scaron;ana:<\/strong>&nbsp;iz\u0146emiet masku no iepakojuma un uzkl\u0101jiet to uz att\u012br\u012btas \u0101das ap ac\u012bm k\u0101 ir nor\u0101d\u012bts z\u012bm\u0113jum\u0101! No\u0146emiet p\u0113c 20 &#8211; 25 min\u016bt\u0113m. &Scaron;\u0137idruma p\u0101rpalikumus maigi iemas\u0113jiet \u0101d\u0101 ar pirkstu gali\u0146iem. P\u0113c tam, ja v\u0113laties, uzkl\u0101jiet kr\u0113mu \u0101dai ap ac\u012bm. Maska ir piem\u0113rota vienreiz\u0113jai lieto&scaron;anai.<\/p>\n<p>Uzglab\u0101t temperat\u016br\u0101 no +5&deg;\u0421 l\u012bdz +25&deg;C.<\/p>\n","protected":false},"excerpt":{"rendered":"<p>Maska ir paredz\u0113ta intens\u012bvai kop&scaron;anai maigai un pras\u012bgai \u0101dai ap ac\u012bm.&nbsp;Maska satur arg\u0101nijas aug\u013cu prote\u012bnus, kuri \u0101tri izl\u012bdzina \u0101du un mazina grumbas.&nbsp;Unik\u0101lais, dabisks mitrin\u0101t\u0101js nostiprina sasniegto rezult\u0101tu, padarot \u0101du elast\u012bg\u0101ku, pie&scaron;\u0137irot tai maigumu un gludumu.&nbsp;Regul\u0101ri lietojot masku, \u0101da k\u013c\u016bst elast\u012bg\u0101ka, maig\u0101ka un glud\u0101ka. Lieto&scaron;ana:&nbsp;iz\u0146emiet masku no iepakojuma un uzkl\u0101jiet to uz att\u012br\u012btas \u0101das ap ac\u012bm [&#8230;]\n","protected":false},"featured_media":79762,"template":"","meta":[],"product_cat":[1370],"product_tag":[],"class_list":{"0":"post-33043","1":"product","2":"type-product","3":"status-publish","4":"has-post-thumbnail","6":"product_brand-belkosmex_by","7":"product_cat-1370","9":"first","10":"outofstock","11":"taxable","12":"shipping-taxable","13":"product-type-simple"},"_links":{"self":[{"href":"https:\/\/e.kosmolat.eu\/lv\/wp-json\/wp\/v2\/product\/33043","targetHints":{"allow":["GET"]}}],"collection":[{"href":"https:\/\/e.kosmolat.eu\/lv\/wp-json\/wp\/v2\/product"}],"about":[{"href":"https:\/\/e.kosmolat.eu\/lv\/wp-json\/wp\/v2\/types\/product"}],"wp:featuredmedia":[{"embeddable":true,"href":"https:\/\/e.kosmolat.eu\/lv\/wp-json\/wp\/v2\/media\/79762"}],"wp:attachment":[{"href":"https:\/\/e.kosmolat.eu\/lv\/wp-json\/wp\/v2\/media?parent=33043"}],"wp:term":[{"taxonomy":"product_cat","embeddable":true,"href":"https:\/\/e.kosmolat.eu\/lv\/wp-json\/wp\/v2\/product_cat?post=33043"},{"taxonomy":"product_tag","embeddable":true,"href":"https:\/\/e.kosmolat.eu\/lv\/wp-json\/wp\/v2\/product_tag?post=33043"}],"curies":[{"name":"wp","href":"https:\/\/api.w.org\/{rel}","templated":true}]}}