{"id":33035,"date":"2023-12-21T18:02:11","date_gmt":"2023-12-21T18:02:11","guid":{"rendered":"https:\/\/e.kosmolat.eu\/product\/dd-krems-tira-ada-30-ml\/"},"modified":"2026-04-23T09:27:01","modified_gmt":"2026-04-23T09:27:01","slug":"dd-krems-tira-ada-30-ml","status":"publish","type":"product","link":"https:\/\/e.kosmolat.eu\/lv\/product\/dd-krems-tira-ada-30-ml\/","title":{"rendered":"&#8220;DD&#8221; Kr\u0113ms &#8220;T\u012bra \u0101da&#8221;, 30 ml"},"content":{"rendered":"<p>Ar di\u017edad\u017ea ekstraktu un eikalipta, cipreses, \u0123er\u0101nijas, neroli e\u013c\u013c\u0101m. Kr\u0113ms ir efekt\u012bvs pret \u0101das iekaisumu un aps\u0101rtumu. Satur antibakteri\u0101las un antiseptiskas sast\u0101vda\u013cas. <\/p>\n<p>Lieto\u0161ana: ikdienas lieto\u0161anai &#8211; uzkl\u0101t uz t\u012bras sejas \u0101das no r\u012bta\/vakar\u0101. Problem\u0101tisko vietu kop\u0161anai &#8211; uzkl\u0101t tr\u012bs reizes dien\u0101.<\/p>\n<p>Kontrindik\u0101cijas: individu\u0101la konkr\u0113tu kr\u0113ma sast\u0101vda\u013cu nepanesam\u012bba.<\/p><\/p>\n","protected":false},"excerpt":{"rendered":"<p>Ar di\u017edad\u017ea ekstraktu un eikalipta, cipreses, \u0123er\u0101nijas, neroli e\u013c\u013c\u0101m. Kr\u0113ms ir efekt\u012bvs pret \u0101das iekaisumu un aps\u0101rtumu. Satur antibakteri\u0101las un antiseptiskas sast\u0101vda\u013cas. Lieto\u0161ana: ikdienas lieto\u0161anai &#8211; uzkl\u0101t uz t\u012bras sejas \u0101das no r\u012bta\/vakar\u0101. Problem\u0101tisko vietu kop\u0161anai &#8211; uzkl\u0101t tr\u012bs reizes dien\u0101. Kontrindik\u0101cijas: individu\u0101la konkr\u0113tu kr\u0113ma sast\u0101vda\u013cu nepanesam\u012bba.<\/p>\n","protected":false},"featured_media":96630,"template":"","meta":[],"product_cat":[1999],"product_tag":[],"class_list":{"0":"post-33035","1":"product","2":"type-product","3":"status-publish","4":"has-post-thumbnail","6":"product_brand-elfa_ua","7":"product_cat-bez-kategorijas","9":"first","10":"instock","11":"taxable","12":"shipping-taxable","13":"product-type-simple"},"_links":{"self":[{"href":"https:\/\/e.kosmolat.eu\/lv\/wp-json\/wp\/v2\/product\/33035","targetHints":{"allow":["GET"]}}],"collection":[{"href":"https:\/\/e.kosmolat.eu\/lv\/wp-json\/wp\/v2\/product"}],"about":[{"href":"https:\/\/e.kosmolat.eu\/lv\/wp-json\/wp\/v2\/types\/product"}],"wp:featuredmedia":[{"embeddable":true,"href":"https:\/\/e.kosmolat.eu\/lv\/wp-json\/wp\/v2\/media\/96630"}],"wp:attachment":[{"href":"https:\/\/e.kosmolat.eu\/lv\/wp-json\/wp\/v2\/media?parent=33035"}],"wp:term":[{"taxonomy":"product_cat","embeddable":true,"href":"https:\/\/e.kosmolat.eu\/lv\/wp-json\/wp\/v2\/product_cat?post=33035"},{"taxonomy":"product_tag","embeddable":true,"href":"https:\/\/e.kosmolat.eu\/lv\/wp-json\/wp\/v2\/product_tag?post=33035"}],"curies":[{"name":"wp","href":"https:\/\/api.w.org\/{rel}","templated":true}]}}