{"id":33031,"date":"2023-12-21T18:01:52","date_gmt":"2023-12-21T18:01:52","guid":{"rendered":"https:\/\/e.kosmolat.eu\/product\/dd-krems-jaunibas-noslepums-30-ml\/"},"modified":"2026-04-20T11:51:05","modified_gmt":"2026-04-20T11:51:05","slug":"dd-krems-jaunibas-noslepums-30-ml","status":"publish","type":"product","link":"https:\/\/e.kosmolat.eu\/lv\/product\/dd-krems-jaunibas-noslepums-30-ml\/","title":{"rendered":"&#8220;DD&#8221; Kr\u0113ms &#8220;Jaun\u012bbas nosl\u0113pums&#8221;, 30 ml"},"content":{"rendered":"<p>Ar \u0161i, mirres, verbenas un ro\u017eu e\u013c\u013c\u0101m. Piem\u0113rots rok\u0101m, sejas, kakla, dekolt\u0113 zonai. \u0100du padara tvirtu un elast\u012bgu. Lieto\u0161ana: pl\u0101n\u0101 k\u0101rt\u0101 uzkl\u0101t uz sejas, kakla, dekolt\u0113 zonas, rok\u0101m. Kr\u0113mu nelietot uz \u0101das zem ac\u012bm. Kontrindik\u0101cijas: individu\u0101la konkr\u0113tu kr\u0113ma sast\u0101vda\u013cu nepanesam\u012bba.<\/p>\n","protected":false},"excerpt":{"rendered":"<p>Ar \u0161i, mirres, verbenas un ro\u017eu e\u013c\u013c\u0101m. Piem\u0113rots rok\u0101m, sejas, kakla, dekolt\u0113 zonai. \u0100du padara tvirtu un elast\u012bgu. Lieto\u0161ana: pl\u0101n\u0101 k\u0101rt\u0101 uzkl\u0101t uz sejas, kakla, dekolt\u0113 zonas, rok\u0101m. Kr\u0113mu nelietot uz \u0101das zem ac\u012bm. Kontrindik\u0101cijas: individu\u0101la konkr\u0113tu kr\u0113ma sast\u0101vda\u013cu nepanesam\u012bba.<\/p>\n","protected":false},"featured_media":96626,"template":"","meta":[],"product_cat":[1320],"product_tag":[],"class_list":{"0":"post-33031","1":"product","2":"type-product","3":"status-publish","4":"has-post-thumbnail","6":"product_brand-elfa_ua","7":"product_cat-sejas-kremi","9":"first","10":"instock","11":"taxable","12":"shipping-taxable","13":"product-type-simple"},"_links":{"self":[{"href":"https:\/\/e.kosmolat.eu\/lv\/wp-json\/wp\/v2\/product\/33031","targetHints":{"allow":["GET"]}}],"collection":[{"href":"https:\/\/e.kosmolat.eu\/lv\/wp-json\/wp\/v2\/product"}],"about":[{"href":"https:\/\/e.kosmolat.eu\/lv\/wp-json\/wp\/v2\/types\/product"}],"wp:featuredmedia":[{"embeddable":true,"href":"https:\/\/e.kosmolat.eu\/lv\/wp-json\/wp\/v2\/media\/96626"}],"wp:attachment":[{"href":"https:\/\/e.kosmolat.eu\/lv\/wp-json\/wp\/v2\/media?parent=33031"}],"wp:term":[{"taxonomy":"product_cat","embeddable":true,"href":"https:\/\/e.kosmolat.eu\/lv\/wp-json\/wp\/v2\/product_cat?post=33031"},{"taxonomy":"product_tag","embeddable":true,"href":"https:\/\/e.kosmolat.eu\/lv\/wp-json\/wp\/v2\/product_tag?post=33031"}],"curies":[{"name":"wp","href":"https:\/\/api.w.org\/{rel}","templated":true}]}}