{"id":33027,"date":"2023-12-21T18:01:26","date_gmt":"2023-12-21T18:01:26","guid":{"rendered":"https:\/\/e.kosmolat.eu\/product\/dd-krems-katram-gadijumam-30-ml\/"},"modified":"2026-04-23T07:48:03","modified_gmt":"2026-04-23T07:48:03","slug":"the-dr-hc-krems-katram-gadijumam-30-ml","status":"publish","type":"product","link":"https:\/\/e.kosmolat.eu\/lv\/product\/the-dr-hc-krems-katram-gadijumam-30-ml\/","title":{"rendered":"The Dr. H&#038;C Kr\u0113ms &#8220;Katram gad\u012bjumam&#8221;, 30 ml"},"content":{"rendered":"<p>Pla\u0161a pielietojuma profilaktisks kr\u0113ms.<\/p>\n<p>-\u0101tras iedarb\u012bbas;<br \/>\n-antiseptisks.<\/p>\n<p>Ar bi\u0161u vasku un t\u0113jas koka, kadi\u0137u, sandala e\u013c\u013c\u0101m.\n<\/p>\n<h4>\nLieto: <\/h4>\n<p>\n-Pret sausu sejas un roku \u0101du, l\u016bpu plais\u0101\u0161anu;<br \/>\n-Pret raupju \u0101du uz elko\u0146iem, p\u0113du plais\u0101\u0161anu;<br \/>\n-\u0100das kairin\u0101juma mazin\u0101\u0161anai: kukai\u0146u kodumu, izsutumu gad\u012bjumos, p\u0113c sau\u013co\u0161an\u0101s;<br \/>\n-\u0100das atjauno\u0161anai p\u0113c saimniec\u012bbas darbu veik\u0161anas (ve\u013cas mazg\u0101\u0161ana ar rok\u0101m, trauku mazg\u0101\u0161ana, m\u0101jas uzkop\u0161ana utt.).<\/p>\n<p>Kr\u0113ma akt\u012bv\u0101s sast\u0101vda\u013cas veicina \u0101das atjauno\u0161anu:<br \/>\n-viegli apdegumi;<br \/>\n-apsald\u0113jumi;<br \/>\n-iegriezumi;<br \/>\n-ieskramb\u0101jumi;<br \/>\n-p\u0113c sk\u016b\u0161an\u0101s.<br \/>\nNav \u0101rstniecisks produkts.\n<\/p>\n<h4>\nLieto\u0161ana: <\/h4>\n<p>uzkl\u0101t pl\u0101n\u0101 k\u0101rt\u0101 uz problem\u0101tisk\u0101s \u0101das da\u013cas. <\/p>\n<h4>Kontrindik\u0101cijas: <\/h4>\n<p>atsevi\u0161\u0137u sast\u0101vda\u013cu individu\u0101la nepanesam\u012bba.<\/p>\n<p>Uzglab\u0101\u0161ana: no +5\u00b0C l\u012bdz +25\u00b0C.<\/p>\n","protected":false},"excerpt":{"rendered":"<p>Pla\u0161a pielietojuma profilaktisks kr\u0113ms. -\u0101tras iedarb\u012bbas; -antiseptisks. Ar bi\u0161u vasku un t\u0113jas koka, kadi\u0137u, sandala e\u013c\u013c\u0101m. Lieto: -Pret sausu sejas un roku \u0101du, l\u016bpu plais\u0101\u0161anu; -Pret raupju \u0101du uz elko\u0146iem, p\u0113du plais\u0101\u0161anu; -\u0100das kairin\u0101juma mazin\u0101\u0161anai: kukai\u0146u kodumu, izsutumu gad\u012bjumos, p\u0113c sau\u013co\u0161an\u0101s; -\u0100das atjauno\u0161anai p\u0113c saimniec\u012bbas darbu veik\u0161anas (ve\u013cas mazg\u0101\u0161ana ar rok\u0101m, trauku mazg\u0101\u0161ana, m\u0101jas uzkop\u0161ana [&#8230;]\n","protected":false},"featured_media":96622,"template":"","meta":[],"product_cat":[1320],"product_tag":[],"class_list":{"0":"post-33027","1":"product","2":"type-product","3":"status-publish","4":"has-post-thumbnail","6":"product_brand-elfa_ua","7":"product_cat-sejas-kremi","9":"first","10":"outofstock","11":"taxable","12":"shipping-taxable","13":"product-type-simple"},"_links":{"self":[{"href":"https:\/\/e.kosmolat.eu\/lv\/wp-json\/wp\/v2\/product\/33027","targetHints":{"allow":["GET"]}}],"collection":[{"href":"https:\/\/e.kosmolat.eu\/lv\/wp-json\/wp\/v2\/product"}],"about":[{"href":"https:\/\/e.kosmolat.eu\/lv\/wp-json\/wp\/v2\/types\/product"}],"wp:featuredmedia":[{"embeddable":true,"href":"https:\/\/e.kosmolat.eu\/lv\/wp-json\/wp\/v2\/media\/96622"}],"wp:attachment":[{"href":"https:\/\/e.kosmolat.eu\/lv\/wp-json\/wp\/v2\/media?parent=33027"}],"wp:term":[{"taxonomy":"product_cat","embeddable":true,"href":"https:\/\/e.kosmolat.eu\/lv\/wp-json\/wp\/v2\/product_cat?post=33027"},{"taxonomy":"product_tag","embeddable":true,"href":"https:\/\/e.kosmolat.eu\/lv\/wp-json\/wp\/v2\/product_tag?post=33027"}],"curies":[{"name":"wp","href":"https:\/\/api.w.org\/{rel}","templated":true}]}}