{"id":33023,"date":"2023-12-21T18:01:06","date_gmt":"2023-12-21T18:01:06","guid":{"rendered":"https:\/\/e.kosmolat.eu\/product\/dd-pasta-kajam-darvas-75-ml\/"},"modified":"2026-04-22T13:34:10","modified_gmt":"2026-04-22T13:34:10","slug":"dd-pasta-kajam-darvas-75-ml","status":"publish","type":"product","link":"https:\/\/e.kosmolat.eu\/lv\/product\/dd-pasta-kajam-darvas-75-ml\/","title":{"rendered":"&#8220;DD&#8221; Pasta k\u0101j\u0101m &#8220;Darvas&#8221;, 75 ml"},"content":{"rendered":"<p>Ar t\u0113jas koka e\u013c\u013cu. Pastas efekta pamat\u0101 ir b\u0113rza darva, kas mazina niezi, aps\u0101rtumu un \u0101das kairin\u0101jumu.<\/p>\n<ul>\n<li>B\u0113rza darvai piem\u012bt prets\u0113n\u012b&scaron;u iedarb\u012bba un to izmanto pret \u0101das s\u0113n\u012bti.<\/li>\n<li>T\u0113jaskoka e\u013c\u013ca pastiprina b\u0113rza darvas iedarb\u012bbu. Piem\u012bt antiseptiskas un prets\u0113n\u012b&scaron;u \u012bpa&scaron;\u012bbas.<\/li>\n<\/ul>\n<p><strong>Lieto&scaron;ana:<\/strong>&nbsp;pirms pastas lieto&scaron;anas, lab\u0101ka efekta sasnieg&scaron;anai, iesk\u0101m izmantot Doma&scaron;\u0146ij Doktor vanni\u0146u ar baltegli. Nelielu daudzumu pastas uzkl\u0101t uz problem\u0101tisk\u0101s vietas, atst\u0101t, l\u012bdz piln\u012bb\u0101 ies\u016bcas. Lietot 1 &#8211; 2 reizes dien\u0101.<\/p>\n","protected":false},"excerpt":{"rendered":"<p>Ar t\u0113jas koka e\u013c\u013cu. Pastas efekta pamat\u0101 ir b\u0113rza darva, kas mazina niezi, aps\u0101rtumu un \u0101das kairin\u0101jumu. B\u0113rza darvai piem\u012bt prets\u0113n\u012b&scaron;u iedarb\u012bba un to izmanto pret \u0101das s\u0113n\u012bti. T\u0113jaskoka e\u013c\u013ca pastiprina b\u0113rza darvas iedarb\u012bbu. Piem\u012bt antiseptiskas un prets\u0113n\u012b&scaron;u \u012bpa&scaron;\u012bbas. Lieto&scaron;ana:&nbsp;pirms pastas lieto&scaron;anas, lab\u0101ka efekta sasnieg&scaron;anai, iesk\u0101m izmantot Doma&scaron;\u0146ij Doktor vanni\u0146u ar baltegli. Nelielu daudzumu pastas [&#8230;]\n","protected":false},"featured_media":96618,"template":"","meta":[],"product_cat":[1999],"product_tag":[],"class_list":{"0":"post-33023","1":"product","2":"type-product","3":"status-publish","4":"has-post-thumbnail","6":"product_brand-elfa_ua","7":"product_cat-bez-kategorijas","9":"first","10":"instock","11":"taxable","12":"shipping-taxable","13":"product-type-simple"},"_links":{"self":[{"href":"https:\/\/e.kosmolat.eu\/lv\/wp-json\/wp\/v2\/product\/33023","targetHints":{"allow":["GET"]}}],"collection":[{"href":"https:\/\/e.kosmolat.eu\/lv\/wp-json\/wp\/v2\/product"}],"about":[{"href":"https:\/\/e.kosmolat.eu\/lv\/wp-json\/wp\/v2\/types\/product"}],"wp:featuredmedia":[{"embeddable":true,"href":"https:\/\/e.kosmolat.eu\/lv\/wp-json\/wp\/v2\/media\/96618"}],"wp:attachment":[{"href":"https:\/\/e.kosmolat.eu\/lv\/wp-json\/wp\/v2\/media?parent=33023"}],"wp:term":[{"taxonomy":"product_cat","embeddable":true,"href":"https:\/\/e.kosmolat.eu\/lv\/wp-json\/wp\/v2\/product_cat?post=33023"},{"taxonomy":"product_tag","embeddable":true,"href":"https:\/\/e.kosmolat.eu\/lv\/wp-json\/wp\/v2\/product_tag?post=33023"}],"curies":[{"name":"wp","href":"https:\/\/api.w.org\/{rel}","templated":true}]}}