{"id":33019,"date":"2023-12-21T18:00:37","date_gmt":"2023-12-21T18:00:37","guid":{"rendered":"https:\/\/e.kosmolat.eu\/product\/dd-balzams-kaju-ierivesanai-75-ml\/"},"modified":"2026-04-14T10:36:23","modified_gmt":"2026-04-14T10:36:23","slug":"dd-balzams-kaju-ierivesanai-75-ml","status":"publish","type":"product","link":"https:\/\/e.kosmolat.eu\/lv\/product\/dd-balzams-kaju-ierivesanai-75-ml\/","title":{"rendered":"&#8220;DD&#8221; Balzams &#8220;K\u0101ju ier\u012bv\u0113\u0161anai&#8221;, 75 ml"},"content":{"rendered":"<p>Ar d\u0113\u013cu ekstraktu un zirgkasta\u0146u. D\u0113\u013cu ekstraktam piem\u012bt pretiekaisuma un trombol\u012btiska iedarb\u012bba. Zirgkasta\u0146as ekstrakts toniz\u0113, nostiprina asinsvadus, uzlabo asins un limfas cirkul\u0101ciju. Balzama efekta un vesel\u012bguma pamat\u0101 ir atsevi&scaron;\u0137as balzama sast\u0101vda\u013cas.<\/p>\n<p><strong>Lieto&scaron;ana:<\/strong> nelielu daudzumu balzama ar viegl\u0101m mas\u0113jo&scaron;\u0101m kust\u012bb\u0101m uzkl\u0101t uz problem\u0101tiskaj\u0101m viet\u0101m virzien\u0101 no apak&scaron;as uz aug&scaron;u (no p\u0113d\u0101m l\u012bdz gurniem).<\/p>\n<p><strong>Piesardz\u012bba:<\/strong> tikai \u0101r\u012bgai lieto&scaron;anai. Izvair\u012bties no nok\u013c\u016b&scaron;anas uz g\u013cot\u0101das (degun\u0101, ac\u012bs), atkl\u0101t\u0101m br\u016bc\u0113m. Nok\u013c\u016bstot ac\u012bs, t\u0101s izskalot ar \u016bdeni.<\/p>\n<p><strong>Kontrindik\u0101cijas:<\/strong> individu\u0101la jut\u012bba pret sast\u0101vda\u013c\u0101m, vecums &#8211; no 18 gadiem.<\/p>\n<p><strong>Uzglab\u0101&scaron;ana: <\/strong>temperat\u016br\u0101&nbsp;no +5 &deg;C l\u012bdz +25 &deg;C.<\/p>\n","protected":false},"excerpt":{"rendered":"<p>Ar d\u0113\u013cu ekstraktu un zirgkasta\u0146u. D\u0113\u013cu ekstraktam piem\u012bt pretiekaisuma un trombol\u012btiska iedarb\u012bba. Zirgkasta\u0146as ekstrakts toniz\u0113, nostiprina asinsvadus, uzlabo asins un limfas cirkul\u0101ciju. Balzama efekta un vesel\u012bguma pamat\u0101 ir atsevi&scaron;\u0137as balzama sast\u0101vda\u013cas. Lieto&scaron;ana: nelielu daudzumu balzama ar viegl\u0101m mas\u0113jo&scaron;\u0101m kust\u012bb\u0101m uzkl\u0101t uz problem\u0101tiskaj\u0101m viet\u0101m virzien\u0101 no apak&scaron;as uz aug&scaron;u (no p\u0113d\u0101m l\u012bdz gurniem). Piesardz\u012bba: tikai \u0101r\u012bgai [&#8230;]\n","protected":false},"featured_media":78111,"template":"","meta":[],"product_cat":[1761],"product_tag":[],"class_list":{"0":"post-33019","1":"product","2":"type-product","3":"status-publish","4":"has-post-thumbnail","6":"product_brand-elfa_ua","7":"product_cat-kaju-kopsanas-kosmetika","9":"first","10":"outofstock","11":"taxable","12":"shipping-taxable","13":"product-type-simple"},"_links":{"self":[{"href":"https:\/\/e.kosmolat.eu\/lv\/wp-json\/wp\/v2\/product\/33019","targetHints":{"allow":["GET"]}}],"collection":[{"href":"https:\/\/e.kosmolat.eu\/lv\/wp-json\/wp\/v2\/product"}],"about":[{"href":"https:\/\/e.kosmolat.eu\/lv\/wp-json\/wp\/v2\/types\/product"}],"wp:featuredmedia":[{"embeddable":true,"href":"https:\/\/e.kosmolat.eu\/lv\/wp-json\/wp\/v2\/media\/78111"}],"wp:attachment":[{"href":"https:\/\/e.kosmolat.eu\/lv\/wp-json\/wp\/v2\/media?parent=33019"}],"wp:term":[{"taxonomy":"product_cat","embeddable":true,"href":"https:\/\/e.kosmolat.eu\/lv\/wp-json\/wp\/v2\/product_cat?post=33019"},{"taxonomy":"product_tag","embeddable":true,"href":"https:\/\/e.kosmolat.eu\/lv\/wp-json\/wp\/v2\/product_tag?post=33019"}],"curies":[{"name":"wp","href":"https:\/\/api.w.org\/{rel}","templated":true}]}}